{"id":714,"date":"2020-03-18T20:25:26","date_gmt":"2020-03-19T00:25:26","guid":{"rendered":"http:\/\/www.montclair.edu\/center-for-community-engagement\/?page_id=714"},"modified":"2023-03-17T10:20:53","modified_gmt":"2023-03-17T14:20:53","slug":"2019-2021-community-engaged-teaching-and-learning-fellows","status":"publish","type":"page","link":"https:\/\/www.montclair.edu\/center-for-community-engagement\/for-faculty\/2019-2021-community-engaged-teaching-and-learning-fellows\/","title":{"rendered":"2019-2021 Community-Engaged Teaching and Learning Fellows"},"content":{"rendered":"<p>View more about the members of the Community-Engaged Teaching and Learning Fellows Program for the Academic Years 2019 &#8211; 2021 below.<\/p>\n<div class=\"prpl-row\"><div class=\"prpl-column one-third\">\n<figure class=\"responsive-image-holder wp-caption alignnone\"><img decoding=\"async\" class=\"mlt-responsive-image\" data-original-image=\"\/center-for-community-engagement\/wp-content\/uploads\/sites\/217\/2019\/12\/BVega.jpg\" src=\"\/responsive-media\/cache\/center-for-community-engagement\/wp-content\/uploads\/sites\/217\/2019\/12\/BVega.jpg.0.1x.generic.jpg\" alt=\"Vega\"\/><\/figure>\n<\/div><br \/>\n<div class=\"prpl-column two-thirds\"><strong>Dr. Blanca E. Vega<\/strong><br \/>\nAssistant Professor, Higher Education<br \/>\nDepartment of Education Leadership<br \/>\nOffice Location: University Hall 2191<br \/>\nEmail: <a href=\"mailto:vegab@montclair.edu\">vegab@montclair.edu<\/a>\n<p>A native New Yorker, Dr. Blanca E. Vega is the daughter of Ecuadorian immigrants. Dr. Vega is currently an Assistant Professor of Higher Education at Montclair State University. She earned a doctorate (Ed.D) from the Higher and Postsecondary Education program at Teachers College, Columbia University. During and prior to that time, she worked in various administrative positions within higher education spanning over 16 years. Some of these areas include financial aid counseling and coordinating and directing New York State opportunity programs such as the Liberty Partnerships Program (LPP) and the Higher Education Opportunity Program (HEOP). Dr. Vega earned a Bachelor of Arts degree in Anthropology from Brandeis University and a Master of Arts degree in Higher Education at New York University.<\/p>\n<p>Dr. Vega&#8217;s scholarship broadly focuses on equity, access, and success in higher education among underserved populations. Her primary area of research situates racism as one of multiple barriers that affects higher education experiences and success \u2013 not just for students, but also for administrators and faculty. She is currently studying racial incidents in higher education and organizational responses to these incidents. Her secondary area of research explores leadership and policymaking and their impact on support for undocumented student in higher education, particularly in increasingly anti-immigrant political environment. Finally, Dr. Vega continues to explore Latinx intellectualism in higher education curriculum, instruction, and the professoriate.<\/p>\n<\/div><\/div><div class=\"prpl-row\">\n<div class=\"prpl-column one-third\">\n<figure class=\"responsive-image-holder wp-caption alignnone\"><img decoding=\"async\" class=\"mlt-responsive-image\" data-original-image=\"\/center-for-community-engagement\/wp-content\/uploads\/sites\/217\/2019\/12\/Photo-for-Jimin.jpeg\" src=\"\/responsive-media\/cache\/center-for-community-engagement\/wp-content\/uploads\/sites\/217\/2019\/12\/Photo-for-Jimin.jpeg.0.1x.generic.jpg\" alt=\"headshot\"\/><\/figure>\n<\/div><br \/>\n<div class=\"prpl-column two-thirds\"><strong>Kathryn Curto<\/strong><br \/>\nAdjunct Faculty<br \/>\nDepartment of English<br \/>\nOffice Location: Dickson 115<br \/>\nEmail: <a href=\"mailto:curtok@montclair.edu\">curtok@montclair.edu<\/a>\n<p>Kathy Curto teaches at\u00a0The Writing Institute and\u00a0Montclair State University. She is the author of <em>Not for Nothing-Glimpses into a Jersey Girlhood<\/em>, published by Bordighera Press. Her work has been featured on NPR, in the essay collection, <em>Listen to Your Mother:\u00a0 What She Said Then, What We\u2019re Saying Now,\u00a0<\/em>and in<em>\u00a0The New York Times, Barrelhouse, La Voce di New York, Drift, Talking Writing,<\/em>\u00a0<em>The Inquisitive Eater, Voices in Italian Americana, Ovunque Siamo and Lumina.\u00a0<\/em>She has been the recipient of the Kathryn Gurfein Writing Fellowship, the Montclair State University Engaged Teaching Fellowship and also serves on the faculty of the\u00a0Joe Papaleo Writers\u2019 Workshop in Cetara, Italy. Kathy and her family live in the Hudson Valley.<\/p>\n<\/div><\/div><div class=\"prpl-row\">\n<div class=\"prpl-column one-third\">\n<figure class=\"responsive-image-holder wp-caption alignnone\"><img decoding=\"async\" class=\"mlt-responsive-image\" data-original-image=\"\/center-for-community-engagement\/wp-content\/uploads\/sites\/217\/2019\/12\/NAF-headshot.jpg\" src=\"\/responsive-media\/cache\/center-for-community-engagement\/wp-content\/uploads\/sites\/217\/2019\/12\/NAF-headshot.jpg.0.1x.generic.jpg\" alt=\"NAF\"\/><\/figure>\n<\/div><br \/>\n<div class=\"prpl-column two-thirds\"><strong>Nicole A. Fackina<\/strong><br \/>\nDirector, Paralegal Studies Program<br \/>\nAdjunct Professor<br \/>\nDepartment of Justice Studies<br \/>\nOffice Location: Dickson 330<br \/>\nEmail: <a href=\"mailto:fackinan@montclair.edu\">fackinan@montclair.edu<\/a>\n<p>Nicole A. Fackina is the Director of the award-winning American Bar Association (ABA) Approved Paralegal Studies Program at Montclair State University (MSU).\u00a0 Nicole is a proud MSU alumna, she obtained her BA in Justice Studies with a concentration in Justice Systems with minors in Pre-Law and Sociology in 2002, her MA in Legal Studies with a concentration in Dispute Resolution in 2005 and completed the Paralegal Studies Certificate in 2006.\u00a0 She has been an adjunct professor for 15 years, teaching a variety of Justice Studies and Paralegal Studies courses.\u00a0 Nicole currently serves as an academic advisor to over 200 Paralegal Studies students in the program. \u00a0She has received the Professing Excellence Award from MSU for Outstanding Dedication to Student Education, the Dean\u2019s Recognition Award for Outstanding Service and the National Academic Advising Association (NACADA) Certificate of Merit for New Outstanding Academic Advisor.\u00a0 MSU\u2019s ABA Approved Paralegal Studies Program, under her direction was named, \u201c<em>The Best of the Best in New Jersey<\/em>\u201d by ParalegalEDU in 2018, and the program was recently ranked #3 in \u201c<em>the 25 Best Bachelor\u2019s in Paralegal Degree Programs\u201d<\/em> for 2020 by Bachelor\u2019s Degree Center.\u00a0 Nicole is excited to bring service learning and community engagement to the Paralegal Studies Program to ensure new and innovative ways to deliver and enhance the applied learning experience for all students.<\/p>\n<\/div><\/div><div class=\"prpl-row\">\n<div class=\"prpl-column one-third\">\n<figure class=\"responsive-image-holder wp-caption alignnone\"><img decoding=\"async\" class=\"mlt-responsive-image\" data-original-image=\"\/center-for-community-engagement\/wp-content\/uploads\/sites\/217\/2020\/01\/Screen-Shot-2020-01-06-at-4.29.28-PM.png\" src=\"\/responsive-media\/cache\/center-for-community-engagement\/wp-content\/uploads\/sites\/217\/2020\/01\/Screen-Shot-2020-01-06-at-4.29.28-PM.png.0.1x.generic.jpg\" alt=\"headshot\"\/><\/figure>\n<\/div><br \/>\n<div class=\"prpl-column two-thirds\"><strong>Rosa Espinal-Perez<\/strong><br \/>\nAdjunct Professor<br \/>\nDepartment of Teaching and Learning<br \/>\nEmail: <a href=\"mailto:espinalperer@montclair.edu\">espinalperer@montclair.edu<\/a>\n<p>Rosa Espinal-Perez graduated from Seton Hall University with an undergraduate degree in Psychology &amp; Education and a graduate degree in School Counseling from Montclair State University. She started her teaching career as an Elementary teacher in Newark Public Schools. She worked for the NJ Department of Education, Department of Early Literacy as a Reading Coach from 2003-2009.<\/p>\n<p>Rosa Espinal-Perez is currently a 7<sup>th<\/sup> grade English Teacher for Linden Public Schools and a Middle School Reading Coach since 2009. In addition has been an adjunct professor at Montclair State University Department of Teaching &amp; Learning since 2008.<\/p>\n<\/div><\/div><div class=\"prpl-row\">\n<div class=\"prpl-column one-third\">\n<figure class=\"responsive-image-holder wp-caption alignnone\"><img decoding=\"async\" class=\"mlt-responsive-image\" data-original-image=\"\/center-for-community-engagement\/wp-content\/uploads\/sites\/217\/2020\/01\/Headshot-green.jpg\" src=\"\/responsive-media\/cache\/center-for-community-engagement\/wp-content\/uploads\/sites\/217\/2020\/01\/Headshot-green.jpg.0.1x.generic.jpg\" alt=\"Green\"\/><\/figure>\n<\/div><br \/>\n<div class=\"prpl-column two-thirds\"><strong>Kaitlin Stilwell<\/strong><br \/>\nAdjunct Professor<br \/>\nDepartment of Theatre and Dance<br \/>\nEmail: <a href=\"mailto:stilwellk@montclair.edu\">stilwellk@montclair.edu<\/a>\n<p>Kaitlin Stilwell (Adjunct Faculty, BA Theatre Studies, Department of Theatre &amp; Dance) is a dramaturg specializing in new play development and audience and community engagement. She has previously worked at McCarter Theatre, the Southern Writers\u2019 Project and the mainstage at the Alabama Shakespeare Festival, and Luna Stage. Along with Cheryl Katz, she is currently a Co-Director of The New Jersey Play Lab. At MSU, Kaitlin teaches Theatre in Society, Drama in Text, and Student New Play Festival, and assists on Theatre for Community Impact, taught by CETL fellow Jessica Brater. Kaitlin is a co-curator of the Acts of Resistance Reading Series, a program of theatrical events and discussions designed to spark conversation and action around important issues including racism, sexism, nativism, and fascism in our country and on our campus, produced by the BA Theatre Studies program.<\/p>\n<\/div><\/div><div class=\"prpl-row\">\n<div class=\"prpl-column one-third\">\n<figure class=\"responsive-image-holder wp-caption alignnone\"><img decoding=\"async\" class=\"mlt-responsive-image\" data-original-image=\"\/center-for-community-engagement\/wp-content\/uploads\/sites\/217\/2019\/12\/MCP-Headshot.jpg\" src=\"\/responsive-media\/cache\/center-for-community-engagement\/wp-content\/uploads\/sites\/217\/2019\/12\/MCP-Headshot.jpg.0.1x.generic.jpg\" alt=\"MCP\"\/><\/figure>\n<\/div><br \/>\n<div class=\"prpl-column two-thirds\"><strong>Dr. Maria Cio\u00e8-Pe\u00f1a<\/strong><br \/>\nAssistant Professor<br \/>\nDepartment of Teaching and Learning<br \/>\nEmail: <a href=\"mailto:cioepenam@montclair.edu\">cioepenam@montclair.edu<\/a>\n<p>Mar\u00eda Cio\u00e8-Pe\u00f1a earned her PhD in the Urban Education from The Graduate Center &#8211; City University of New York, where she was also\u00a0an Advance Research Collaborative fellow and a Presidential MAGNET Fellow. In 2019, Mar\u00eda was named the first-place winner for Outstanding Dissertation by the National Association for Bilingual Education (NABE).\u00a0She is a former elementary school teacher whose passion for children and social justice in education pushes her to fight for equity and full inclusion for children of diverse backgrounds and abilities.\u00a0 With a B.A. in English and a M.S.Ed. in teaching urban students with disabilities, Mar\u00eda\u2019s research focuses on bilingual children with dis\/abilities, their families and their ability to access multilingual learning spaces within public schools. Her interests are deeply rooted in language practices and dis\/ability awareness within schools and families. Mar\u00eda is currently an Assistant Professor and a Community-Engaged Teaching Fellow at Montclair State University.<\/p>\n<\/div><\/div>\n<div class=\"prpl-row\"><div class=\"prpl-column one-third\">\n<figure class=\"responsive-image-holder wp-caption alignnone\"><img decoding=\"async\" class=\"mlt-responsive-image\" data-original-image=\"\/center-for-community-engagement\/wp-content\/uploads\/sites\/217\/2019\/06\/Wissner-2017-Headshot-WoW.jpg\" src=\"\/responsive-media\/cache\/center-for-community-engagement\/wp-content\/uploads\/sites\/217\/2019\/06\/Wissner-2017-Headshot-WoW.jpg.0.1x.generic.jpg\" alt=\"Reba Wissner\"\/><\/figure>\n<\/div><br \/>\n<div class=\"prpl-column two-thirds\"><strong>Dr. Reba Wissner<\/strong><br \/>\nAdjunct Faculty, Cali School of Music<br \/>\nEmail: <a href=\"mailto:wissnerr@montclair.edu\">wissnerr@montclair.edu<\/a>\n<p>Reba Wissner (John J. Cali School of Music) received her MFA and PhD in musicology from Brandeis University and her BA in Music and Italian from Hunter College of the City University of New York. She is the author of articles on seventeenth-century Venetian opera, Italian immigrant theater in New York City, music in 1950s and 1960s television, and music history pedagogy and has presented her research on these topics at conferences throughout the United States and Europe. She is the author of <em>A Dimension of Sound: Music in The Twilight Zone<\/em> (Pendragon Press, 2013) and <em>We Will Control All That You Hear: The Outer Limits and the Aural Imagination<\/em> (Pendragon Press, 2016) and is currently working on both her third book, <em>Music and the Atomic Bomb in American Television, 1950-1969<\/em> (under contract with Peter Lang International Academic Publishers, forthcoming in 2020) and a collaborative book and database project called <em>Cues and Contracts: Music and the American Television Industry<\/em> that examines music cues and their reuses, as well as administrative documents related to American television music production. She is also co-editing a volume on the music and sound design in <em>Twin Peaks<\/em>. Dr. Wissner is the recipient of numerous awards and grants including a Sight and Sound Subvention from the Society for American Music, a James and Sylvia Thayer Short-Term Research Fellowship from UCLA, a Wallis Annenberg Research Grant from the University of Southern California, and a 2018 recipient of a research and teaching service award from the Montclair State University Adjunct Union Local 6025. During the 2017-2018 academic year, she was an Engaged Teaching Fellow at Montclair and this year she is serving as a program mentor. Aside from Montclair, Dr. Wissner also teaches at New York University, Westminster Choir College of Rider University, and Ramapo College of New Jersey.<br \/>\n<\/p><\/div><\/p><\/div>\n","protected":false},"excerpt":{"rendered":"<p>View more about the members of the Community-Engaged Teaching and Learning Fellows Program for the Academic Years 2019 &#8211; 2021 below.<\/p>\n","protected":false},"author":194,"featured_media":2436,"parent":30,"menu_order":4,"comment_status":"closed","ping_status":"closed","template":"","meta":{"inline_featured_image":false,"footnotes":""},"class_list":["post-714","page","type-page","status-publish","has-post-thumbnail","hentry"],"_links":{"self":[{"href":"https:\/\/www.montclair.edu\/center-for-community-engagement\/wp-json\/wp\/v2\/pages\/714","targetHints":{"allow":["GET"]}}],"collection":[{"href":"https:\/\/www.montclair.edu\/center-for-community-engagement\/wp-json\/wp\/v2\/pages"}],"about":[{"href":"https:\/\/www.montclair.edu\/center-for-community-engagement\/wp-json\/wp\/v2\/types\/page"}],"author":[{"embeddable":true,"href":"https:\/\/www.montclair.edu\/center-for-community-engagement\/wp-json\/wp\/v2\/users\/194"}],"replies":[{"embeddable":true,"href":"https:\/\/www.montclair.edu\/center-for-community-engagement\/wp-json\/wp\/v2\/comments?post=714"}],"version-history":[{"count":11,"href":"https:\/\/www.montclair.edu\/center-for-community-engagement\/wp-json\/wp\/v2\/pages\/714\/revisions"}],"predecessor-version":[{"id":2431,"href":"https:\/\/www.montclair.edu\/center-for-community-engagement\/wp-json\/wp\/v2\/pages\/714\/revisions\/2431"}],"up":[{"embeddable":true,"href":"https:\/\/www.montclair.edu\/center-for-community-engagement\/wp-json\/wp\/v2\/pages\/30"}],"wp:featuredmedia":[{"embeddable":true,"href":"https:\/\/www.montclair.edu\/center-for-community-engagement\/wp-json\/wp\/v2\/media\/2436"}],"wp:attachment":[{"href":"https:\/\/www.montclair.edu\/center-for-community-engagement\/wp-json\/wp\/v2\/media?parent=714"}],"curies":[{"name":"wp","href":"https:\/\/api.w.org\/{rel}","templated":true}]}}