{"id":286,"date":"2022-06-13T10:05:16","date_gmt":"2022-06-13T14:05:16","guid":{"rendered":"http:\/\/www.montclair.edu\/creehs\/?page_id=286"},"modified":"2023-06-02T09:00:54","modified_gmt":"2023-06-02T13:00:54","slug":"rating-information-espanol","status":"publish","type":"page","link":"https:\/\/www.montclair.edu\/creehs\/rating-information-espanol\/","title":{"rendered":"Rating Information &#8211; Espa\u00f1ol"},"content":{"rendered":"<p><strong>Family Childcare Centers (FCC) Espa\u00f1ol<\/strong><\/p>\n<ul>\n<li><span style=\"font-weight: 400\">Las Calificaciones oficiales reanudaron el 1ero de febrero del 2023. Las Calificaciones provisionales ya no est\u00e1n disponibles.<\/span><\/li>\n<li>Un proceso simplificado ya est\u00e1 disponible para programas elegibles. Revise el <a href=\"https:\/\/www.montclair.edu\/creehs\/wp-content\/uploads\/sites\/145\/2023\/06\/Streamlined-Re-rating-Protocol-All-Programs-Spanish-5.23.23.pdf\">Protocolo para la recalificaci\u00f3n simplificada para Todos los programas<\/a> para m\u00e1s informaci\u00f3n.<\/li>\n<li>Encuentre m\u00e1s informaci\u00f3n sobre <a href=\"https:\/\/www.montclair.edu\/creehs\/fcc-ratings\/?\">el proceso de calificaci\u00f3n para programas FCC<\/a><\/li>\n<li>Revise la <a href=\"http:\/\/www.montclair.edu\/creehs\/wp-content\/uploads\/sites\/145\/2022\/06\/Spanish-Required-Documentation-for-Rating-FCCs-5.10.22-2.pdf\">Documentaci\u00f3n Requerida para Calificaci\u00f3n \u2013 FCCs \u2013 10 de mayo, 2022<\/a> (PDF)<\/li>\n<\/ul>\n","protected":false},"excerpt":{"rendered":"<p>Family Childcare Centers (FCC) Espa\u00f1ol Las Calificaciones oficiales reanudaron el 1ero de febrero del 2023. Las Calificaciones provisionales ya no est\u00e1n disponibles. Un proceso simplificado ya est\u00e1 disponible para programas elegibles. Revise el Protocolo para la recalificaci\u00f3n simplificada para Todos los programas para m\u00e1s informaci\u00f3n. Encuentre m\u00e1s informaci\u00f3n sobre el proceso de calificaci\u00f3n para programas [&hellip;]<\/p>\n","protected":false},"author":37,"featured_media":180,"parent":0,"menu_order":6,"comment_status":"closed","ping_status":"closed","template":"","meta":{"inline_featured_image":false,"footnotes":""},"class_list":["post-286","page","type-page","status-publish","has-post-thumbnail","hentry"],"_links":{"self":[{"href":"https:\/\/www.montclair.edu\/creehs\/wp-json\/wp\/v2\/pages\/286","targetHints":{"allow":["GET"]}}],"collection":[{"href":"https:\/\/www.montclair.edu\/creehs\/wp-json\/wp\/v2\/pages"}],"about":[{"href":"https:\/\/www.montclair.edu\/creehs\/wp-json\/wp\/v2\/types\/page"}],"author":[{"embeddable":true,"href":"https:\/\/www.montclair.edu\/creehs\/wp-json\/wp\/v2\/users\/37"}],"replies":[{"embeddable":true,"href":"https:\/\/www.montclair.edu\/creehs\/wp-json\/wp\/v2\/comments?post=286"}],"version-history":[{"count":7,"href":"https:\/\/www.montclair.edu\/creehs\/wp-json\/wp\/v2\/pages\/286\/revisions"}],"predecessor-version":[{"id":532,"href":"https:\/\/www.montclair.edu\/creehs\/wp-json\/wp\/v2\/pages\/286\/revisions\/532"}],"wp:featuredmedia":[{"embeddable":true,"href":"https:\/\/www.montclair.edu\/creehs\/wp-json\/wp\/v2\/media\/180"}],"wp:attachment":[{"href":"https:\/\/www.montclair.edu\/creehs\/wp-json\/wp\/v2\/media?parent=286"}],"curies":[{"name":"wp","href":"https:\/\/api.w.org\/{rel}","templated":true}]}}