{"id":759,"date":"2025-08-25T16:15:40","date_gmt":"2025-08-25T20:15:40","guid":{"rendered":"https:\/\/www.montclair.edu\/creehs\/?page_id=759"},"modified":"2026-04-01T10:46:58","modified_gmt":"2026-04-01T14:46:58","slug":"family-childcare-centers-fcc-english-espanol","status":"publish","type":"page","link":"https:\/\/www.montclair.edu\/creehs\/family-childcare-centers-fcc-english-espanol\/","title":{"rendered":"Family Childcare Centers (FCC) English\/Espa\u00f1ol"},"content":{"rendered":"<h1>Family Child Care (FCC) Programs &#8211; English<\/h1>\n<div class=\"prpl-drawer\"><div class=\"prpl-drawer-header\">FCC Official Rating Information <\/div><div class=\"prpl-drawer-content\">\n<p>To initiate a Family Childcare Center (FCC) Official Rating:<\/p>\n<ol>\n<li>Complete the <a href=\"https:\/\/docs.google.com\/forms\/d\/e\/1FAIpQLSd-QxoH1STAVODxvAPQqrdvRFZoT_gp5KPQj_7-HdiDvSXY7Q\/viewform\">Star Rating Readiness Checklist for FCCs<\/a><\/li>\n<li>Upload required documentation to <a href=\"https:\/\/www.njccis.com\/njccis\/home\">NJCCIS<\/a><\/li>\n<li>Submit the <a href=\"https:\/\/www.signupgenius.com\/go\/GNJKRating?CFID=5924bdf4-3ecb-43af-b83e-5adc20b83d69&amp;CFTOKEN=0#\/\">Two-Month Observation Window Request Form<\/a> to request your preferred two-month observation window<\/li>\n<li>Complete \u201cFile for Rating\u201d in the Grow NJ Kids dashboard of NJCCIS and email <a rel=\"noopener\" href=\"mailto:GNJKRating@montclair.edu\" target=\"_blank\">GNJKRating@montclair.edu<\/a>\u00a0to notify of submission.<\/li>\n<li style=\"list-style-type: none\"><\/li>\n<\/ol>\n<p>(Additional steps are specified in the process flow diagram below.)<\/p>\n<p><img loading=\"lazy\" decoding=\"async\" src=\"http:\/\/www.montclair.edu\/creehs\/wp-content\/uploads\/sites\/145\/2025\/08\/FCC-Process-Flow-3.20.25-731x1024.jpg\" alt=\"\" width=\"731\" height=\"1024\" \/><\/p>\n<\/div><\/div>\n<div class=\"prpl-drawer\"><div class=\"prpl-drawer-header\">FCC Streamlined Re-ratings<\/div><div class=\"prpl-drawer-content\">\n<p>To initiate an FCC streamlined re-rating:<\/p>\n<ol>\n<li>Complete the <a href=\"https:\/\/docs.google.com\/forms\/d\/e\/1FAIpQLSd-QxoH1STAVODxvAPQqrdvRFZoT_gp5KPQj_7-HdiDvSXY7Q\/viewform\">Star Rating Readiness Checklist for FCCs<\/a><\/li>\n<li>Upload training records for the provider, any alternate provider, and assistant if working at the program regularly, to <a href=\"https:\/\/www.njccis.com\/njccis\/home\">NJCCIS<\/a>. If seeking a higher Star Rating, also upload any new standards evidence.<\/li>\n<li>Submit the <a href=\"https:\/\/www.signupgenius.com\/go\/GNJKRating?CFID=5924bdf4-3ecb-43af-b83e-5adc20b83d69&amp;CFTOKEN=0#\/\">Two-Month Observation Window Request Form<\/a> to request your preferred two-month observation window<\/li>\n<li>Complete \u201cFile for Rating\u201d in the Grow NJ Kids dashboard of NJCCIS and email <a rel=\"noopener\" href=\"mailto:GNJKRating@montclair.edu\" target=\"_blank\">GNJKRating@montclair.edu<\/a><a href=\"mailto:gnjkrating@montclair.edu\"><\/a> to notify of submission<\/li>\n<\/ol>\n<p>(Additional steps are specified in the process flow diagram below)<\/p>\n<p><img loading=\"lazy\" decoding=\"async\" src=\"http:\/\/www.montclair.edu\/creehs\/wp-content\/uploads\/sites\/145\/2025\/08\/Streamlined-FCC-Process-Flow-3.20.25-756x1024.jpg\" alt=\"\" width=\"756\" height=\"1024\" \/><\/p>\n<\/div><\/div>\n<div class=\"prpl-drawer\"><div class=\"prpl-drawer-header\">Documentation&sol;Developmentally Appropriate Practices Training Requirements for FCCs<\/div><div class=\"prpl-drawer-content\">\n<ul>\n<li><a href=\"http:\/\/www.montclair.edu\/creehs\/wp-content\/uploads\/sites\/145\/2025\/09\/FINAL-FCC-Self-Assessment-and-Guidance-7-27-17-FE-1.pdf\">FCC Self-assessment and Guidance Document \u2013 July 27, 2017 (PDF)<\/a><\/li>\n<li><a href=\"http:\/\/www.montclair.edu\/creehs\/wp-content\/uploads\/sites\/145\/2025\/11\/Point-Requirements-FCCs-11.3.25.pdf\">Points Requirements for FCCs \u2013 November 3, 2025 (PDF)<\/a><\/li>\n<li><a href=\"http:\/\/www.montclair.edu\/creehs\/wp-content\/uploads\/sites\/145\/2025\/09\/Developmentally-Appropriate-Practices-Trainings-4.25.22.pdf\">Developmentally Appropriate Practices Trainings \u2013 April 25, 2022 (PDF)<\/a><\/li>\n<li><a href=\"http:\/\/www.montclair.edu\/creehs\/wp-content\/uploads\/sites\/145\/2025\/11\/Streamlined-Re-rating-Protocol-All-Programs-11.3.25-1.pdf\">Streamlined Re-rating Protocol for All Programs \u2013 November 3, 2025 (PDF)<\/a><\/li>\n<\/ul>\n<\/div><\/div>\n<p><em><span style=\"font-weight: 400\">Note: All shared files are working documents with the date of the latest version in the footer.<\/span><\/em><\/p>\n<h1>Programas de Cuidado Familiar Infantil (FCC) &#8211; Espa\u00f1ol<\/h1>\n<div class=\"prpl-drawer\"><div class=\"prpl-drawer-header\">Informaci&oacute;n sobre calificaciones oficiales para FCC<\/div><div class=\"prpl-drawer-content\">\n<p>Para iniciar una Calificaci\u00f3n Oficial para programas de Cuidado Familiar Infantil (FCC):<\/p>\n<ol>\n<li>Complete la <a href=\"https:\/\/docs.google.com\/forms\/d\/e\/1FAIpQLSd-QxoH1STAVODxvAPQqrdvRFZoT_gp5KPQj_7-HdiDvSXY7Q\/viewform\">Lista de Verificaci\u00f3n de Preparaci\u00f3n para Calificaci\u00f3n por Estrellas<\/a><\/li>\n<li>Suba la documentaci\u00f3n requerida a <a href=\"https:\/\/www.njccis.com\/njccis\/home\">NJCCIS<\/a><\/li>\n<li>Envia el <a href=\"https:\/\/www.signupgenius.com\/go\/GNJKRating?CFID=5924bdf4-3ecb-43af-b83e-5adc20b83d69&amp;CFTOKEN=0#\/\">Formulario de solicitud de ventana de observaci\u00f3n de dos meses<\/a> para solicitar su ventana de observacion preferido<\/li>\n<li>Completar \u201cFile For Rating\u201d en la consola de Grow NJ Kids en NJCCIS y mande un correo electr\u00f3nico a <a rel=\"noopener\" href=\"mailto:GNJKRating@montclair.edu\" target=\"_blank\">GNJKRating@montclair.edu<\/a><a href=\"mailto:GNJKrating@montclair.edu\"><\/a> para notificar que su presentaci\u00f3n se ha completado<\/li>\n<\/ol>\n<p>(Pasos adicionales descritos en el diagrama del flujo del procedimiento siguiente.)<\/p>\n<p><img loading=\"lazy\" decoding=\"async\" src=\"http:\/\/www.montclair.edu\/creehs\/wp-content\/uploads\/sites\/145\/2025\/08\/FCC-Spanish-Process-Flow-3.20.25-718x1024.jpg\" alt=\"\" width=\"718\" height=\"1024\" \/><\/p>\n<\/div><\/div>\n<div class=\"prpl-drawer\"><div class=\"prpl-drawer-header\">Recalificaciones simplificadas para FCC<\/div><div class=\"prpl-drawer-content\">\n<p>Para iniciar una recalificaci\u00f3n simplificada para FCC:<\/p>\n<ol>\n<li>Completar la <a href=\"https:\/\/docs.google.com\/forms\/d\/e\/1FAIpQLSd-QxoH1STAVODxvAPQqrdvRFZoT_gp5KPQj_7-HdiDvSXY7Q\/viewform\">Lista de Verificaci\u00f3n de Preparaci\u00f3n para Calificaci\u00f3n por Estrellas<\/a><\/li>\n<li>Suba los registros de capacitaci\u00f3n del proveedor, de cualquier proveedor suplente y del asistente (si trabaja regularmente en el programa) a <a href=\"https:\/\/www.njccis.com\/njccis\/home\">NJCCIS<\/a>. Si busca una calificaci\u00f3n de estrellas superior, suba tambi\u00e9n cualquier evidencia de cumplimiento de nuevos est\u00e1ndares.<\/li>\n<li>Envia el <a href=\"https:\/\/www.signupgenius.com\/go\/GNJKRating?CFID=5924bdf4-3ecb-43af-b83e-5adc20b83d69&amp;CFTOKEN=0#\/\">Formulario de solicitud de ventana de observaci\u00f3n de dos meses<\/a> para solicitar su ventana de observacion preferido<\/li>\n<li>Completar \u2018File for Rating\u2019 en la consola de Grow NJ Kids en NJCCIS y mandar un correo electr\u00f3nico a\u00a0<a rel=\"noopener\" href=\"mailto:GNJKRating@montclair.edu\" target=\"_blank\">GNJKRating@montclair.edu<\/a><a href=\"mailto:gnjkrating@montclair.edu\"><\/a> para notificar que su presentaci\u00f3n se ha completado<\/li>\n<\/ol>\n<p>(Pasos adicionales est\u00e1n descritos en el diagrama de flujo siguiente)<\/p>\n<p><img loading=\"lazy\" decoding=\"async\" src=\"http:\/\/www.montclair.edu\/creehs\/wp-content\/uploads\/sites\/145\/2025\/08\/Streamlined-FCC-Spanish-Process-Flow-3.20.25-675x1024.jpg\" alt=\"\" width=\"675\" height=\"1024\" \/><\/p>\n<\/div><\/div>\n<div class=\"prpl-drawer\"><div class=\"prpl-drawer-header\">Requisitos de Capacitaci&oacute;n y Documentaci&oacute;n sobre Pr&aacute;cticas Apropiadas para el Desarrollo &lpar;DAP&rpar; para Proveedores de Cuidado Infantil Familiar<\/div><div class=\"prpl-drawer-content\">\n<ul>\n<li><a href=\"http:\/\/www.montclair.edu\/creehs\/wp-content\/uploads\/sites\/145\/2025\/09\/FINAL-GNJK-FCC-Self-Assessment-and-Guidance-7-27-17_SPA-FE.pdf\">Documento de referencia y autoevaluaci\u00f3n para programas de cuidado familiar infantil (FCCs) \u2013 27 de julio, 2017 (PDF)<\/a><\/li>\n<li><a href=\"http:\/\/www.montclair.edu\/creehs\/wp-content\/uploads\/sites\/145\/2025\/11\/Spanish-Point-Requirements-FCCs-11.17.25.pdf\">Documentaci\u00f3n Requerida para las Calificaciones FCC \u2013 3 de noviembre, 2025 (PDF)<\/a><\/li>\n<li><a href=\"http:\/\/www.montclair.edu\/creehs\/wp-content\/uploads\/sites\/145\/2025\/09\/Developmentally-Appropriate-Practices-Trainings-Spanish-5.10.22.pdf\">Pr\u00e1cticas Apropiadas para el Desarrollo\/Capacitaciones \u2013 20 de abril, 2022 (PDF)<\/a><\/li>\n<li><a href=\"http:\/\/www.montclair.edu\/creehs\/wp-content\/uploads\/sites\/145\/2025\/11\/Streamlined-Re-rating-Protocol-Spanish-11.17.25.pdf\">Protocolo para recalificaci\u00f3n simplificada para Todos los programas \u2013 3 de noviembre, 2025 (PDF)<\/a><\/li>\n<\/ul>\n<\/div><\/div>\n<p><em><span style=\"font-weight: 400\">Nota: Todos los documentos compartidos son documentos en curso con la fecha de la \u00faltima revisi\u00f3n al pie de p\u00e1gina.<\/span><\/em><\/p>\n","protected":false},"excerpt":{"rendered":"<p>Family Child Care (FCC) Programs &#8211; English Note: All shared files are working documents with the date of the latest version in the footer. Programas de Cuidado Familiar Infantil (FCC) &#8211; Espa\u00f1ol Nota: Todos los documentos compartidos son documentos en curso con la fecha de la \u00faltima revisi\u00f3n al pie de p\u00e1gina.<\/p>\n","protected":false},"author":431,"featured_media":180,"parent":0,"menu_order":0,"comment_status":"closed","ping_status":"closed","template":"","meta":{"inline_featured_image":false,"footnotes":""},"class_list":["post-759","page","type-page","status-publish","has-post-thumbnail","hentry"],"_links":{"self":[{"href":"https:\/\/www.montclair.edu\/creehs\/wp-json\/wp\/v2\/pages\/759","targetHints":{"allow":["GET"]}}],"collection":[{"href":"https:\/\/www.montclair.edu\/creehs\/wp-json\/wp\/v2\/pages"}],"about":[{"href":"https:\/\/www.montclair.edu\/creehs\/wp-json\/wp\/v2\/types\/page"}],"author":[{"embeddable":true,"href":"https:\/\/www.montclair.edu\/creehs\/wp-json\/wp\/v2\/users\/431"}],"replies":[{"embeddable":true,"href":"https:\/\/www.montclair.edu\/creehs\/wp-json\/wp\/v2\/comments?post=759"}],"version-history":[{"count":23,"href":"https:\/\/www.montclair.edu\/creehs\/wp-json\/wp\/v2\/pages\/759\/revisions"}],"predecessor-version":[{"id":900,"href":"https:\/\/www.montclair.edu\/creehs\/wp-json\/wp\/v2\/pages\/759\/revisions\/900"}],"wp:featuredmedia":[{"embeddable":true,"href":"https:\/\/www.montclair.edu\/creehs\/wp-json\/wp\/v2\/media\/180"}],"wp:attachment":[{"href":"https:\/\/www.montclair.edu\/creehs\/wp-json\/wp\/v2\/media?parent=759"}],"curies":[{"name":"wp","href":"https:\/\/api.w.org\/{rel}","templated":true}]}}