{"id":58,"date":"2022-02-09T10:45:24","date_gmt":"2022-02-09T15:45:24","guid":{"rendered":"https:\/\/www.montclair.edu\/hispanic-initiatives\/?page_id=58"},"modified":"2022-02-09T10:45:24","modified_gmt":"2022-02-09T15:45:24","slug":"online-success","status":"publish","type":"page","link":"https:\/\/www.montclair.edu\/hispanic-initiatives\/online-success\/","title":{"rendered":"Online Success"},"content":{"rendered":"<h2>C\u00f3mo tener \u00e9xito en las clases en l\u00ednea: consejos de uno de tus profesores<\/h2>\n<p>Queridos estudiantes,<\/p>\n<p>Como miembro de la facultad que ha ense\u00f1ado cursos en l\u00ednea e h\u00edbridos a lo largo de los a\u00f1os, he aprendido sobre las demandas y recompensas de la ense\u00f1anza y el aprendizaje a distancia. Yo quisiera que ustedes tengan \u00e9xito mientras tomamos nuestras clases en l\u00ednea, aqu\u00ed comparto algunos consejos que he acumulado a trav\u00e9s del tiempo basados en mi experiencia como profesora y lo que mis estudiantes me han dicho que los ha ayudado.<\/p>\n<h3>Dedique m\u00e1s tiempo para completar tareas en l\u00ednea de lo que lo har\u00eda en una clase presencial.<\/h3>\n<p>El aprendizaje en l\u00ednea significa que las tareas simples que haces habitualmente en un aula ahora requerir\u00e1n un poco m\u00e1s de tiempo y planificaci\u00f3n.\u00a0 Lo m\u00e1s probable es que necesites utilizar un sistema de aprendizaje como Canvas para obtener todas las instrucciones necesarias relacionadas a la clase, ya sea para leer, escuchar, y discutir. Lo m\u00e1s probable es que deber\u00e1s escribir tus respuestas.\u00a0 Es posible que vayas a tener que ver un video de tu profesor presentando. Puede ser que necesites ayuda con la tecnolog\u00eda utilizada y requieras encontrar respuestas en la internet. Lo m\u00e1s probable es que estas actividades te tomen m\u00e1s tiempo de lo esperado.\u00a0 Ten en cuenta que esto es normal y que necesitar\u00e1s ajustar tus planes. Con el tiempo te acostumbrar\u00e1s a estas pr\u00e1cticas.<\/p>\n<h3>Probablemente necesitar\u00e1s escribir m\u00e1s.<\/h3>\n<p>Como profesora de estudios de escritura, creo que esto es algo bueno.\u00a0 Escribir es una forma de dar sentido, por lo que te ayudar\u00e1 a sintetizar la informaci\u00f3n en tus clases, cualquiera sea el tema. Tu profesor\/a puede optar por hacerte preguntas y recibir las respuestas a trav\u00e9s de un panel de discusi\u00f3n, lo que puede llevar un tiempo para acostumbrarse porque habitualmente damos nuestras respuestas en clase.\u00a0 Es importante saber que escribir-para-aprender es una forma valiosa de desarrollar tus ideas. Pensar en un tema a trav\u00e9s de la escritura te ayudar\u00e1 a comprender el material del curso (o averiguar d\u00f3nde necesitas pedirle aclaraciones a tu profesor\/a). Si no est\u00e1s acostumbrado a escribir mucho en t\u00fa \u00e1rea de estudio, esta puede ser otra raz\u00f3n por la cual el trabajo en l\u00ednea te tome m\u00e1s tiempo. Y si necesitas ayuda para mejorar tu escritura, los tutores del <a href=\"https:\/\/www.montclair.edu\/center-for-writing-excellence\/\">Center for Writing Excellence<\/a> y <a href=\"https:\/\/www.montclair.edu\/writing-studies\/college-writing-studio\/\">Writing Studio<\/a> estar\u00e1n encantado de ayudarte.<\/p>\n<h3>Comunicar tus necesidades a tus profesores.<\/h3>\n<p>Tus necesidades pueden incluir todo, desde extender el tiempo de entrega de tareas, hasta querer aclarar las instrucciones, hasta ajustar las adaptaciones que ya existen.\u00a0 No siempre es f\u00e1cil decirle a tu profesor\/a cuando tienes dudas, pero es especialmente importante hacerlo cuando la clase es en l\u00ednea. Cuando los maestros y los estudiantes est\u00e1n en la misma sala, en las clases presenciales, los profesores pueden evaluar el progreso en base a expresiones faciales o el lenguaje corporal de los estudiantes.\u00a0 Es m\u00e1s dif\u00edcil obtener este tipo de indicaciones en l\u00ednea. Aprovecha las oportunidades para dar tu opini\u00f3n y comun\u00edcate individualmente cuando sea necesario. La mayor\u00eda de los profesores tendr\u00e1n horas de oficina en l\u00ednea; participa cuando puedas. Entendemos que los horarios de clase deber\u00e1n ser m\u00e1s flexibles durante esta situaci\u00f3n que por primera vez estamos pasando.<\/p>\n<h3>Cu\u00eddense<\/h3>\n<p>El cambio al aprendizaje totalmente en l\u00ednea ser\u00e1 estresante para la mayor\u00eda de nosotros y especialmente para aquellos que nunca han tomado este tipo de clases. Para ayudarnos, sugerimos descansar lo que m\u00e1s se pueda, hacer ejercicio, y encontrar momentos de relajaci\u00f3n. Mant\u00e9nganse en contacto con sus amigos y familiares.\u00a0 Encuentra maneras para distraerte durante el d\u00eda. Si te sientes deprimida\/o y si la situaci\u00f3n impacta tu salud mental, comun\u00edcate de inmediato con la oficina de<a href=\"https:\/\/www.montclair.edu\/counseling-and-psychological-services\/\"> Counseling and Psychological Services<\/a> o con alguien de tu confianza (como un profesor).<\/p>\n<p>Queremos que sepan que los profesores est\u00e1n dedicados a ayudarlos a terminar exitosamente el semestre. Estamos todos juntos en esta situaci\u00f3n.\u00a0 Ahora, mantengamos la conversaci\u00f3n en l\u00ednea.<\/p>\n<p>Professor Caroline Dadas, Director of First Year Writing<br \/>\n<a href=\"https:\/\/www.montclair.edu\/writing-studies\/\">Department of Writing Studies<\/a><br \/>\nMontclair State University<\/p>\n<p><strong>Spanish translation by:<\/strong><\/p>\n<p>Katia Paz Goldfarb<br \/>\nAssociate Provost for <a href=\"https:\/\/www.montclair.edu\/hispanic-initiatives\/\">Hispanic Initiatives<\/a><\/p>\n","protected":false},"excerpt":{"rendered":"<p>C\u00f3mo tener \u00e9xito en las clases en l\u00ednea: consejos de uno de tus profesores Queridos estudiantes, Como miembro de la facultad que ha ense\u00f1ado cursos en l\u00ednea e h\u00edbridos a lo largo de los a\u00f1os, he aprendido sobre las demandas y recompensas de la ense\u00f1anza y el aprendizaje a distancia. Yo quisiera que ustedes tengan [&hellip;]<\/p>\n","protected":false},"author":273,"featured_media":12,"parent":0,"menu_order":8,"comment_status":"closed","ping_status":"closed","template":"","meta":{"inline_featured_image":false,"footnotes":""},"class_list":["post-58","page","type-page","status-publish","has-post-thumbnail","hentry"],"_links":{"self":[{"href":"https:\/\/www.montclair.edu\/hispanic-initiatives\/wp-json\/wp\/v2\/pages\/58","targetHints":{"allow":["GET"]}}],"collection":[{"href":"https:\/\/www.montclair.edu\/hispanic-initiatives\/wp-json\/wp\/v2\/pages"}],"about":[{"href":"https:\/\/www.montclair.edu\/hispanic-initiatives\/wp-json\/wp\/v2\/types\/page"}],"author":[{"embeddable":true,"href":"https:\/\/www.montclair.edu\/hispanic-initiatives\/wp-json\/wp\/v2\/users\/273"}],"replies":[{"embeddable":true,"href":"https:\/\/www.montclair.edu\/hispanic-initiatives\/wp-json\/wp\/v2\/comments?post=58"}],"version-history":[{"count":0,"href":"https:\/\/www.montclair.edu\/hispanic-initiatives\/wp-json\/wp\/v2\/pages\/58\/revisions"}],"wp:featuredmedia":[{"embeddable":true,"href":"https:\/\/www.montclair.edu\/hispanic-initiatives\/wp-json\/wp\/v2\/media\/12"}],"wp:attachment":[{"href":"https:\/\/www.montclair.edu\/hispanic-initiatives\/wp-json\/wp\/v2\/media?parent=58"}],"curies":[{"name":"wp","href":"https:\/\/api.w.org\/{rel}","templated":true}]}}