{"id":214385,"date":"2021-01-24T15:37:05","date_gmt":"2021-01-24T20:37:05","guid":{"rendered":"http:\/\/www.montclair.edu\/inserra-chair\/?page_id=214385"},"modified":"2022-02-23T13:56:30","modified_gmt":"2022-02-23T18:56:30","slug":"italiani-che-lasciano-litalia-a-book-presentation","status":"publish","type":"page","link":"https:\/\/www.montclair.edu\/inserra-chair\/events\/2020-21-events\/italiani-che-lasciano-litalia-a-book-presentation\/","title":{"rendered":"Italiani che lasciano l\u2019Italia: Book Presentation"},"content":{"rendered":"<p><em><a href=\"https:\/\/www.libreriauniversitaria.it\/italiani-lasciano-italia-nuove-emigrazioni\/libro\/9788857557229\">Italiani che lasciano l\u2019Italia<\/a> <\/em><strong>(<em>Italians Leaving Italy, <\/em>Mimesis, 2020)<\/strong><strong>: A Book Presentation\u00a0 <span class=\"prpl-button\"><a href=\"http:\/\/www.montclair.edu\/inserra-chair\/wp-content\/uploads\/sites\/71\/2021\/02\/Italiani-Lasciano-Italia-Inserra-SP21-flyer.pdf\">FLYER<\/a><\/span><br \/>\n<\/strong><strong><br \/>\nTuesday Feb. 23\u00a0 12:15-1:30pm EST (5:15-6:30pm GMT in UK) <span class=\"prpl-button\"><a href=\"https:\/\/forms.gle\/Y2Wpp9EbcHSS96Vg6\">REGISTER FOR LINK<\/a><\/span><br \/>\nVirtual event in Italian with optional simultaneous translation (see <a href=\"#interpret\">INTERPRETATION INSTRUCTIONS<\/a>)<\/strong><\/p>\n<p>Speakers: Book co-editors <a href=\"https:\/\/www.uqar.ca\/universite\/a-propos-de-l-uqar\/departements\/departement-societes-territoires-et-developpement\/alberio-marco\">Marco Alberio<\/a> (Universit\u00e0 degli Studi di Bologna\/Universit\u00e9 du Qu\u00e9bec \u00e0 Rimouski) and <a href=\"https:\/\/docenti.unisi.it\/it\/berti\">Fabio Berti<\/a> (Universit\u00e0 di Siena)<br \/>\nRespondents:\u00a0<a href=\"https:\/\/www.montclair.edu\/profilepages\/view_profile.php?username=fiorete\">Teresa Fiore<\/a> (Montclair State University) and <a href=\"https:\/\/www.ntnu.edu\/employees\/monica.miscali\">Monica Miscali<\/a> (Norwegian University of Science and Technology)<br \/>\nModerator: <a href=\"https:\/\/www.mod-langs.ox.ac.uk\/people\/guido-bonsaver\">Guido Bonsaver<\/a> (University of Oxford)<br \/>\nInterpreters: <a href=\"https:\/\/www.lpb-interpreter.com\/\">Lilia Pino Blouin<\/a> and <a href=\"https:\/\/www.linkedin.com\/public-profile\/in\/mariagaletta?challengeId=AQFZCRO9hI-OCAAAAXes-TC3UEf-xx_dI5jnsFQ12L7xwmRqyTpec-rced4xRmrDW8y7EmtFDPtWdqdo1dQOX8CZAwyUz5JBgw&amp;submissionId=ee6dcf46-1d5b-6416-e80d-b93042206256\">Maria Galetta<\/a><\/p>\n<div class=\"prpl-row\"><div class=\"prpl-column one-half\">\n<figure class=\"responsive-image-holder wp-caption alignnone\"><a rel=\"attachment wp-att-214363\" href=\"http:\/\/www.montclair.edu\/inserra-chair\/events\/2020-21-events\/41mzgjad4dl\/\"><img decoding=\"async\" class=\"mlt-responsive-image\" data-original-image=\"\/inserra-chair\/wp-content\/uploads\/sites\/71\/2021\/01\/41mzGjAD4dL.jpg\" src=\"\/responsive-media\/cache\/inserra-chair\/wp-content\/uploads\/sites\/71\/2021\/01\/41mzGjAD4dL.jpg.0.1x.generic.jpg\" alt=\"Italian che lasciano l&apos;Italia book\"\/><\/a><\/figure>\n<\/div><div class=\"prpl-column one-half\">Between a past of emigration that is considered archived and a present of immigration that is sometimes problematic, the phenomenon of Italians who increasingly leave the country has gone mostly unnoticed in the past decade. Only recently have the social sciences begun to take an interest in young people who, due to a weak and unattractive local labor market, have started emigrating again. Between the years immediately preceding the beginning of the 2009 crisis and 2019, the Italian presence abroad increased by 70%, and Italy now occupies the 9th position in the world ranking of emigration countries. Through a series of empirical researches carried out in various countries of Europe and North America, the volume gives an account of the expectations and successes as well as difficulties and failures of new Italian emigrants, addressing both the phenomenon of emigration that produces integration into a skilled labor market and of emigration that ends up generating low-skilled and, in some cases, even under-paid workers. (From the publisher&#8217;s webpage)<\/div><\/div>\n<p>Please see here the\u00a0<a href=\"http:\/\/www.italianstudies.ox.ac.uk\/files\/iso\/italiani_che_lasciano_litalia_preview.pdf\">co-editors\u2019 introduction<\/a> to the volume (in Italian).<\/p>\n<ul>\n<li>Organized by <a href=\"http:\/\/www.italianstudies.ox.ac.uk\/\">ISO<\/a> (Italian Studies at the University of Oxford, UK) in collaboration with the <a href=\"http:\/\/www.montclair.edu\/inserra-chair\/\">Inserra Endowed Chair<\/a> at Montclair State University (USA), the Italian Sub-Faculty at Oxford University, and the Italian section of the Department of Foreign Languages at the University of Bergen (Norway)<\/li>\n<li>Linked to the <a href=\"https:\/\/www.montclair.edu\/modern-languages-and-literatures\/programs-of-study\/italian\">Italian Program<\/a> (Dept. of World Languages and Cultures)<\/li>\n<\/ul>\n<p><strong>Short link for the event&#8217;s page<\/strong>: <a href=\"https:\/\/tinyurl.com\/ItaliansLeavingItaly\">tinyurl.com\/ItaliansLeavingItaly<\/a><br \/>\n<strong>For inquiries<\/strong>: <a href=\"mailto:italianstudies@area.ox.ac.uk\">italianstudies@area.ox.ac.uk<\/a><\/p>\n<p><strong>Image credits<br \/>\n<\/strong>Banner: Lucio Fontana, &#8220;Concetto spaziale&#8221; (1966-67)<br \/>\nIllustration: Book Cover<\/p>\n<p><a name=\"interpret\"><\/a><\/p>\n<p>&nbsp;<\/p>\n<p><strong>INSTRUCTIONS FOR SIMULTANEOUS INTERPRETATION:<\/strong><\/p>\n<ul>\n<li>The event will take place on MS Teams. Live simultaneous interpreting into English will be available, via a separate platform called Ablio.<\/li>\n<li>You will need to use a <strong>second device<\/strong>, such as a cellphone\/tablet\/computer, to hear the interpreted version<\/li>\n<li>Download the (free) Ablio Audience app here: <a href=\"https:\/\/ablioconference.com\/how-it-works\">https:\/\/ablioconference.com\/how-it-works<\/a><\/li>\n<li>On the app, \u00a0insert the \u00a0\u201cevent code\u201d (F16Lbd)<\/li>\n<li>Select the language channel you need (English)<\/li>\n<li>Mute the Teams audio, and listen from your secondary device via the app<\/li>\n<\/ul>\n<figure class=\"responsive-image-holder wp-caption alignnone\"><img decoding=\"async\" class=\"mlt-responsive-image\" data-original-image=\"\/inserra-chair\/wp-content\/uploads\/sites\/71\/2021\/01\/Ablio-Audience-Look.jpg\" src=\"\/responsive-media\/cache\/inserra-chair\/wp-content\/uploads\/sites\/71\/2021\/01\/Ablio-Audience-Look.jpg.0.1x.generic.jpg\" alt=\"Ablioaudience app installation screen\"\/><\/figure>\n","protected":false},"excerpt":{"rendered":"<p>Italiani che lasciano l\u2019Italia (Italians Leaving Italy, Mimesis, 2020): A Book Presentation\u00a0 Tuesday Feb. 23\u00a0 12:15-1:30pm EST (5:15-6:30pm GMT in UK) Virtual event in Italian with optional simultaneous translation (see INTERPRETATION INSTRUCTIONS) Speakers: Book co-editors Marco Alberio (Universit\u00e0 degli Studi di Bologna\/Universit\u00e9 du Qu\u00e9bec \u00e0 Rimouski) and Fabio Berti (Universit\u00e0 di Siena) Respondents:\u00a0Teresa Fiore (Montclair [&hellip;]<\/p>\n","protected":false},"author":53,"featured_media":214398,"parent":213854,"menu_order":3,"comment_status":"closed","ping_status":"closed","template":"","meta":{"inline_featured_image":false,"footnotes":""},"class_list":["post-214385","page","type-page","status-publish","has-post-thumbnail","hentry"],"_links":{"self":[{"href":"https:\/\/www.montclair.edu\/inserra-chair\/wp-json\/wp\/v2\/pages\/214385","targetHints":{"allow":["GET"]}}],"collection":[{"href":"https:\/\/www.montclair.edu\/inserra-chair\/wp-json\/wp\/v2\/pages"}],"about":[{"href":"https:\/\/www.montclair.edu\/inserra-chair\/wp-json\/wp\/v2\/types\/page"}],"author":[{"embeddable":true,"href":"https:\/\/www.montclair.edu\/inserra-chair\/wp-json\/wp\/v2\/users\/53"}],"replies":[{"embeddable":true,"href":"https:\/\/www.montclair.edu\/inserra-chair\/wp-json\/wp\/v2\/comments?post=214385"}],"version-history":[{"count":36,"href":"https:\/\/www.montclair.edu\/inserra-chair\/wp-json\/wp\/v2\/pages\/214385\/revisions"}],"predecessor-version":[{"id":216136,"href":"https:\/\/www.montclair.edu\/inserra-chair\/wp-json\/wp\/v2\/pages\/214385\/revisions\/216136"}],"up":[{"embeddable":true,"href":"https:\/\/www.montclair.edu\/inserra-chair\/wp-json\/wp\/v2\/pages\/213854"}],"wp:featuredmedia":[{"embeddable":true,"href":"https:\/\/www.montclair.edu\/inserra-chair\/wp-json\/wp\/v2\/media\/214398"}],"wp:attachment":[{"href":"https:\/\/www.montclair.edu\/inserra-chair\/wp-json\/wp\/v2\/media?parent=214385"}],"curies":[{"name":"wp","href":"https:\/\/api.w.org\/{rel}","templated":true}]}}