{"id":219702,"date":"2025-06-08T17:22:35","date_gmt":"2025-06-08T21:22:35","guid":{"rendered":"https:\/\/www.montclair.edu\/inserra-chair\/?page_id=219702"},"modified":"2025-12-17T17:21:05","modified_gmt":"2025-12-17T22:21:05","slug":"sbarco-attivita-complementari-a-licata-7-8-e-10-luglio-2025","status":"publish","type":"page","link":"https:\/\/www.montclair.edu\/inserra-chair\/events\/events-2025-26\/sponde-quattro-progetti-per-agrigento-capitale-2025-four-projects-for-agrigento-2025\/sbarco-attivita-complementari-a-licata-7-8-e-10-luglio-2025\/","title":{"rendered":"SBARCO: Attivit\u00e0 complementari a Licata (7, 8 e 10 luglio 2025)"},"content":{"rendered":"<p><strong>\u00b7 7 e 8 luglio dalle 17:30 alle 19:30: Interviste con la comunit\u00e0 locale <\/strong>(Centro di documentazione sullo Sbarco di Licata, Largo San Salvatore) <span class=\"prpl-button\"><a href=\"http:\/\/www.montclair.edu\/inserra-chair\/wp-content\/uploads\/sites\/71\/2025\/06\/7-8-luglio-SBARCO-interviste-Licata-poster.jpg\">POSTER INTERVISTE<\/a><\/span><strong><br \/>\n<\/strong><\/p>\n<p><strong>\u00b7 10 luglio ore 11: Laboratorio pubblico sulla memorializzazione dello Sbarco a Licata <\/strong>(Museo Civico Archeologico, Piazza Sant&#8217;Angelo) <span class=\"prpl-button\"><a href=\"http:\/\/www.montclair.edu\/inserra-chair\/wp-content\/uploads\/sites\/71\/2025\/06\/10-luglio-SBARCO-laboratorio-Licata-poster.jpg\">POSTER LABORATORIO<\/a><\/span><\/p>\n<p>Una serie di incontri e scambi volti a riflettere sulla memoria dello Sbarco Alleato nel 1943 far\u00e0 da corollario all&#8217;evento centrale\u00a0 <a href=\"https:\/\/www.montclair.edu\/inserra-chair\/events\/2024-25-events\/sbarco-evocando-larrivo-degli-alleati-nel-1943-sulla-spiaggia-di-licata-9-luglio-2025\/\">SBARCO: Evocando l\u2019Arrivo degli Alleati nel 1943 sulla spiaggia di Licata<\/a> del 9 luglio (si veda <a href=\"https:\/\/www.montclair.edu\/inserra-chair\/events\/2024-25-events\/sbarco-evocando-larrivo-degli-alleati-nel-1943-sulla-spiaggia-di-licata-9-luglio-2025\/\">sito web<\/a>). Questi momenti complementari si rivolgono alla comunit\u00e0 in dialogo con studiosi e studiose del tema e con le istituzioni locali. Scopo principale di questa riflessione in linea con l&#8217;approccio della public history \u00e8 l&#8217;elaborazione di un piano articolato di memorializzazione dello sbarco a Licata da inserire in <a href=\"https:\/\/www.liberationroute.com\/\">Liberation Route Europe<\/a>, un vasto percorso memoriale transnazionale della Seconda Guerra Mondiale. Il percorso abbraccia al momento il Centro di Documentazione sullo Sbarco di Licata, promosso dall&#8217;Associazione Memento in collaborazione con l&#8217;Ente Parco della Valle dei Templi di Agrigento.<\/p>\n<p>Allo scopo di ampliare questa inclusione con ulteriori interventi nel territorio, la comunit\u00e0 locale \u00e8 invitata a condividere ricordi dello sbarco e fornire idee sul progetto nel corso di due sessioni di <strong>interviste<\/strong> che si terranno il<strong> 7 e 8 luglio dalle 17:30 alle 19:30 presso il <a href=\"https:\/\/www.liberationroute.com\/it\/pois\/2111\">Centro di Documentazione sullo Sbarco di Licata<\/a>.\u00a0<\/strong>Le interviste saranno condotte da Mila Tenaglia e Isaak Liptzin di Awen Films e da Teresa Fiore. Filone portante delle interviste saranno le domande della pi\u00f9 ampia iniziativa: <em>Cosa ricordiamo? E perch\u00e9 e come vogliamo continuare a ricordare?<\/em><\/p>\n<p>La cittadinanza \u00e8 inoltre invitata a partecipare a un <strong>laboratorio pubblico di pianificazione<\/strong> che si terr\u00e0\u00a0<strong>giovedi 10 luglio alle ore 11<\/strong> presso il <a href=\"https:\/\/parchiarcheologici.regione.sicilia.it\/valle-templi\/siti-archeologici\/museo-archeologico-regionale-della-badia-licata\/\">Museo civico archeologico della Badia di Licata<\/a> alla presenza degli esperti di storia dello sbarco attivi in Sicilia. L&#8217;incontro \u00e8 incontrato sulla discussione di diversi ipotesi di memorializzazione dello Sbarco Alleato a Licata sulla base di modelli pre-esistenti e di suggerimenti locali.<\/p>\n<p><strong>PROGRAMMA<\/strong><\/p>\n<p>Benvenuto da parte dell&#8217;ente ospitante<br \/>\nSaluti delle autorit\u00e0: Sindaco Angelo Balsamo<br \/>\nSaluto del direttore dell&#8217;Associazione Memento Arch. Antonino Cellura<\/p>\n<p>Brevi interventi moderati dalla Prof. Teresa Fiore (Montclair State University, USA)<\/p>\n<p>&#8220;Modelli di memorializzazione della Seconda guerra mondiale&#8221; &#8211; Dott. Mirco Carrattieri<\/p>\n<p>&#8220;Interventi di memorializzazione dello Sbarco realizzati a Licata&#8221; &#8211; Prof.ssa Carmela Zangara e Arch. Antonino Cellura<\/p>\n<p>&#8220;Progetti di memorializzazione dello Sbarco presenti in Sicilia&#8221; &#8211; Prof. Rosario Mangiameli<\/p>\n<p>&#8220;Progetti di public history sullo Sbarco a Gela&#8221; &#8211; Dott.ssa Chiara Ottaviano<\/p>\n<p>&#8220;Chi visita i luoghi della Seconda Guerra mondiale a Licata e perch\u00e9?&#8221; &#8211; Tony Rocchetta (Associazione Quintessenza)<\/p>\n<p>Discussione con la partecipazione della Consulta Giovanile di Licata, di docenti e studenti delle scuole (da confermare) e delle autorit\u00e0 locali, provinciali e regionali (da confermare).<\/p>\n<div class=\"prpl-row\"><div class=\"prpl-column one-third\">\n<p style=\"text-align: center\">\n<figure class=\"responsive-image-holder wp-caption alignnone\"><a rel=\"attachment wp-att-218768\" href=\"https:\/\/www.montclair.edu\/inserra-chair\/the-role-and-impact-of-public-history-projects\/mirco-carrattieri-e1708093593805\/\"><img decoding=\"async\" class=\"mlt-responsive-image\" data-original-image=\"\/inserra-chair\/wp-content\/uploads\/sites\/71\/2024\/09\/Mirco-Carrattieri-e1708093593805.jpg\" src=\"\/responsive-media\/cache\/inserra-chair\/wp-content\/uploads\/sites\/71\/2024\/09\/Mirco-Carrattieri-e1708093593805.jpg.0.1x.generic.jpg\" alt=\"Mirco-Carrattieri-\"\/><\/a><\/figure>\n<\/p><\/div><div class=\"prpl-column two-thirds\">\n<p>Mirco Carrattieri, esperto di Public History in Italia e in Europa, \u00e8 ricercatore presso l&#8217;Universit\u00e0 di Bergamo. Ha pubblicato su temi relativi ai partigiani della Prima e Seconda Guerra Mondiale e alla storiografia italiana in epoca fascista. \u00c8 stato Direttore Generale dell&#8217;Istituto Nazionale Ferruccio Parri di Milano e del Museo della Repubblica di Montefiorino e della Resistenza Italiana, che ha rappresentato nella creazione della rete &#8220;Paesaggi della Memoria&#8221;. \u00c8 il principale consulente scientifico per l&#8217;Italia e membro del comitato scientifico internazionale del progetto <a href=\"https:\/\/www.liberationroute.com\/\">Liberation Route Europe<\/a>.<span class=\"gmail-s1\"><\/span><\/p><\/div><\/span><\/p><\/div><\/span><\/p>\n<div class=\"prpl-row\"><div class=\"prpl-column one-third\">\n<p style=\"text-align: center\">\n<figure class=\"responsive-image-holder wp-caption alignnone\"><a rel=\"attachment wp-att-219732\" href=\"https:\/\/www.montclair.edu\/inserra-chair\/sbarco-attivita-complementari-a-licata-7-8-e-10-luglio-2025\/carmela\/\"><img decoding=\"async\" class=\"mlt-responsive-image\" data-original-image=\"\/inserra-chair\/wp-content\/uploads\/sites\/71\/2025\/06\/Carmela.jpg\" src=\"\/responsive-media\/cache\/inserra-chair\/wp-content\/uploads\/sites\/71\/2025\/06\/Carmela.jpg.0.1x.generic.jpg\"\/><\/a><\/figure>\n<\/p><\/div><div class=\"prpl-column two-thirds\">\n<p>Carmela Zangara, docente e ricercatrice palermitana, si \u00e8 trasferita a Licata, avviando ricerche sulla storia del territorio basata su fonti orali e documenti inediti, che hanno prodotto volumi quale <em>10 luglio 1943 lo sbarco degli americani nelle testimonianze dei licatesi<\/em>. Nel 2007, ha co-fondato l\u2019<a href=\"http:\/\/www.associazionememento.it\/\">Associazione Memento<\/a>, motore di numerose attivit\u00e0: da convegni a mostre, allestimenti, progetti con le scuole e creazione di steli commemorative. Nel 2023, in occasione dell\u201980mo anniversario, l\u2019Associazione ha promosso la nascita di un Centro di documentazione sul tema, che conserva e espone materiale documentario e fotografico raccolto presso enti e privati. <span class=\"gmail-s1\"><\/span><\/p><\/div><\/span><\/p><\/div><\/span><\/p>\n<div class=\"prpl-row\"><div class=\"prpl-column one-third\">\n<p style=\"text-align: center\">\n<figure class=\"responsive-image-holder wp-caption alignnone\"><a rel=\"attachment wp-att-219763\" href=\"https:\/\/www.montclair.edu\/inserra-chair\/sbarco-attivita-complementari-a-licata-7-8-e-10-luglio-2025\/screenshot-2025-06-10-at-7-29-19-pm\/\"><img decoding=\"async\" class=\"mlt-responsive-image\" data-original-image=\"\/inserra-chair\/wp-content\/uploads\/sites\/71\/2025\/06\/Screenshot-2025-06-10-at-7.29.19\u202fPM.png\" src=\"\/responsive-media\/cache\/inserra-chair\/wp-content\/uploads\/sites\/71\/2025\/06\/Screenshot-2025-06-10-at-7.29.19\u202fPM.png.0.1x.generic.jpg\"\/><\/a><\/figure>\n<\/p><\/div><div class=\"prpl-column two-thirds\">\n<p>Antonino Cellura \u00e8 un architetto attivo a Licata che insieme ad altri residenti locali (Maurizio Cellura, Gerardo Malfitano, Carmela Zangara, Calogero Carit\u00e0) ha fondato l\u2019<a href=\"http:\/\/www.associazionememento.it\/\">Associazione Memento<\/a>, di cui \u00e8 direttore. Creata con lo scopo di documentare e preservare la memoria dello sbarco, l&#8217;associazione vanta una lunga serie di attivit\u00e0, interventi e iniziative nel corso del tempo, da convegni a monumenti, ad allestimento di mostre, di cui ha curato proprio la realizzazione di pannelli illustrativi.<span class=\"gmail-s1\"><\/span><\/p><\/div><\/span><\/p><\/div><\/span><\/p>\n<div class=\"prpl-row\"><div class=\"prpl-column one-third\">\n<p style=\"text-align: center\">\n<figure class=\"responsive-image-holder wp-caption alignnone\"><a rel=\"attachment wp-att-219720\" href=\"https:\/\/www.montclair.edu\/inserra-chair\/sbarco-attivita-complementari-a-licata-7-8-e-10-luglio-2025\/mangiameli\/\"><img decoding=\"async\" class=\"mlt-responsive-image\" data-original-image=\"\/inserra-chair\/wp-content\/uploads\/sites\/71\/2025\/06\/mangiameli.jpg\" src=\"\/responsive-media\/cache\/inserra-chair\/wp-content\/uploads\/sites\/71\/2025\/06\/mangiameli.jpg.0.1x.generic.jpg\"\/><\/a><\/figure>\n<\/p><\/div><div class=\"prpl-column two-thirds\">\n<p><a href=\"http:\/\/gomp2012unictpublicwebsite.besmart.it\/Docenti\/Render.aspx?UID=79ebbf5c-ef1f-4ef9-bac9-112ebd767148\">Rosario Mangiameli<\/a> \u00e8 uno storico italiano specializzato in storia contemporanea e della Sicilia. \u00c8 stato professore ordinario presso l&#8217;Universit\u00e0 di Catania. Ha pubblicato saggi e libri sulla storia della mafia, della cooperazione e dei movimenti popolari, dell\u2019autonomia speciale della Sicilia e sulla nascita della Regione Siciliana. Tra le pubblicazioni relative allo sbarco e alla seconda guerra mondiale, si ricordano:<em> La Regione in guerra<\/em> (Einaudi 1987), <em>Sicily zone handbook<\/em> (Sciascia 1994), il fascicolo <em>Sicilia 1943<\/em> della rivista \u00abMeridiana\u00bb (co-curato con Salvatore Lupo) e il recente <em><a href=\"https:\/\/www.viella.it\/libro\/9791254696941\">Guerra e desiderio di pace: La Sicilia nella crisi del 1943<\/a> <\/em>(Viella 2025). <span class=\"gmail-s1\"><\/span><\/p><\/div><\/span><\/p><\/div><\/span><\/p>\n<div class=\"prpl-row\"><div class=\"prpl-column one-third\">\n<p style=\"text-align: center\">\n<figure class=\"responsive-image-holder wp-caption alignnone\"><a rel=\"attachment wp-att-219722\" href=\"https:\/\/www.montclair.edu\/inserra-chair\/sbarco-attivita-complementari-a-licata-7-8-e-10-luglio-2025\/ottaviano\/\"><img decoding=\"async\" class=\"mlt-responsive-image\" data-original-image=\"\/inserra-chair\/wp-content\/uploads\/sites\/71\/2025\/06\/ottaviano.png\" src=\"\/responsive-media\/cache\/inserra-chair\/wp-content\/uploads\/sites\/71\/2025\/06\/ottaviano.png.0.1x.generic.jpg\"\/><\/a><\/figure>\n<\/p><\/div><div class=\"prpl-column two-thirds\"><br \/>\nChiara Ottaviano \u00e8 una storica impegnata nella public history fin dalla met\u00e0 degli anni Ottanta. Ha insegnato come docente universitaria a Torino, curato mostre storiche e programmi televisivi, ha diretto e prodotto film documentari (fra cui <em>Terramatta<\/em>). Per vari e originali progetti ha diretto e coordinato team di studiosi, professionisti e studenti. \u00c8 attualmente presidente dell&#8217;<a href=\"https:\/\/www.archiviodegliiblei.it\/\">Archivio degli Iblei<\/a>. Ha firmato la regia con Andrea Giannone di <em>Gela 1943: Lo sbarco<\/em>, film documentario prodotto con il Liceo Vittorini di Gela, premiato a Modena nel giugno 2025 alla VII Conferenza nazionale dell\u2019AIPH come miglior progetto italiano dell\u2019anno nel campo della public history (<a href=\"https:\/\/www.labstoria.it\/gela1943-losbarco\/documentario\/\">trailer<\/a>).<span class=\"gmail-s1\"><\/span><\/div><\/span><\/p><\/div><\/span><\/p>\n<div class=\"prpl-row\"><div class=\"prpl-column one-third\">\n<p style=\"text-align: center\">\n<figure class=\"responsive-image-holder wp-caption alignnone\"><a rel=\"attachment wp-att-219768\" href=\"https:\/\/www.montclair.edu\/inserra-chair\/sbarco-attivita-complementari-a-licata-7-8-e-10-luglio-2025\/screenshot-2025-06-10-at-8-54-32-pm\/\"><img decoding=\"async\" class=\"mlt-responsive-image\" data-original-image=\"\/inserra-chair\/wp-content\/uploads\/sites\/71\/2025\/06\/Screenshot-2025-06-10-at-8.54.32\u202fPM.png\" src=\"\/responsive-media\/cache\/inserra-chair\/wp-content\/uploads\/sites\/71\/2025\/06\/Screenshot-2025-06-10-at-8.54.32\u202fPM.png.0.1x.generic.jpg\"\/><\/a><\/figure>\n<\/p><\/div><div class=\"prpl-column two-thirds\">\n<p>Tony Rocchetta \u00e8 presidente di <a href=\"https:\/\/www.facebook.com\/quintessenzabeb\/\">Quintessenza<\/a>, un&#8217;associazione culturale che si occupa di turismo enogastronomico ed esperienziale. Come guida locale, ha creato degli itinerari di visita dei luoghi della Seconda Guerra mondiale dai rifugi anti-aereo ai bunker lungo la costa dove sbarcarono le forze alleate nel 1943 (si veda &#8220;Il Cammino del solidato&#8221;). Agricoltore custode attivo anche sul fronte della preservazione di colture tradizionali, si relaziona da anni con il mondo della scuola, le istituzioni locali, le realt\u00e0 imprenditoriali e i visitatori attraverso progetti mirati alla valorizzazione del territorio licatese.<span class=\"gmail-s1\"><\/span><\/p><\/div><\/span><\/p><\/div><\/span><\/p>\n<div class=\"prpl-row\"><div class=\"prpl-column one-third\">\n<p style=\"text-align: center\">\n<figure class=\"responsive-image-holder wp-caption alignnone\"><a rel=\"attachment wp-att-217306\" href=\"https:\/\/www.montclair.edu\/inserra-chair\/events\/2022-23-events\/present-memories-on-the-politics-of-image-making\/arpi-pap-studio-images-12\/\"><img decoding=\"async\" class=\"mlt-responsive-image\" data-original-image=\"\/inserra-chair\/wp-content\/uploads\/sites\/71\/2023\/02\/Fiore-portrait-green-earrings-crossed-arms-scaled.jpg\" src=\"\/responsive-media\/cache\/inserra-chair\/wp-content\/uploads\/sites\/71\/2023\/02\/Fiore-portrait-green-earrings-crossed-arms-scaled.jpg.0.1x.generic.jpg\" alt=\"Teresa Fiore\"\/><\/a><\/figure>\n<\/p><\/div><div class=\"prpl-column two-thirds\">\n<p>Teresa Fiore \u00e8 titolare della cattedra Inserra di Italianistica e Italoamericanistica a Montclair State University (New Jersey, USA). Ha anche insegnato a Harvard, Yale e NYU. \u00c8 autrice del libro <em>Spazi Pre-occupati<\/em>: <em>Una rimappatura delle migrazioni transnazionali e delle eredit\u00e0 coloniali italiane <\/em>(Mondadori\/Le Monnier 2021) e di numerosi articoli sulle migrazioni da e verso l\u2019Italia. Al momento lavora a un progetto sulle pratiche alimentari durante lo sbarco degli alleati in Sicilia nel 1943 (<a href=\"https:\/\/www.montclair.edu\/inserra-chair\/events\/2018-19-events\/events-2018-19-events-food-hunger-migration-and-the-american-myth-in-sicily-at-the-time-of-the-wwii-allies-landing\/?\"><em>Food, Hunger and Migration<\/em><\/a>). Nel 2019 \u00e8 stata insignita del titolo di Cavaliere dell&#8217;Ordine della Stella d&#8217;Italia per il suo lavoro di diplomazia culturale tra Italia e USA attraverso un regolare calendario di eventi (<a href=\"http:\/\/montclair.edu\/inserra-chair\">montclair.edu\/inserra-chair<\/a>).<span class=\"gmail-s1\"><\/span><\/p><\/div><\/span><\/p><\/div><\/span><\/p>\n<p>Questo programma complementare \u00e8 stato concepito e coordinato dalla Prof.ssa Teresa Fiore e dalla Prof.ssa Carmela Zangara<br \/>\nSviluppato in collaborazione con MEMENTO, un&#8217;associazione che preserva la memoria dello sbarco a Licata, e Awen Films di New York.<br \/>\nPresentato con la co-sponsorizzazione del Comune di Licata e della Cattedra Inserra in Studi Italiani e Italoamericani di Montclair State University (New Jersey, USA) e del ristorante La Madia di Pino Cuttaia, in collaborazione con l&#8217;Ente Parco della Valle dei Templi di Agrigento e Liberation Route Italy, in collegamento con Agrigento Capitale della Cultura Italiana (progetto SPONDE).<\/p>\n<p>Immagine: <a href=\"https:\/\/www.loc.gov\/resource\/g6714l.ct007107\/?r=0.223,0.391,0.322,0.168,0\">Cartina del piano di sbarco nella zona di Licata<\/a> (documento di pubblico accesso della Library of Congress, USA)<\/p>\n<p><a rel=\"attachment wp-att-219630\" href=\"https:\/\/www.montclair.edu\/inserra-chair\/2025\/05\/17\/219556\/sbarco-stringa-loghi-bianco-1\/\"><img loading=\"lazy\" decoding=\"async\" src=\"http:\/\/www.montclair.edu\/inserra-chair\/wp-content\/uploads\/sites\/71\/2025\/05\/SBARCO-Stringa-Loghi-bianco-1-1024x173.png\" alt=\"\" width=\"1024\" height=\"173\" \/><\/a><a rel=\"attachment wp-att-219662\" href=\"https:\/\/www.montclair.edu\/inserra-chair\/events\/2024-25-events\/sbarco-evocando-larrivo-degli-alleati-nel-1943-sulla-spiaggia-di-licata-9-luglio-2025\/image002-1\/\"><img loading=\"lazy\" decoding=\"async\" src=\"http:\/\/www.montclair.edu\/inserra-chair\/wp-content\/uploads\/sites\/71\/2025\/06\/image002-1.png\" alt=\"\" width=\"326\" height=\"65\" \/> <\/a><a rel=\"attachment wp-att-219703\" href=\"https:\/\/www.montclair.edu\/inserra-chair\/sbarco-attivita-complementari-a-licata-7-8-e-10-luglio-2025\/parco-valle-templi_logo\/\"><img loading=\"lazy\" decoding=\"async\" src=\"http:\/\/www.montclair.edu\/inserra-chair\/wp-content\/uploads\/sites\/71\/2025\/06\/parco-valle-templi_logo.jpg\" alt=\"\" width=\"168\" height=\"44\" \/><\/a><a rel=\"attachment wp-att-219811\" href=\"https:\/\/www.montclair.edu\/inserra-chair\/sbarco-attivita-complementari-a-licata-7-8-e-10-luglio-2025\/lamadia_logo_marrone\/\">\u00a0 \u00a0<img loading=\"lazy\" decoding=\"async\" src=\"http:\/\/www.montclair.edu\/inserra-chair\/wp-content\/uploads\/sites\/71\/2025\/06\/LaMadia_Logo_marrone-1024x719.png\" alt=\"\" width=\"71\" height=\"50\" \/><\/a><a rel=\"attachment wp-att-219703\" href=\"https:\/\/www.montclair.edu\/inserra-chair\/sbarco-attivita-complementari-a-licata-7-8-e-10-luglio-2025\/parco-valle-templi_logo\/\"><\/a><a rel=\"attachment wp-att-219662\" href=\"https:\/\/www.montclair.edu\/inserra-chair\/events\/2024-25-events\/sbarco-evocando-larrivo-degli-alleati-nel-1943-sulla-spiaggia-di-licata-9-luglio-2025\/image002-1\/\"><\/a><\/p>\n<p>Risorse utili:<\/p>\n<p><span style=\"font-family: 'Tahoma',sans-serif\">\u2022\u00a0 <\/span><span style=\"font-family: 'Tahoma',sans-serif\">Sito della <a href=\"https:\/\/www.liberationroute.com\/\">Liberation Route Europe<\/a><\/span><\/p>\n<p><span style=\"font-family: 'Tahoma',sans-serif\">\u2022 <\/span>Incontri sulla Liberation Route Europe e sul ruolo della public history (ospite: Dott. Mirco Carrattieri) presso la Montclair State University (<a href=\"https:\/\/www.montclair.edu\/inserra-chair\/events\/2024-25-events\/the-role-and-impact-of-public-history-projects\/\">link<\/a>)<\/p>\n<p>Link corto: <a href=\"https:\/\/tinyurl.com\/SbarcoLab2025\">tinyurl.com\/SbarcoLab2025<\/a><\/p>\n","protected":false},"excerpt":{"rendered":"<p>\u00b7 7 e 8 luglio dalle 17:30 alle 19:30: Interviste con la comunit\u00e0 locale (Centro di documentazione sullo Sbarco di Licata, Largo San Salvatore) \u00b7 10 luglio ore 11: Laboratorio pubblico sulla memorializzazione dello Sbarco a Licata (Museo Civico Archeologico, Piazza Sant&#8217;Angelo) Una serie di incontri e scambi volti a riflettere sulla memoria dello Sbarco [&hellip;]<\/p>\n","protected":false},"author":53,"featured_media":219707,"parent":220679,"menu_order":2,"comment_status":"closed","ping_status":"closed","template":"","meta":{"inline_featured_image":false,"footnotes":""},"class_list":["post-219702","page","type-page","status-publish","has-post-thumbnail","hentry"],"_links":{"self":[{"href":"https:\/\/www.montclair.edu\/inserra-chair\/wp-json\/wp\/v2\/pages\/219702","targetHints":{"allow":["GET"]}}],"collection":[{"href":"https:\/\/www.montclair.edu\/inserra-chair\/wp-json\/wp\/v2\/pages"}],"about":[{"href":"https:\/\/www.montclair.edu\/inserra-chair\/wp-json\/wp\/v2\/types\/page"}],"author":[{"embeddable":true,"href":"https:\/\/www.montclair.edu\/inserra-chair\/wp-json\/wp\/v2\/users\/53"}],"replies":[{"embeddable":true,"href":"https:\/\/www.montclair.edu\/inserra-chair\/wp-json\/wp\/v2\/comments?post=219702"}],"version-history":[{"count":67,"href":"https:\/\/www.montclair.edu\/inserra-chair\/wp-json\/wp\/v2\/pages\/219702\/revisions"}],"predecessor-version":[{"id":219911,"href":"https:\/\/www.montclair.edu\/inserra-chair\/wp-json\/wp\/v2\/pages\/219702\/revisions\/219911"}],"up":[{"embeddable":true,"href":"https:\/\/www.montclair.edu\/inserra-chair\/wp-json\/wp\/v2\/pages\/220679"}],"wp:featuredmedia":[{"embeddable":true,"href":"https:\/\/www.montclair.edu\/inserra-chair\/wp-json\/wp\/v2\/media\/219707"}],"wp:attachment":[{"href":"https:\/\/www.montclair.edu\/inserra-chair\/wp-json\/wp\/v2\/media?parent=219702"}],"curies":[{"name":"wp","href":"https:\/\/api.w.org\/{rel}","templated":true}]}}