{"id":311,"date":"2017-12-06T21:05:32","date_gmt":"2017-12-06T21:05:32","guid":{"rendered":"http:\/\/www.montclair.edu\/inserra-chair\/?page_id=311"},"modified":"2019-02-28T11:40:21","modified_gmt":"2019-02-28T16:40:21","slug":"italian-translation-a-series-of-talks-with-experts-in-the-field","status":"publish","type":"page","link":"https:\/\/www.montclair.edu\/inserra-chair\/events\/2016-17-events\/italian-translation-a-series-of-talks-with-experts-in-the-field\/","title":{"rendered":"Italian Translation: A Series of Talks With Experts in the Field"},"content":{"rendered":"<p><img decoding=\"async\" src=\"http:\/\/www.montclair.edu\/media\/montclairedu\/chss\/inserra\/2016-17\/translation-400x268.jpeg\" alt=\"\" \/><br \/>\n<strong>Schmitt Hall 119 (Translation and Interpreting Lab)<br \/>\nSemester-long series<br \/>\n<\/strong><br \/>\nContinuing\u00a0<a href=\"http:\/\/www.montclair.edu\/chss\/inserra-chair\/events\/2015-16\/italian-translation\/\">last year&#8217;s in-class talks<\/a>, a series of presentations will be offered in connection with ITAL345 &#8220;Italian Translation for Tourism and Cultural Promotion&#8221; taught by Dr. Marisa Trubiano. The series will include the following speakers:<\/p>\n<ul>\n<li><a href=\"http:\/\/www.montclair.edu\/chss\/inserra-chair\/events\/2016-17\/in-class-talks\/#Laurence\">Laurence Jay-Rayon Ibrahim Aibo<\/a>\u00a0(Center for Translation and Interpreting, MSU, Director): &#8220;CAT (Computer-assisted-translation tools)&#8221; (Thur. Sept. 22, 1-2:15pm)<\/li>\n<li><strong>Chiara Marchelli\u00a0<\/strong>&#8211;\u00a0New York University: &#8220;Communication Translated&#8221; (Thur. Oct. 27, 1-2:15pm)<\/li>\n<li><strong>Elena Di Giovanni<\/strong>\u00a0&#8211; Universita&#8217; di Macerata, Italy: 1. &#8220;Reception Studies in Audiovisual Translation: Understanding Audiences&#8221; (Thur. Nov. 17,\u00a01-2:15pm), 2. Workshop &#8220;A Hands-on Workshop on Access Services for the Blind for Opera and Theater&#8221; (Tue. Nov. 22, 2:30-4:30pm) &#8211; Please Note: The second lecture is part of the\u00a0<a href=\"http:\/\/www.montclair.edu\/chss\/center-translation-interpreting\/translation-lunch-series\/\">Translation Lunch Series<\/a>\u00a0of the\u00a0<a href=\"http:\/\/www.montclair.edu\/chss\/center-translation-interpreting\/\">Center for Translation and Interpreting<\/a>.\u00a0<strong>RSVP required<\/strong>. <a href=\"http:\/\/www.montclair.edu\/chss\/inserra-chair\/events\/2016-17\/in-class-talks\/#elenatalks\">Details<\/a><\/li>\n<\/ul>\n<p><strong>In-class talk with\u00a0<strong>Laurence Jay-Rayon Ibrahim Aibo, &#8220;CAT (Computer-assisted-translation tools)&#8221;<\/strong><br \/>\n<\/strong>Computer-Assisted Translation (CAT) tools play an important part in the life of translators, especially when they are dealing with longer or repetitive texts. Such tools are used to manage terminology and reference materials, ensure consistency throughout the text, provide quality control, and preserve the formatting of source texts. In this short introductory demonstration, students will learn to use Wordfast, the CAT tool that is installed in Montclair State University&#8217;s Translation and Interpreting Lab, located in Schmitt Hall.<br \/>\n<a name=\"Laurence\"><\/a><img decoding=\"async\" src=\"http:\/\/www.montclair.edu\/media\/montclairedu\/chss\/inserra\/2016-17\/Laurence-Jay-Rayon-Ibrahim-Aibo-150x146.png\" alt=\"\" \/><strong>Laurence Jay-Rayon Ibrahim Aibo<\/strong>\u00a0was born in France and worked in Germany, East Africa, and Canada before moving to the United States in 2008. She holds an M.A. in Foreign Languages applied to translation from the Universit\u00e9 de Montpellier, France, an M.A in Translation and a Ph.D. in Translation from the Universit\u00e9 de Montr\u00e9al, Canada. She is currently the Director of the newly created Center for Translation and Interpreting at Montclair State University where she is developing new programs in professional translation and interpreting and also teaches Translation, French, and German. Before transitioning to her academic life, Laurence held various professional positions including independent translator and copywriter in Quebec, International Communications Manager for a French regional agency promoting tourism and culture, working for clients in the medical and marketing fields, and interpreting for German and British journalists. Her professional background makes her a strong supporter of creating bridges between the areas of translator training and professional translation. This semester, her French translation course embraces a service learning component, i.e., translating training materials for French-speaking immigrants at the International Rescue Committee. The main focuses of her research are the translation of African literatures, translating sound, audiobook translation, and recently translation pedagogy. She has published articles in translation journals such as\u00a0<em>Meta<\/em>,\u00a0<em>Translation, Terminologie, R\u00e9daction<\/em>,\u00a0<em>Hermeneus<\/em>, and in\u00a0<em>Research in African Literatures<\/em>.<br \/>\n<strong>In-class talk with Chiara Marchelli, &#8220;Communication Translated&#8221;<\/strong><br \/>\nHow to translate for the communication business? How to understand and decode the specific language required by each client? How to transpose the intention, mission, and identity of a campaign or an agency into another language, culture and sensibility? How to betray all of this in order to be effective? Translating is never easy, sometimes it is plain impossible. This is why translating for businesses such as Prada, 2&#215;4, Accenture, requires not only a high degree of fluency and precision, but also \u2013 and especially \u2013 what Chiara Marchelli calls the \u201c.0 skill\u201d: a mix of knowledge, expertise, imagination, creativity and, yes, disobedience.<br \/>\n<a name=\"Marchelli\"><\/a><img decoding=\"async\" src=\"http:\/\/www.montclair.edu\/media\/montclairedu\/chss\/inserra\/2016-17\/Marchelli-150x122.png\" alt=\"\" \/><strong><a href=\"http:\/\/italian.as.nyu.edu\/object\/ChiaraMarchelli.html\">Chiara Marchelli<\/a><\/strong>\u00a0was born in Aosta, Italy and obtained her MA in Oriental Languages in Venice, Italy. She lived in Belgium and Egypt before moving to New York in 1999. She has worked as a Creative Writing Professor at Pavia University and at John Cabot University in Rome. Since 2004, she has been teaching Italian, Translation and Creative Writing at\u00a0New York University. She also consults with American and Italian companies and translation agencies as a copywriter, editor and translator.<br \/>\nIn 2003 she published her first novel,\u00a0<em>Angeli e Cani<\/em>\u00a0(Marsilio), which was awarded the \u201cPremio Rapallo Carige Opera Prima.\u201d She also published a short story collection in 2007,\u00a0<em>Sotto i tuoi occhi<\/em>\u00a0(Fazi), and the novels\u00a0<em>L\u2019amore involontario<\/em>\u00a0in 2014 (Piemme), and\u00a0<em>Le mie parole per te<\/em>\u00a0(Piemme) in 2015. Her new novel,\u00a0<em>Le notti blu<\/em>, will be published in 2017 by Giulio Perrone Editore.<\/p>\n<p><strong><a name=\"elenatalks\"><\/a>Accessibility for Audiences with Diverse Abilities<br \/>\nA Talk and a Workshop by\u00a0Elena\u00a0Di Giovanni<br \/>\n<\/strong><strong>See\u00a0<a href=\"http:\/\/www.montclair.edu\/media\/montclairedu\/chss\/inserra\/2016-17\/Di-Giovanni-Talks-POSTER.pdf\">flyer<\/a><br \/>\n<\/strong><\/p>\n<p><strong>In-class talk with Elena Di Giovanni, 1. &#8220;Reception Studies in Audiovisual Translation: Understanding Audiences&#8221;<\/strong><br \/>\nAlthough still young, audiovisual translation studies have expanded at a rapid pace over the past two decades, in spatial, thematic, methodological terms. Still dominated by linguistic-based approaches, research in audiovisual translation has nonetheless seen an increase in studies focusing on the\u00a0<em>before<\/em>\u00a0and\u00a0<em>after<\/em>, i.e. on the cognitive processes underlying the creation of audiovisual translation, and on the reception of translated texts. This seminar aims to highlight the importance and impact of reception studies in audiovisual translation research and practice. Focusing on different media and presenting a series of empirical studies, we shall discuss the methodologies and tools employed to evaluate audience reception and highlight further opportunities for practitioners and researchers.<br \/>\n<strong>In-class talk with Elena Di Giovanni,<\/strong>\u00a0<strong>2. &#8220;A Hands-on Workshop on Access Services for the Blind for Opera and Theater&#8221;<\/strong><br \/>\nMaking entertainment accessible for all, i.e. catering for the needs of any audience, is increasingly central for international bodies, national governments and entertainment providers. Inclusion is today perceived as a core issue, whereby entertainment is to be enjoyed by all at the same time, in the same way. This workshop reports on a series of projects carried out in the past few years to make live performances accessible for the blind and visually impaired. Audio introductions, audio descriptions, touch tours and many other techniques to make opera and theater accessible for the blind will be presented and practiced, through a series of practical examples.<br \/>\n<a href=\"http:\/\/docenti.unimc.it\/elena.digiovanni\"><img decoding=\"async\" src=\"http:\/\/www.montclair.edu\/media\/montclairedu\/chss\/inserra\/2016-17\/Elena_Di_Giovanni-150x150.jpg\" alt=\"\" \/><strong>Elena Di Giovanni<\/strong><\/a>\u00a0<a name=\"Elena\"><\/a>\u200cis Associate Professor of English Translation at the University of Macerata, where she specializes in audiovisual translation and media accessibility, but also translation and writing in postcolonial settings and translation of audiovisual texts for children. From 2007 to 2010, she led the Italian research unit on audio description for the EU-funded project &#8220;DTV4ALL \u2013 Digital Television for All&#8221;. In 2012 and 2013, she has been the sole international investigator in the project &#8220;Translating Music&#8221;, funded in Great Britain by the Arts and Humanities Research Council, with a special focus on surtitling for operas and accessibility for the sensory impaired. Since 2008, she has been actively working for the provision of access to film, television, opera, theatre and cultural spaces in Italy, with over 100 events made accessible so far. Since 2008, she is coordinator of accessibility for the Macerata Opera Festival, where she leads teams of surtitlers and audio describers. Since 2008, she has been Visiting Lecturer at Roehampton University, London, UK, Masters&#8217; Degree in audiovisual translation. Since 2013, she lectures on audiovisual translation and accessibility at the Venice Film Festival (Mostra Internazionale d&#8217;Arte Cinematografica di Venezia), within the European Parliament-funded LUX Prize for cinema (28 Times Cinema). She has been a translator and proofreader for the cinema, television, theatre and opera for 20 years.<\/p>\n<p><strong>Resources<\/strong><br \/>\n<a href=\"http:\/\/info.moravia.com\/blog\/an-ecosystem-for-language-professionals-to-help-bridge-the-gap?utm_content=38107578&amp;utm_medium=social&amp;utm_source=twitter\">An Ecosystem for Language Professionals to Help Bridge the Gap<\/a><\/p>\n<ul>\n<li>Spearheaded and sponsored by\u00a0<a href=\"http:\/\/www.montclair.edu\/chss\/inserra-chair\/\">The Inserra Chair in Italian and Italian American Studies<\/a>\u00a0(<a href=\"http:\/\/www.montclair.edu\/chss\/spanish-italian\/\">Department of Spanish and Italian<\/a>) at Montclair State University<\/li>\n<\/ul>\n<p><a href=\"http:\/\/www.montclair.edu\/chss\/inserra-chair\/opportunities-for-students\/italian-titling\/\">Italian Translation Curriculum and Internship Project<\/a><\/p>\n","protected":false},"excerpt":{"rendered":"<p>Schmitt Hall 119 (Translation and Interpreting Lab) Semester-long series Continuing\u00a0last year&#8217;s in-class talks, a series of presentations will be offered in connection with ITAL345 &#8220;Italian Translation for Tourism and Cultural Promotion&#8221; taught by Dr. Marisa Trubiano. The series will include the following speakers: Laurence Jay-Rayon Ibrahim Aibo\u00a0(Center for Translation and Interpreting, MSU, Director): &#8220;CAT (Computer-assisted-translation [&hellip;]<\/p>\n","protected":false},"author":20,"featured_media":0,"parent":12,"menu_order":8,"comment_status":"closed","ping_status":"closed","template":"","meta":{"inline_featured_image":false,"footnotes":""},"class_list":["post-311","page","type-page","status-publish","hentry"],"_links":{"self":[{"href":"https:\/\/www.montclair.edu\/inserra-chair\/wp-json\/wp\/v2\/pages\/311","targetHints":{"allow":["GET"]}}],"collection":[{"href":"https:\/\/www.montclair.edu\/inserra-chair\/wp-json\/wp\/v2\/pages"}],"about":[{"href":"https:\/\/www.montclair.edu\/inserra-chair\/wp-json\/wp\/v2\/types\/page"}],"author":[{"embeddable":true,"href":"https:\/\/www.montclair.edu\/inserra-chair\/wp-json\/wp\/v2\/users\/20"}],"replies":[{"embeddable":true,"href":"https:\/\/www.montclair.edu\/inserra-chair\/wp-json\/wp\/v2\/comments?post=311"}],"version-history":[{"count":6,"href":"https:\/\/www.montclair.edu\/inserra-chair\/wp-json\/wp\/v2\/pages\/311\/revisions"}],"predecessor-version":[{"id":210563,"href":"https:\/\/www.montclair.edu\/inserra-chair\/wp-json\/wp\/v2\/pages\/311\/revisions\/210563"}],"up":[{"embeddable":true,"href":"https:\/\/www.montclair.edu\/inserra-chair\/wp-json\/wp\/v2\/pages\/12"}],"wp:attachment":[{"href":"https:\/\/www.montclair.edu\/inserra-chair\/wp-json\/wp\/v2\/media?parent=311"}],"curies":[{"name":"wp","href":"https:\/\/api.w.org\/{rel}","templated":true}]}}