{"id":334,"date":"2017-12-07T17:53:28","date_gmt":"2017-12-07T17:53:28","guid":{"rendered":"http:\/\/www.montclair.edu\/inserra-chair\/?page_id=334"},"modified":"2019-05-06T11:44:02","modified_gmt":"2019-05-06T15:44:02","slug":"your-metaphor-for-learning-italian","status":"publish","type":"page","link":"https:\/\/www.montclair.edu\/inserra-chair\/events\/2015-16-events\/your-metaphor-for-learning-italian\/","title":{"rendered":"Your Metaphor for Learning Italian"},"content":{"rendered":"<p><a href=\"http:\/\/www.montclair.edu\/inserra-chair\/events\/2015-16-events\/winners-of-the-student-contest-your-metaphor-for-learning-italian\/\"><strong>Click here to see the winners<\/strong><\/a><\/p>\n<p>&#8220;In italiano ho la libert\u00e0 di essere imperfetta&#8221;<br \/>\n&#8220;In Italian I have the freedom of being imperfect&#8221;<br \/>\n(Excerpt from Jhumpa Lahiri&#8217;s\u00a0<em>In altre parole<\/em>)<\/p>\n<p>Do you cherish the experience of learning Italian? You\u2019re invited to follow in Jhumpa Lahiri&#8217;s footsteps and share your own metaphor for learning Italian\u00a0(check\u00a0<a href=\"#Eligibility\">eligibility<\/a>\u00a0below). <a href=\"https:\/\/surveys.montclair.edu\/survey\/entry.jsp?id=1440776072756\">Submit your metaphor<\/a> in either Italian or English.<\/p>\n<p>In her new book\u00a0<em>In altre parole<\/em>, (<em>In Other Words<\/em>) Pulitzer Prize-winning author Jhumpa Lahiri\u00a0draws from a broad palette of metaphors to describe the process of learning a new language, and Italian in particular. Well-known for her refined word crafting, Lahiri engages with the act of learning\u00a0Italian, describing it as an exercise in discipline, a journey into her own identity, a new creative adventure, a challenging path, and ultimately a humbling process\u00a0reminiscent of the magic of learning at any age, in any place, with any tools.<\/p>\n<p>In her book Lahiri\u00a0employs numerous metaphors to describe her simultaneously exhilarating and frightening voyage into the Italian language: her images are as simple as they are powerful. Here are a few examples that may function as models and inspire you as you think about your\u00a0own experience in learning a new language. (Click on the metaphor to see the translation on the bottom):<\/p>\n<ul>\n<li><a href=\"#Lake\">IL LAGO<\/a>: \u201cPer vent\u2019anni ho studiato la lingua italiana come se nuotassi lungo i bordi di [un] lago. Sempre accanto alla mia lingua dominante, l\u2019inglese. Sempre costeggiandola. \u00c8 stato un buon esercizio. Benefico per i muscoli, per il cervello, ma non certo emozionante. Studiando una lingua straniera in questo modo, non si pu\u00f2 affogare. L\u2019altra lingua \u00e8 sempre l\u00ec per sostenerti, per salvarti. Ma non basta galleggiare senza la possibilit\u00e0 di annegare, di colare a picco. Per conoscere una nuova lingua, per immergersi, si deve lasciare la sponda. Senza salvagente. Senza poter contare sulla terraferma.\u201d<\/li>\n<li><a href=\"#Love\">IL COLPO DI FULMINE<\/a>: \u201cNon avrei un vero bisogno di conoscere questa lingua. Non vivo in Italia, non ho amici italiani. Ho solo il desiderio. Ma alla fine un desiderio non \u00e8 altro che un bisogno folle. Come in tanti rapporti passionali, la mia infatuazione diventer\u00e0 una devozione, un\u2019ossessione.\u201d<\/li>\n<li><a href=\"#Bridge\">IL PONTE<\/a>: &#8220;[S]ia a Venezia, sia sulla pagina, i ponti sono l&#8217;unico modo per muovermi in una nuova dimensione, per superare l&#8217;inglese, per arrivare altrove. Ogni frase che scrivo in italiano \u00e8 un piccolo ponte da costruire, poi da attraversare. Lo faccio con titubanza mista a un impulso persistente, inspiegabile. Ogni frase, come ogni ponte, mi porta da un luogo a un altro. \u00c8 un percorso atipico, seducente. Un nuovo ritmo. Adesso mi sono quasi abituata.&#8221;<\/li>\n<\/ul>\n<p><strong>Create Your Own Metaphor<\/strong><br \/>\nCreate your own metaphor about learning Italian, and share it with us\u00a0<a href=\"https:\/\/surveys.montclair.edu\/survey\/entry.jsp?id=1440776072756\">here<\/a>. You can use just one image or tell a brief story (6-7 sentences) in which you compare learning Italian to an action, object, feeling, or space that conveys how you see your own voyage into the Italian language.<\/p>\n<p>The three best metaphors will be posted on the Inserra Chair&#8217;s webpage, and the students who authored them will receive a free copy of Lahiri\u2019s book, with a personal dedication by Jhumpa Lahiri herself, and a set of books that have been generously donated.<\/p>\n<p><a name=\"Eligibility\"><\/a><strong>ELIGIBILITY<\/strong>: Students of Italian currently enrolled at Montclair State University, as well as at Community Colleges and High Schools in New Jersey, are eligible. (Please send a transcript\u00a0verifying enrollment to <a href=\"mailto:inserra@montclair.edu\">inserra@montclair.edu<\/a> in order to receive approval for participation)<\/p>\n<p><strong>Jury<\/strong>: Videos will be judged by a distinguished panel that includes:<br \/>\n<a href=\"https:\/\/www.linkedin.com\/in\/maria-teresa-cometto-92540b1\">Maria Teresa Cometto<\/a>\u00a0(NYC contributor to<em>\u00a0Corriere della Sera\u00a0<\/em>and Co-Vice-President, Executive Board, IACE)<br \/>\nPatti Grunther\u00a0(Teacher, Watchung Hills Regional High School)<br \/>\nDonatella Baldini (Attach\u00e9e for Cultural Affairs, Italian Cultural Institute, New York)<br \/>\nJury Chairperson: Dr.\u00a0<a href=\"http:\/\/www.montclair.edu\/profilepages\/view_profile.php?username=fiorete\">Teresa Fiore<\/a>\u00a0(Inserra Chair, Montclair State University)<\/p>\n<p>&#8220;Your Metaphor for Learning Italian&#8221; is sponsored by the Inserra Chair in Italian and Italian American Studies at Montclair State University in collaboration with the\u00a0Italian American Committee on\u00a0Education (<a href=\"http:\/\/www.iacelanguage.org\/\">IACE<\/a>) of New York.<\/p>\n<p>Excerpts from\u00a0<em>In Other Words<\/em>\u00a0by Jhumpa Lahiri. New York: Knopf, 2016:<\/p>\n<ul>\n<li><a name=\"Lake\"><\/a>THE LAKE: &#8220;For twenty years I studied Italian as if I were swimming along the edge of that lake. Always next to my dominant language, English. Always hugging that shore. It was good exercise. Beneficial for the muscles, for the brain, but not very exciting. If you study a foreign language that way, you won&#8217;t drown. The other language is always there to support you, to save you. But you can&#8217;t float without the possibility of drowning, of sinking. To know a new language, to immerse yourself, you have to leave the shore. With no life vest. Without depending on solid ground.&#8221; (p.5)<\/li>\n<li><a name=\"Love\"><\/a>LOVE AT FIRST SIGHT: &#8220;I don&#8217;t have a real need to know this language. I don&#8217;t live in Italy, I don&#8217;t have Italian friends. I have only the desire. Yet ultimately a desire is nothing but a crazy need. As in many passionate relationships, my infatuation will become a devotion, an obsession.&#8221; (p.17)<\/li>\n<li><a name=\"Bridge\"><\/a>THE BRIDGE: &#8220;Yet both in Venice and on the page, bridges are the only way to move into a new dimension, to get past English, to arrive somewhere else. Every sentence I write in Italian is a small bridge that has to be constructed, then crossed. I do it with hesitation mixed with a persistent, inexplicable impulse. Every sentence, like every bridge, carries me from one place to another. It&#8217;s an atypical, enticing path. A new rhythm. Now I&#8217;m almost used to it.&#8221; (p.101)<\/li>\n<\/ul>\n","protected":false},"excerpt":{"rendered":"<p>Click here to see the winners &#8220;In italiano ho la libert\u00e0 di essere imperfetta&#8221; &#8220;In Italian I have the freedom of being imperfect&#8221; (Excerpt from Jhumpa Lahiri&#8217;s\u00a0In altre parole) Do you cherish the experience of learning Italian? You\u2019re invited to follow in Jhumpa Lahiri&#8217;s footsteps and share your own metaphor for learning Italian\u00a0(check\u00a0eligibility\u00a0below). Submit your [&hellip;]<\/p>\n","protected":false},"author":20,"featured_media":1018,"parent":14,"menu_order":6,"comment_status":"closed","ping_status":"closed","template":"","meta":{"inline_featured_image":false,"footnotes":""},"class_list":["post-334","page","type-page","status-publish","has-post-thumbnail","hentry"],"_links":{"self":[{"href":"https:\/\/www.montclair.edu\/inserra-chair\/wp-json\/wp\/v2\/pages\/334","targetHints":{"allow":["GET"]}}],"collection":[{"href":"https:\/\/www.montclair.edu\/inserra-chair\/wp-json\/wp\/v2\/pages"}],"about":[{"href":"https:\/\/www.montclair.edu\/inserra-chair\/wp-json\/wp\/v2\/types\/page"}],"author":[{"embeddable":true,"href":"https:\/\/www.montclair.edu\/inserra-chair\/wp-json\/wp\/v2\/users\/20"}],"replies":[{"embeddable":true,"href":"https:\/\/www.montclair.edu\/inserra-chair\/wp-json\/wp\/v2\/comments?post=334"}],"version-history":[{"count":6,"href":"https:\/\/www.montclair.edu\/inserra-chair\/wp-json\/wp\/v2\/pages\/334\/revisions"}],"predecessor-version":[{"id":211465,"href":"https:\/\/www.montclair.edu\/inserra-chair\/wp-json\/wp\/v2\/pages\/334\/revisions\/211465"}],"up":[{"embeddable":true,"href":"https:\/\/www.montclair.edu\/inserra-chair\/wp-json\/wp\/v2\/pages\/14"}],"wp:featuredmedia":[{"embeddable":true,"href":"https:\/\/www.montclair.edu\/inserra-chair\/wp-json\/wp\/v2\/media\/1018"}],"wp:attachment":[{"href":"https:\/\/www.montclair.edu\/inserra-chair\/wp-json\/wp\/v2\/media?parent=334"}],"curies":[{"name":"wp","href":"https:\/\/api.w.org\/{rel}","templated":true}]}}