{"id":130,"date":"2021-02-26T15:09:56","date_gmt":"2021-02-26T20:09:56","guid":{"rendered":"http:\/\/www.montclair.edu\/international-academic-initiatives\/?page_id=130"},"modified":"2026-01-12T17:13:23","modified_gmt":"2026-01-12T22:13:23","slug":"meet-our-visiting-scholars","status":"publish","type":"page","link":"https:\/\/www.montclair.edu\/international-academic-initiatives\/international-visiting-scholars\/meet-our-visiting-scholars\/","title":{"rendered":"Meet Our Visiting Scholars"},"content":{"rendered":"<h2>Recent Visiting Scholars<\/h2>\n<h3><span style=\"text-decoration: underline\">Scholars from 2024-2025:<\/span><\/h3>\n<h3><strong>Qian BAI<\/strong><\/h3>\n<ul>\n<li><strong>Department:\u00a0<\/strong>Institute for the Advancement of Philosophy for Children<\/li>\n<li><strong>Host:\u00a0<\/strong>David Kennedy, Professor, Educational Foundations<\/li>\n<li><strong>Home University:\u00a0<\/strong>College of Education of Northeast Normal University, China<\/li>\n<\/ul>\n<h3><span style=\"text-decoration: underline\">Scholars from 2023-2024:<\/span><\/h3>\n<h3><strong>Doris JEANNOTTE<\/strong><\/h3>\n<ul>\n<li><strong>College:\u00a0<\/strong>College of Science and Mathematics<\/li>\n<li><strong>Department:<\/strong>\u00a0Mathematical Sciences<\/li>\n<li><strong>Host:\u00a0<\/strong>Steven Greenstein, Associate Professor, Mathematical Sciences<\/li>\n<li><strong>Home University:<\/strong>\u00a0Universit\u00e9 du Qu\u00e9bec \u00e0 Montr\u00e9al, Canada<\/li>\n<\/ul>\n<h3><strong>Meili LI<\/strong><\/h3>\n<ul>\n<li><strong>College:\u00a0<\/strong>College of Science and Mathematics<\/li>\n<li><strong>Department:<\/strong>\u00a0Mathematical Sciences<\/li>\n<li><strong>Host:\u00a0<\/strong>Baojun Song, Associate Professor, Mathematical Sciences<\/li>\n<li><strong>Home University:<\/strong>\u00a0Donghua University, China<\/li>\n<\/ul>\n","protected":false},"excerpt":{"rendered":"<p>Recent Visiting Scholars Scholars from 2024-2025: Qian BAI Department:\u00a0Institute for the Advancement of Philosophy for Children Host:\u00a0David Kennedy, Professor, Educational Foundations Home University:\u00a0College of Education of Northeast Normal University, China Scholars from 2023-2024: Doris JEANNOTTE College:\u00a0College of Science and Mathematics Department:\u00a0Mathematical Sciences Host:\u00a0Steven Greenstein, Associate Professor, Mathematical Sciences Home University:\u00a0Universit\u00e9 du Qu\u00e9bec \u00e0 Montr\u00e9al, Canada [&hellip;]<\/p>\n","protected":false},"author":6,"featured_media":137,"parent":125,"menu_order":1,"comment_status":"closed","ping_status":"closed","template":"","meta":{"inline_featured_image":false,"footnotes":""},"class_list":["post-130","page","type-page","status-publish","has-post-thumbnail","hentry"],"_links":{"self":[{"href":"https:\/\/www.montclair.edu\/international-academic-initiatives\/wp-json\/wp\/v2\/pages\/130","targetHints":{"allow":["GET"]}}],"collection":[{"href":"https:\/\/www.montclair.edu\/international-academic-initiatives\/wp-json\/wp\/v2\/pages"}],"about":[{"href":"https:\/\/www.montclair.edu\/international-academic-initiatives\/wp-json\/wp\/v2\/types\/page"}],"author":[{"embeddable":true,"href":"https:\/\/www.montclair.edu\/international-academic-initiatives\/wp-json\/wp\/v2\/users\/6"}],"replies":[{"embeddable":true,"href":"https:\/\/www.montclair.edu\/international-academic-initiatives\/wp-json\/wp\/v2\/comments?post=130"}],"version-history":[{"count":32,"href":"https:\/\/www.montclair.edu\/international-academic-initiatives\/wp-json\/wp\/v2\/pages\/130\/revisions"}],"predecessor-version":[{"id":1132,"href":"https:\/\/www.montclair.edu\/international-academic-initiatives\/wp-json\/wp\/v2\/pages\/130\/revisions\/1132"}],"up":[{"embeddable":true,"href":"https:\/\/www.montclair.edu\/international-academic-initiatives\/wp-json\/wp\/v2\/pages\/125"}],"wp:featuredmedia":[{"embeddable":true,"href":"https:\/\/www.montclair.edu\/international-academic-initiatives\/wp-json\/wp\/v2\/media\/137"}],"wp:attachment":[{"href":"https:\/\/www.montclair.edu\/international-academic-initiatives\/wp-json\/wp\/v2\/media?parent=130"}],"curies":[{"name":"wp","href":"https:\/\/api.w.org\/{rel}","templated":true}]}}