{"id":206976,"date":"2022-01-12T10:11:24","date_gmt":"2022-01-12T15:11:24","guid":{"rendered":"http:\/\/www.montclair.edu\/mathematics-education-phd\/?page_id=206976"},"modified":"2025-04-23T17:11:55","modified_gmt":"2025-04-23T21:11:55","slug":"seminars","status":"publish","type":"page","link":"https:\/\/www.montclair.edu\/mathematics-education-phd\/seminars\/","title":{"rendered":"Seminars"},"content":{"rendered":"<h2>Invited Speaker Series &#8211; Spring 2023<\/h2>\n<p>The Spring 2023 Mathematics Education Doctoral Seminar (MATH 830) featured the list of events below. Attendees read the attached articles to prepare for presentations and for follow-up discussions. The Spring 2022 Speaker Series is archived <a href=\"#Spring_2022\">below<\/a>.<\/p>\n<dl>\n<dt>Mathematical modeling is hard; Studying students doing it is even harder.<\/dt>\n<dd>9 May 2023<\/dd>\n<dd>Jennifer Czocher, Texas State University<\/dd>\n<dd><strong>Reading:<\/strong> <a rel=\"noopener\" href=\"https:\/\/drive.google.com\/file\/d\/1mYLQUpWYCmoKTAl7MBEuK8O-4tNdltUJ\/view?usp=share_link\" target=\"_blank\">Czocher (2017)<\/a> ;\u00a0<a rel=\"noopener\" href=\"https:\/\/drive.google.com\/file\/d\/1T8j-BK4P-grINOv9AU6wujrsUjIxdiUH\/view?usp=share_link\" target=\"_blank\">Czocher et al. (2022)<\/a><\/dd>\n<dt>Supporting Instructional Change in Undergraduate Mathematics<\/dt>\n<dd>4:45 &#8211; 5:15 pm<\/dd>\n<dd>25 April 2023<\/dd>\n<dd>Nicholas Fortune, Western Kentucky University<\/dd>\n<dd><strong>Reading:<\/strong> <a rel=\"noopener\" href=\"https:\/\/drive.google.com\/file\/d\/1F1faSGwd3i-cGts-NxDjfND0YDC-rxkr\/view?usp=share_link\" target=\"_blank\">Fortune &amp; Keene (2021) Participating in an Online Working Group&#8230;<\/a><\/dd>\n<dt>Conflict and cooperation: Micropolitical forces impacting coaches&#8217; access<\/dt>\n<dd>18 April 2023<\/dd>\n<dd>Stephanie Saclarides, University of Cincinnati;\u00a0Jen Munson, Northwestern University<\/dd>\n<dd><strong>Reading:<\/strong> <a rel=\"noopener\" href=\"http:\/\/www.montclair.edu\/mathematics-education-phd\/wp-content\/uploads\/sites\/138\/2023\/01\/Conflict-Cooperation-ESJ-JM-SS.pdf\" target=\"_blank\">Saclarides and Munson: Conflict &amp; Cooperation &#8211; ESJ JM SS<\/a><\/dd>\n<dt>Developing A Framework for Characterizing Student-Created Diagrams In DGEs<\/dt>\n<dd>11 April 2023<\/dd>\n<dd>Xiangquan Yao, Penn State University<\/dd>\n<dd><strong>Reading:<\/strong> <a rel=\"noopener\" href=\"https:\/\/docs.google.com\/document\/d\/1soFWBILxzVbUngUfASW981FjueRMdirW\/edit?usp=share_link&amp;ouid=102109536565960124950&amp;rtpof=true&amp;sd=true\" target=\"_blank\">Yao (2022) Learners\u2019 Construction of Geometry Diagrams<\/a><\/dd>\n<dt><strong>Using a framework to develop preservice teacher noticing of students\u2019 mathematical thinking within a technology-mediated learning environment<\/strong><\/dt>\n<dd>4 April 2023<\/dd>\n<dd>Nina Bailey, University of North Carolina at Charlotte<\/dd>\n<dd><strong>Reading:<\/strong> <a rel=\"noopener\" href=\"https:\/\/drive.google.com\/file\/d\/19y0Rhfri3s2-8H2zofuSv3yyDkJbkM8A\/view?usp=share_link\" target=\"_blank\">Bailey et al. (2020) PST Noticing&#8230;<\/a><\/dd>\n<dt><strong>Engaging P-2 Children with Mathematics and Social Justice<\/strong><\/dt>\n<dd>28 March 2023<\/dd>\n<dd>Jennifer Ward, Kennesaw State University<\/dd>\n<dd><strong>Readings:<\/strong> <a rel=\"noopener\" href=\"https:\/\/drive.google.com\/file\/d\/1AJzSmPvdbh04-Mrz86YZ5ZBnsYk_fUMn\/view?usp=share_link\" target=\"_blank\">Ward (2020) Teaching is a Journey&#8230;<\/a>\u00a0&amp;\u00a0<a rel=\"noopener\" href=\"https:\/\/drive.google.com\/file\/d\/117xEAZNKQ1dxQ3gOQCFc92h8dgPBxuZ6\/view?usp=share_link\" target=\"_blank\">Ward &amp; Damjanovic (2021) Exploring Playground Access&#8230;<\/a><\/dd>\n<dd><\/dd>\n<dd><\/dd>\n<dt>Are you talking about Race? Navigating racial conversations in online mathematics methods courses<\/dt>\n<dd>21 March 2023<\/dd>\n<dd>Alesia Moldavan, Georgia Southern University;\u00a0Monica Gonzalez, East Carolina University<\/dd>\n<dd><strong>Reading:<\/strong> <a rel=\"noopener\" href=\"https:\/\/drive.google.com\/file\/d\/12iaTfDupzF6H3Ddqp5Qr-J3RaPuczKES\/view?usp=share_link\" target=\"_blank\">Moldavan, Gonzalez, &amp; Kaufman: Talking About Race&#8230;<\/a><\/dd>\n<dd><\/dd>\n<dt><\/dt>\n<dt>When am I ever going to use this? Making Sense of Perceived Utility in Mathematics<\/dt>\n<dd>14 March 2023<\/dd>\n<dd>Tracy E. Dobie, University of Utah<\/dd>\n<dd><strong>Readings:<\/strong> <a rel=\"noopener\" href=\"https:\/\/drive.google.com\/file\/d\/1go0AsxKfLBROOtHFOuvU-2TeAffbpugE\/view?usp=share_link\" target=\"_blank\">Dobie, Carlsruh, Aina (2021)<\/a> ; <a rel=\"noopener\" href=\"https:\/\/drive.google.com\/file\/d\/1zBcx0PdH1zThyQtn4hCkoChysX1mZj9H\/view?usp=share_link\" target=\"_blank\">Dobie (2019)<\/a><\/dd>\n<dd><\/dd>\n<dt>Elementary Mathematical Writing: Current Research and Future Directions<\/dt>\n<dd>21 February 2023<\/dd>\n<dd>Erin Smith, R. Alex Smith, &amp; Madeline Price, University of Nevada, Las Vegas<\/dd>\n<dd><strong>Reading:<\/strong> <a href=\"http:\/\/www.montclair.edu\/mathematics-education-phd\/wp-content\/uploads\/sites\/138\/2023\/02\/Smith-et-al.-Assessing-future-teachers-mathematical-writing.pdf\">Smith et al. Assessing future teachers&#8217; mathematical writing<\/a>\u00a0&amp; <a rel=\"noopener\" href=\"https:\/\/doi.org\/10.17239\/jowr-2017.08.03.04\" target=\"_blank\">Powell et al. (2017) A synthesis of mathematics writing<\/a><\/dd>\n<dd><\/dd>\n<dt>Nature as Co-teacher and Co-researcher<\/dt>\n<dd>14 February 2023<\/dd>\n<dd>Katherine Baker, Elon University<\/dd>\n<dd><strong>Readings:<\/strong> <a rel=\"noopener\" href=\"https:\/\/drive.google.com\/file\/d\/1afsp4s_GH29Qv3Wi8KN-txYC4FXanMGB\/view?usp=share_link\" target=\"_blank\">Baker et al. (2021)<\/a>\u00a0; <a rel=\"noopener\" href=\"https:\/\/drive.google.com\/file\/d\/1aGW6CbBDIRe07swR280sDqwOFXEszDq4\/view?usp=sharing\" target=\"_blank\">Baker et al. (2022)<\/a><\/dd>\n<dt>Racial and Mathematics Discourses in the Tapestry of Civic Engagement: Analysis of Public Comments at Creator ISD School Board Meetings<\/dt>\n<dd>7 February 2023<\/dd>\n<dd>Carlos Nicolas G\u00f3mez Marchant,\u00a0Alexandra R. Aguilar, &amp;\u00a0Emma C. Gargroetzi, The University of Texas at Austin<\/dd>\n<dd><strong>Reading:<\/strong> <a rel=\"noopener\" href=\"https:\/\/drive.google.com\/file\/d\/1HupAlTv6JioX66hMp9H5mHI4lUlf6Dav\/view?usp=share_link\" target=\"_blank\">G\u00f3mez Marchant, Aguilar, &amp; Gargroetzi: Public Commentators\u2019 Construction of a Mathematical\u00a0Model of Equality&#8230;<\/a><\/dd>\n<dd><\/dd>\n<dt><\/dt>\n<dt>Affect Graphing: Students\u2019 Drawn Graphs as a Tool for understanding Affect and Experience<\/dt>\n<dd>31 January 2023<\/dd>\n<dd>V. Rani Satyam, Virginia Commonwealth University<\/dd>\n<dd><strong>Reading:<\/strong> <a rel=\"noopener\" href=\"https:\/\/drive.google.com\/file\/d\/1G4Any1lvOj5jnYc6uSCKBn0JEqfIH1WU\/view?usp=share_link\" target=\"_blank\">Satyam et al (2022) Affect Graphing&#8230;<\/a><\/dd>\n<dt>Prospective Elementary Teachers\u2019 Evaluations of Written Student Work<\/dt>\n<dd>24 January 2023<\/dd>\n<dd>Julien Corven, Illinois State University<\/dd>\n<dd><strong>Reading:<\/strong> <strong><a rel=\"noopener\" href=\"https:\/\/drive.google.com\/file\/d\/15V1PJSIdX0MEsxMcqlED8drSld46hKgF\/view?usp=share_link\" target=\"_blank\">Corven (2023) Responsive Evaluation of Student Work<\/a><\/strong><\/dd>\n<\/dl>\n<hr \/>\n<h2 id=\"Spring_2022\">Invited Speaker Series &#8211; Spring 2022<\/h2>\n<p>The Mathematics Education Doctoral Seminar was held on selected Tuesdays from 4 &#8211; 5:15 pm. See the list of events below. Students enrolled in the doctoral seminar (MATH 830) read the attached articles in preparation for each speaker&#8217;s presentation and a follow-up discussion. Others were welcomed to attend and do the same.<\/p>\n<dl>\n<dt>Epistemologies of mental mathematics<\/dt>\n<dd>25 January 2022<\/dd>\n<dd><a rel=\"noopener noreferrer\" href=\"https:\/\/professeurs.uqam.ca\/professeur\/proulx.jerome\/\" target=\"_blank\">Jerome Proulx<\/a>, Professor of mathematics education at the Universit\u00e9 du Qu\u00e9bec \u00e0 Montr\u00e9al<\/dd>\n<dd><strong>Reading:<\/strong> <a rel=\"noopener noreferrer\" href=\"https:\/\/www.sciencedirect.com\/science\/article\/pii\/S0732312319300070?via%3Dihub\" target=\"_blank\">Proulx, J. (2019) JMB Mental mathematics under the lens<\/a><\/dd>\n<dt>Philosophy of Mathematics: Objectivity, Conventionalism, and Abstraction<\/dt>\n<dd>1 February 2022<\/dd>\n<dd>Kirk McDermid, Assistant Professor of Philosophy at Montclair State University<\/dd>\n<dd><strong>Reading:<\/strong> <a href=\"\/mathematics-education-phd\/wp-content\/uploads\/sites\/138\/2022\/06\/kirk-mcdermid-seminar-materials.pdf\">&#8220;Objectivity, Conventionalism, and Abstraction&#8221; [PDF]<\/a><\/dd>\n<dt>Engaging Pre-Service Teachers in Geometry-Focused Ethnomodeling Explorations<\/dt>\n<dd>8 February 2022<\/dd>\n<dd>Siddhi Desai, Doctoral candidate in Mathematics Education at the University of Central Florida<\/dd>\n<dd><strong>Task:<\/strong> In the few days before this talk, as you go about your daily routine (ex. walk around campus, drive through your neighborhood, go to restaurants, etc.), pay attention to the structure of streets and signs, the interiors and exteriors of buildings, and where and how things are placed.\u00a0Pay particular attention to any geometrical aspects, and when possible and it is safe to do so, take a picture of the geometry you notice. These will be used as resources for an interactive talk and discussion. Contribute your picture along with your noticings and wonderings to <a rel=\"noopener noreferrer\" href=\"https:\/\/docs.google.com\/presentation\/d\/18XHVVeXZjM1nv_EKT9Ivo5dsemS7fxHgx0NyshCokoM\/edit?usp=sharing\" target=\"_blank\">this slide deck<\/a> if you wish.<\/dd>\n<dt>The Desmos suite of software and curricular experiences in mathematics education<\/dt>\n<dd>15 February 2022<\/dd>\n<dd><a rel=\"noopener noreferrer\" href=\"https:\/\/denissheeran.com\/about\/\" target=\"_blank\">Denis Sheeran<\/a>, Clinical Specialist in Mathematics Education at Montclair State University and Doctoral candidate in Curriculum &amp; Instruction at Kansas State University<\/dd>\n<dd><strong>Task and Readings:<\/strong> Read <a href=\"http:\/\/www.montclair.edu\/mathematics-education-phd\/wp-content\/uploads\/sites\/138\/2022\/06\/sheeran-hacking-mathematics-and-instance-relevance-excerpt.pdf#page=7\">Ch 7 from Hacking Mathematics<\/a> and <a href=\"http:\/\/www.montclair.edu\/mathematics-education-phd\/wp-content\/uploads\/sites\/138\/2022\/06\/sheeran-hacking-mathematics-and-instance-relevance-excerpt.pdf\">Ch 1 (excerpt) from Instant Relevance<\/a>, both by Denis. Then complete this <a rel=\"noopener noreferrer\" href=\"https:\/\/student.desmos.com\/join\/73rsvw\" target=\"_blank\">&#8220;Graphing Stories&#8221; Desmos activity<\/a>.<\/dd>\n<dt>The mathematics of students with learning disabilities<\/dt>\n<dd>22 February 2022<\/dd>\n<dd><a rel=\"noopener noreferrer\" href=\"https:\/\/ced.ncsu.edu\/people\/jhunt5\/\" target=\"_blank\">Jessica Hunt<\/a>, Associate Professor of Mathematics Education and Special Education at NC State University<\/dd>\n<dd><strong>Reading:<\/strong> <a rel=\"noopener noreferrer\" href=\"https:\/\/journals.sagepub.com\/doi\/full\/10.1177\/0731948720963589\" target=\"_blank\">Hunt et al. (2020) Design, Development, and Initial Testing of Asset-Based Intervention Grounded in Trajectories of Student Fraction Learning [PDF]<\/a><\/dd>\n<dt>Aesthetics and Affect in Mathematics Education<\/dt>\n<dd>1 March 2022<\/dd>\n<dd><a rel=\"noopener noreferrer\" href=\"https:\/\/www.sfu.ca\/education\/faculty-profiles\/nsinclair.html\" target=\"_blank\">Nathalie Sinclair<\/a>, Professor of Education at Simon Fraser University and the Canada Research Chair in Tangible Mathematics Learning<\/dd>\n<dd><strong>Reading:<\/strong> <a href=\"\/mathematics-education-phd\/wp-content\/uploads\/sites\/138\/2023\/07\/mapping-cultural-formation.pdf\">de Freitas &amp; Sinclair (2014) Mapping the cultural formation of the mathematical aesthetic [PDF]<\/a><\/dd>\n<dt>Studying mathematics learning through embodied interaction and the theory of ecological dynamics<\/dt>\n<dd>22 March 2022<\/dd>\n<dd><a rel=\"noopener noreferrer\" href=\"https:\/\/gse.berkeley.edu\/dor-abrahamson\" target=\"_blank\">Dor Abrahamson<\/a>, Professor of Cognition and Development at UC Berkeley<\/dd>\n<dd><strong>Reading:<\/strong> <a rel=\"noopener noreferrer\" href=\"https:\/\/www.tandfonline.com\/doi\/abs\/10.1080\/10508406.2016.1143370?journalCode=hlns20\" target=\"_blank\">Abrahamson &amp; S\u00e1nchez-Garc\u00eda (2016) Learning is moving in new ways: The Ecological Dynamics of Mathematics Education<\/a><\/dd>\n<dt>Creativity, Innovation, and Topology<\/dt>\n<dd>29 March 2022<\/dd>\n<dd><a rel=\"noopener noreferrer\" href=\"\/entrepreneur\/our-team-and-philosophy\/iain-kerr\/\" target=\"_blank\">Iain Kerr<\/a>, Co-Director of the MIX Lab and Instructor of Innovation Design at Montclair State University<\/dd>\n<dd><strong>Reading:<\/strong> <a href=\"\/mathematics-education-phd\/wp-content\/uploads\/sites\/138\/2022\/03\/Kerr-Frasca-21st-century-Posts-from-the-Emergent-Futures-Lab.pdf\">Kerr &amp; Frasca (21st century) Posts from the Emergent Futures Lab [PDF]<\/a><\/dd>\n<dt>Democratizing access to powerful ideas through group-centered design<\/dt>\n<dd>5 April 2022<\/dd>\n<dd><a rel=\"noopener noreferrer\" href=\"https:\/\/peabody.vanderbilt.edu\/bio\/corey-brady\" target=\"_blank\">Corey Brady<\/a>, Assistant Professor of Mathematics Education at Vanderbilt<\/dd>\n<dd><strong>Reading:<\/strong> <a rel=\"noopener noreferrer\" href=\"https:\/\/bera-journals.onlinelibrary.wiley.com\/doi\/10.1111\/bjet.13087\" target=\"_blank\">Brady (2020) BJET Patches as an expressive medium for exploratory multi-agent modelling<\/a><\/dd>\n<dt>Concepts and processes in the theory of semiotic mediation<\/dt>\n<dd>12 April 2022<\/dd>\n<dd><a rel=\"noopener noreferrer\" href=\"https:\/\/matematica.unipv.it\/elenco\/andrea-maffia\/\" target=\"_blank\">Andrea Maffia<\/a>, Researcher in the Department of Mathematics at the University of Pavia, Italy<\/dd>\n<dd><strong>Reading:<\/strong> <a rel=\"noopener noreferrer\" href=\"https:\/\/link.springer.com\/article\/10.1007\/s10649-020-09944-5\" target=\"_blank\">Maffia &amp; Mariotti (2020) ESM From action to symbols<\/a><\/dd>\n<dt>Math in the Making<\/dt>\n<dd>19 April 2022<\/dd>\n<dd><a rel=\"noopener noreferrer\" href=\"https:\/\/www.binghamton.edu\/tlel\/faculty-and-staff\/profile.html?id=asimpson\" target=\"_blank\">Amber Simpson<\/a>, Assistant Professor in the Department of Teaching, Learning and Educational Leadership at SUNY Binghamton University<\/dd>\n<dd><strong>Reading:<\/strong> <a rel=\"noopener noreferrer\" href=\"https:\/\/scholarship.claremont.edu\/jhm\/vol12\/iss1\/5\/\" target=\"_blank\">Simpson &amp; Kastberg (2022) Makers do Math! Legitimizing Informal Mathematical Practices Within Making Contexts<\/a><\/dd>\n<dt>The social construction of learning disabilities in mathematics<\/dt>\n<dd>26 April 2022<\/dd>\n<dd><a rel=\"noopener noreferrer\" href=\"https:\/\/www.linkedin.com\/in\/einat-heyd-metzuyanim-818a4236\/?originalSubdomain=il\" target=\"_blank\">Einat Heyd-Metzuyanim<\/a>, Associate Professor of Mathematics Education and the Learning Sciences at The Technion &#8211; Israel&#8217;s Institute of Technology<\/dd>\n<dd><strong>Reading:<\/strong> <a rel=\"noopener noreferrer\" href=\"https:\/\/link.springer.com\/article\/10.1007\/s10649-012-9457-z\" target=\"_blank\">Heyd-Metzuyanim (2013) The co-construction of learning difficulties and their role in the development of a disabled mathematical identity<\/a>; <a href=\"\/mathematics-education-phd\/wp-content\/uploads\/sites\/138\/2022\/06\/ftlm-development-seminar.pdf\">The Development of Failure to Learn Mathematics ( FtLM ) [PDF]<\/a><\/dd>\n<dt>Speculative design\/futures thinking informed by mathematics learning and the negotiation of race, class, and gender<\/dt>\n<dd>3 May 2022<\/dd>\n<dd><a rel=\"noopener noreferrer\" href=\"https:\/\/soe.umich.edu\/directory\/faculty-staff\/maisie-l-gholson\" target=\"_blank\">Maisie Gholson<\/a>, Assistant Professor of Education at the University of Michigan<\/dd>\n<dd><strong>Reading:<\/strong> <a rel=\"noopener noreferrer\" href=\"https:\/\/link.springer.com\/article\/10.1007\/s11858-019-01051-x\" target=\"_blank\">Gholson &amp; Martin (2019) Blackgirl Face: racialized and gendered performativity in mathematical contexts<\/a><\/dd>\n<dd><strong>Viewing:<\/strong> Dr. Gholson&#8217;s &#8220;provocation&#8221; from <a rel=\"noopener noreferrer\" href=\"https:\/\/youtu.be\/0AnxTuTci9k\" target=\"_blank\">PMENA 2019: &#8220;Get On Up from the Page &#8211; Black Girls in Math Ed Research.&#8221;<\/a><\/dd>\n<dt>Embodied cognition and instructional design in math education and special education: The case of number<\/dt>\n<dd>10 May 2022<\/dd>\n<dd>Julie Nurnberger-Haag, Assistant Professor of Mathematics Education and the Learning Sciences at Kent State University<\/dd>\n<dd><strong>Reading:<\/strong> <a href=\"\/mathematics-education-phd\/wp-content\/uploads\/sites\/138\/2022\/05\/Nurnberger-Haag-2018-Borrow-Trade-Regroup-or-Unpack.pdf\">Nurnberger-Haag (2018) Borrow, Trade, Regroup, or Unpack?<\/a><\/dd>\n<dd><strong>Materials to Bring:<\/strong>\u00a0A piece of paper or placemat handy as well as at least 10 objects. These do not need to be a particular math manipulative, just nuts, candies, blocks, bingo chips, pieces of silverware\u2026 to have an embodied experience with moving things in particular ways when prompted.<\/dd>\n<\/dl>\n","protected":false},"excerpt":{"rendered":"<p>Invited Speaker Series &#8211; Spring 2023 The Spring 2023 Mathematics Education Doctoral Seminar (MATH 830) featured the list of events below. Attendees read the attached articles to prepare for presentations and for follow-up discussions. The Spring 2022 Speaker Series is archived below. Mathematical modeling is hard; Studying students doing it is even harder. 9 May [&hellip;]<\/p>\n","protected":false},"author":34,"featured_media":207712,"parent":0,"menu_order":0,"comment_status":"closed","ping_status":"closed","template":"","meta":{"inline_featured_image":false,"footnotes":""},"class_list":["post-206976","page","type-page","status-publish","has-post-thumbnail","hentry"],"_links":{"self":[{"href":"https:\/\/www.montclair.edu\/mathematics-education-phd\/wp-json\/wp\/v2\/pages\/206976","targetHints":{"allow":["GET"]}}],"collection":[{"href":"https:\/\/www.montclair.edu\/mathematics-education-phd\/wp-json\/wp\/v2\/pages"}],"about":[{"href":"https:\/\/www.montclair.edu\/mathematics-education-phd\/wp-json\/wp\/v2\/types\/page"}],"author":[{"embeddable":true,"href":"https:\/\/www.montclair.edu\/mathematics-education-phd\/wp-json\/wp\/v2\/users\/34"}],"replies":[{"embeddable":true,"href":"https:\/\/www.montclair.edu\/mathematics-education-phd\/wp-json\/wp\/v2\/comments?post=206976"}],"version-history":[{"count":92,"href":"https:\/\/www.montclair.edu\/mathematics-education-phd\/wp-json\/wp\/v2\/pages\/206976\/revisions"}],"predecessor-version":[{"id":207830,"href":"https:\/\/www.montclair.edu\/mathematics-education-phd\/wp-json\/wp\/v2\/pages\/206976\/revisions\/207830"}],"wp:featuredmedia":[{"embeddable":true,"href":"https:\/\/www.montclair.edu\/mathematics-education-phd\/wp-json\/wp\/v2\/media\/207712"}],"wp:attachment":[{"href":"https:\/\/www.montclair.edu\/mathematics-education-phd\/wp-json\/wp\/v2\/media?parent=206976"}],"curies":[{"name":"wp","href":"https:\/\/api.w.org\/{rel}","templated":true}]}}