{"id":24,"date":"2018-05-07T14:46:59","date_gmt":"2018-05-07T14:46:59","guid":{"rendered":"http:\/\/www.montclair.edu\/military-affiliated\/?page_id=24"},"modified":"2025-03-13T17:52:05","modified_gmt":"2025-03-13T21:52:05","slug":"resources","status":"publish","type":"page","link":"https:\/\/www.montclair.edu\/military-affiliated\/resources\/","title":{"rendered":"Resources for Veterans, Service Members and Dependents\u00a0"},"content":{"rendered":"<h2><strong>On Campus Resources <\/strong><\/h2>\n<ul>\n<li><span style=\"font-weight: 400\"><a href=\"https:\/\/www.montclair.edu\/red-hawk-central\/)\">Red Hawk Central<\/a>: <\/span><span style=\"font-weight: 400\">Access point for the Registrar, Financial Aid and Student Accounts.\u00a0<\/span><\/li>\n<li><a href=\"https:\/\/www.montclair.edu\/counseling-and-psychological-services\/)\">Counseling and Psychological Services (CAPS)<\/a>: <span style=\"font-weight: 400\">Speak with a counselor, join a group and receive referrals to off campus resources.<\/span><\/li>\n<li><a href=\"https:\/\/www.montclair.edu\/center-for-academic-success-and-tutoring\/?wp_logged_in=true\">Center for Academic Success &amp; Tutoring (CAST)<\/a>: <span style=\"font-weight: 400\">Schedule tutoring sessions and access the writing center. <\/span><\/li>\n<li><span style=\"font-weight: 400\"><a href=\"https:\/\/www.montclair.edu\/disability-resource-center\/\">Disability Resource Center<\/a>: <\/span><span style=\"font-weight: 400\">Register for services and request accommodations.<\/span><\/li>\n<li><span style=\"font-weight: 400\"><a href=\"https:\/\/www.montclair.edu\/facilities\/our-services\/parking-services\">Parking Services<\/a>: <\/span><span style=\"font-weight: 400\">Purchase your parking permit and pay any parking fines.\u00a0<\/span><\/li>\n<li><a href=\"https:\/\/www.montclair.edu\/career-services\/current-students\/career-counseling\/\">Career Services<\/a>: Career exploration, resume help and job search assistance.<\/li>\n<\/ul>\n<h2><strong>Off Campus Resources\u00a0<\/strong><\/h2>\n<ul>\n<li><strong>Veteran Suicide Hotline &#8211; 800-273-8255<\/strong><\/li>\n<li><a rel=\"noopener noreferrer\" href=\"https:\/\/www.va.gov\/\" target=\"_blank\">Veteran Affairs<\/a><\/li>\n<li><a href=\"https:\/\/www.nj.gov\/military\/\">NJ Dept. of Military and Veterans Affairs<\/a><\/li>\n<li><a rel=\"noopener noreferrer\" href=\"https:\/\/www.ebenefits.va.gov\/ebenefits\/homepage\" target=\"_blank\">VA eBenefits<\/a><\/li>\n<li><span style=\"font-weight: 400\"><a href=\"https:\/\/www.vetcenter.va.gov\/\">Local Vet Centers<\/a>\u00a0<\/span><\/li>\n<li><span style=\"font-weight: 400\"><a href=\"https:\/\/www.vfw.org\/\">Veterans of Foreign Affairs<\/a>\u00a0<\/span><\/li>\n<li><span style=\"font-weight: 400\"><a href=\"https:\/\/www.va.gov\/new-jersey-health-care\/locations\/east-orange-va-medical-center\/\">East Orange VA Medical Center<\/a> <\/span><\/li>\n<li><a href=\"https:\/\/www.nj.gov\/treasury\/military-resources.shtml\">NJ Treasury Resources for Veterans <\/a><\/li>\n<\/ul>\n<h2><strong>Off Campus Partnerships<\/strong><\/h2>\n<ul>\n<li><a rel=\"noopener noreferrer\" href=\"https:\/\/edge4vets.org\/\" target=\"_blank\">Edge4Vets<\/a><\/li>\n<li>Academy Securities<\/li>\n<li>Soci\u00e9t\u00e9 G\u00e9n\u00e9rale<\/li>\n<\/ul>\n<h2><strong>Veteran and Military\u00a0<\/strong><span style=\"color: #333333\">Organizations<\/span><\/h2>\n<ul>\n<li><a href=\"https:\/\/gigo.org\/\">GI Go<\/a>: Veteran career counseling, housing and legal services.<\/li>\n<li><a href=\"https:\/\/fourblock.org\/\">Four Block<\/a>: Virtual career readiness program for veterans.<\/li>\n<li><a href=\"https:\/\/getheadstrong.org\/\">HeadStrong<\/a>: Free services for veterans who have experienced trauma and have been diagnosed with PTSD.<\/li>\n<li><a href=\"https:\/\/www.fdu.edu\/academics\/centers-institutes\/rothman\/veterans-launching-ventures\/\">FDU Veterans Launch Programd<\/a>: Free certificate program for Veterans looking to start a business.<\/li>\n<li><a href=\"https:\/\/www.acp-usa.org\">ACP-Veteran Career Mentorship<\/a>: Mentoring Program connects post-9\/11 veterans, active duty spouses and eligible military spouses with corporate professionals.<\/li>\n<\/ul>\n","protected":false},"excerpt":{"rendered":"<p>On Campus Resources Red Hawk Central: Access point for the Registrar, Financial Aid and Student Accounts.\u00a0 Counseling and Psychological Services (CAPS): Speak with a counselor, join a group and receive referrals to off campus resources. Center for Academic Success &amp; Tutoring (CAST): Schedule tutoring sessions and access the writing center. Disability Resource Center: Register for [&hellip;]<\/p>\n","protected":false},"author":15,"featured_media":172,"parent":0,"menu_order":7,"comment_status":"closed","ping_status":"closed","template":"","meta":{"inline_featured_image":false,"footnotes":""},"class_list":["post-24","page","type-page","status-publish","has-post-thumbnail","hentry"],"_links":{"self":[{"href":"https:\/\/www.montclair.edu\/military-affiliated\/wp-json\/wp\/v2\/pages\/24","targetHints":{"allow":["GET"]}}],"collection":[{"href":"https:\/\/www.montclair.edu\/military-affiliated\/wp-json\/wp\/v2\/pages"}],"about":[{"href":"https:\/\/www.montclair.edu\/military-affiliated\/wp-json\/wp\/v2\/types\/page"}],"author":[{"embeddable":true,"href":"https:\/\/www.montclair.edu\/military-affiliated\/wp-json\/wp\/v2\/users\/15"}],"replies":[{"embeddable":true,"href":"https:\/\/www.montclair.edu\/military-affiliated\/wp-json\/wp\/v2\/comments?post=24"}],"version-history":[{"count":18,"href":"https:\/\/www.montclair.edu\/military-affiliated\/wp-json\/wp\/v2\/pages\/24\/revisions"}],"predecessor-version":[{"id":599,"href":"https:\/\/www.montclair.edu\/military-affiliated\/wp-json\/wp\/v2\/pages\/24\/revisions\/599"}],"wp:featuredmedia":[{"embeddable":true,"href":"https:\/\/www.montclair.edu\/military-affiliated\/wp-json\/wp\/v2\/media\/172"}],"wp:attachment":[{"href":"https:\/\/www.montclair.edu\/military-affiliated\/wp-json\/wp\/v2\/media?parent=24"}],"curies":[{"name":"wp","href":"https:\/\/api.w.org\/{rel}","templated":true}]}}