{"id":1018,"date":"2019-01-09T14:38:05","date_gmt":"2019-01-09T19:38:05","guid":{"rendered":"http:\/\/www.montclair.edu\/modern-languages-and-literatures\/?page_id=1018"},"modified":"2019-01-09T15:39:16","modified_gmt":"2019-01-09T20:39:16","slug":"ti7-contesto","status":"publish","type":"page","link":"https:\/\/www.montclair.edu\/modern-languages-and-literatures\/programs-of-study\/italian\/teaching-italian-symposium\/ti7-contesto\/","title":{"rendered":"TI7: Contesto"},"content":{"rendered":"<h2>(Con)Testo:<br \/>\nPerspectives on Literature in the FL Classroom<\/h2>\n<h3>Teaching Italian Symposium\/Workshop for Instructional Materials\u2014Meeting VII<\/h3>\n<h3><a href=\"http:\/\/www.montclair.edu\/modern-languages-and-literatures\/programs-of-study\/italian\/teaching-italian-symposium\/ti7-contesto\/ti7-workshops\/\">Read the Workshop Abstracts<\/a><\/h3>\n<p><strong><br \/>\nKeynote Address<\/strong>\u2014Colleen Ryan<\/p>\n<p style=\"text-align: center\"><strong><em>From Page to Stage:<br \/>\nPerformative Approaches to Literature in the Foreign Language Classroom <\/em><\/strong><\/p>\n<p>Colleen Ryan is Professor of Italian at Indiana University, where she teaches courses across the curriculum, from the basic language sequence to content-based bridge courses, to full-immersion theater workshops and graduate seminars in foreign language teaching methods and second language acquisition. Ryan\u2019s work conjoins the study of literature, film, and theater in different ways. She is the author of <em>Sex, the Self, and the Sacred: Women in the Cinema of Pier Paolo Pasolini<\/em> and co-editor (with Nicoletta Marini Maio) of two pedagogical volumes: <em>Set the Stage! Italian Language, Literature, and Culture through Theater. Theoretical and Practical Perspectives<\/em>. (Yale, 2009) and <em>Dramatic Interactions: Teaching Languages, Literatures, and Cultures through Theater<\/em>. <em>Theoretical Approaches and Classroom Practices<\/em> (Cambridge Scholars Press, 2011). She is also co-author (with Daniela Bartalesi-Graf) of the new intermediate-level Italian program, <em>Caldeidoscopio<\/em> (2014), which integrates visual literacy, arts analysis, and educational drama with the study of language. Currently she is co-editing (with Lisa Parkes) the AAUSC\u2019s annual volume titled <em>Creative Thinking: Integrating the Arts in the Foreign Language Curriculum<\/em>.<\/p>\n<hr \/>\n<p style=\"text-align: left\"><strong>Tavola rotonda<\/strong>\u2014<span style=\"text-align: center\">Moderatrice:\u00a0<\/span><a rel=\"noopener\" href=\"http:\/\/www.montclair.edu\/profilepages\/view_profile.php?username=antenosconfe\" target=\"_blank\">Enza Antenos<\/a><span style=\"text-align: center\">\u00a0<\/span><\/p>\n<p style=\"text-align: center\"><strong><em>All\u2019intersezione di lingua &amp; letteratura:<br \/>\nvecchi problemi e nuove prospettive<\/em><\/strong><br \/>\nPartecipanti: Colleen Ryan, Elvira DiFabio, Nicoletta Marini-Maio, Mirtilli Morgani, Anna Rein<\/p>\n<p style=\"text-align: left\"><strong><span style=\"text-decoration: underline\"><br \/>\nNote biografiche<\/span>:<\/strong><\/p>\n<p><strong>Elvira G. Di Fabio<\/strong>, Ph.D. (Harvard University), is a Senior Preceptor in Italian, and Associate Director of Undergraduate Education in the Department of Romance Languages and Literatures at Harvard University. She teaches Italian at every level, and has been the director of Italian language instruction at Harvard University since 1990. She is responsible for the training and mentoring of graduate teaching fellows and teaching assistants.<br \/>\nDr. Di Fabio\u2019s research areas comprise second language acquisition, translation and translation studies. She is currently working on new methodologies for the teaching of language through the visual arts. She has been a member of the Board of Directors of the Massachusetts Foreign Language Association, and of the College Board\u2019s Advanced Placement review and development committees. She has organized and participated in a number of professional development workshops for K-12+ teachers of Italian in the greater New England area.<\/p>\n<p><strong>Nicoletta Marini-Maio<\/strong>, PhD (University of Pennsylvania), is Associate Professor of Italian at Dickinson College, where she has been a faculty member since 2007. She is an elected member of the MLA Twentieth-Century Italian Literature executive committee for the 2015-2019 term and was recently elected in the America-Italy Society of Philadelphia\u2019s Board of Directors for Italian Language and Culture.<br \/>\nDr. Marini-Maio\u2019s scholarly interests in Italian cinema and culture, teaching pedagogy, and linguistics have cross-fertilized ideas and provided insights both for her teaching and research. Her academic work centers on 20th and 21st century Italian theater and film, particularly the intersections between politics, narrative mode, gender power relations, and collective memory. She has taught Italian language, literature, theater, and film throughout the curriculum at the University of Pennsylvania, Middlebury College, and Dickinson College. She has published articles and book chapters on the representation of the so-called years of lead (1970s) in Italian film and theater, coming of age in Italian film, and Paolo Sorrentino\u2019s cinema, co-edited with Ellen Nerenberg and Thomas Simpson a critical translation of <em>Corpo di stato<\/em>, by the Italian playwright Marco Baliani (2011, Fairleigh Dickinson UP), and co-edited with Colleen Ryan-Scheutz the volumes <em>Set the Stage! Teaching Italian through Theater. Theories, Methods, and Practices<\/em> (Yale University Press, 2009) and <em>Dramatic Interactions<\/em> (Cambridge Scholars Publishing, 2011). Her book<em> A Very Seductive Body Politics: Silvio Berlusconi in the Cinema<\/em> is forthcoming in 2014. She is currently completing her monograph on the Aldo Moro Affair and working on the notions of femininity and masculinity with regard to power gender relations, patriarchy, and sexuality through the analysis of the <em>Decamerotici<\/em>, a series of Italian films produced in the 1970s and inspired by Boccaccio\u2019s <em>Decameron<\/em>.<br \/>\nShe is the co-founder and editor of <em>gender\/sexuality\/italy (g\/s\/i )<\/em>, a new academic journal on constructions of femininity and masculinity in Italian culture, and co-founder of the Culture and Politics of Gender Research Group.<\/p>\n<p><strong>Mirtilli Morgana<\/strong> began her career as a teacher and subsequently assumed the position of Head Mistress in several Italian Educational Institutions. In the course of her career she made a substantial contribution to the transformational process of the Italian School System of the 80s and 90s. While holding a Specialty on the subject of verbal and non-verbal languages, and in the fields of linguistics and teaching of language, her experience spans twenty years in teacher training in the linguistic, artistic and anthropological-social fields.<br \/>\nResearcher since 1981 for Fondazione IARD (research institute accredited by MIUR &#8211; Ministry of Education, University and Research) for methodology and didactics of teaching the Italian language as native language and as a foreign language, Ms. Morgana directed the International Training Sector of the Foundation from 1996 to 2004, and assumed the role of Project leader for the numerous training courses for teachers of Italian Language and Culture subsidized by the Italian Ministry of Foreign Affairs, which have been held on five continents. These activities, which she carries out to date, have led to the expansion of her knowledge of Teachers, Schools and curricula in many countries, as well as the enrichment of her own cultural and multicultural awareness. For over 20 years, she has coordinated the creation of educational materials to support the diffusion of Italian Language and Culture worldwide. She plans and develops creative Projects, which promote Italian culture, history, art, folklore, traditions, and daily life.<br \/>\nMirtilli trains all grade level Italian teachers abroad. She organizes, promotes and manages initiatives for the development of teaching methodology of Italian language and culture. Her teacher training sessions utilize innovative strategies and materials involving teacher interaction and contributions from their classroom experience and knowledge. Mirtilli directed the creation of the New Superciao a Tutti, a text representing a unique, innovative and updated reality in teaching Italian language and culture in the United States.<\/p>\n<p><strong>Anna Fresu Rein<\/strong>, MA (l\u2019Universit\u00e0 Ca` Foscari) \u00e8 nata a La Maddalena, in Sardegna, dove ha frequentato il Liceo Classico. Si \u00e8 laureata in Lingue e Letterature Straniere all\u2019Universit\u00e0 di Pisa. Ha conseguito un Master in insegnamento della lingua e cultura italiana presso l\u2019Universit\u00e0 Ca` Foscari a Venezia. E` Senior Lecturer a Bowdoin College dove ha svolto progetti sull\u2019uso della drammatizzazione, della letteratura, e della fonetica nell\u2019insegnamento della lingua italiana. Uno dei progetti \u00e8 stato pubblicato con sulla rivista Itals, Didattica e Linguistica dell&#8217;italiano come lingua straniera, diretta da Professor Balboni.<br \/>\nHa servito come QL per AP Italian e come Italian Language Expert per il NFLC. Attualmente si interessa particolarmente di editing e traduzione letteraria. \u00c8 ACTFL tester per le certificazioni OPI e OPI\/ILR.<\/p>\n","protected":false},"excerpt":{"rendered":"<p>(Con)Testo: Perspectives on Literature in the FL Classroom Teaching Italian Symposium\/Workshop for Instructional Materials\u2014Meeting VII Read the Workshop Abstracts Keynote Address\u2014Colleen Ryan From Page to Stage: Performative Approaches to Literature in the Foreign Language Classroom Colleen Ryan is Professor of Italian at Indiana University, where she teaches courses across the curriculum, from the basic language [&hellip;]<\/p>\n","protected":false},"author":13,"featured_media":795,"parent":310,"menu_order":11,"comment_status":"closed","ping_status":"closed","template":"","meta":{"inline_featured_image":false,"footnotes":""},"class_list":["post-1018","page","type-page","status-publish","has-post-thumbnail","hentry"],"_links":{"self":[{"href":"https:\/\/www.montclair.edu\/modern-languages-and-literatures\/wp-json\/wp\/v2\/pages\/1018","targetHints":{"allow":["GET"]}}],"collection":[{"href":"https:\/\/www.montclair.edu\/modern-languages-and-literatures\/wp-json\/wp\/v2\/pages"}],"about":[{"href":"https:\/\/www.montclair.edu\/modern-languages-and-literatures\/wp-json\/wp\/v2\/types\/page"}],"author":[{"embeddable":true,"href":"https:\/\/www.montclair.edu\/modern-languages-and-literatures\/wp-json\/wp\/v2\/users\/13"}],"replies":[{"embeddable":true,"href":"https:\/\/www.montclair.edu\/modern-languages-and-literatures\/wp-json\/wp\/v2\/comments?post=1018"}],"version-history":[{"count":4,"href":"https:\/\/www.montclair.edu\/modern-languages-and-literatures\/wp-json\/wp\/v2\/pages\/1018\/revisions"}],"predecessor-version":[{"id":1030,"href":"https:\/\/www.montclair.edu\/modern-languages-and-literatures\/wp-json\/wp\/v2\/pages\/1018\/revisions\/1030"}],"up":[{"embeddable":true,"href":"https:\/\/www.montclair.edu\/modern-languages-and-literatures\/wp-json\/wp\/v2\/pages\/310"}],"wp:featuredmedia":[{"embeddable":true,"href":"https:\/\/www.montclair.edu\/modern-languages-and-literatures\/wp-json\/wp\/v2\/media\/795"}],"wp:attachment":[{"href":"https:\/\/www.montclair.edu\/modern-languages-and-literatures\/wp-json\/wp\/v2\/media?parent=1018"}],"curies":[{"name":"wp","href":"https:\/\/api.w.org\/{rel}","templated":true}]}}