{"id":1022,"date":"2019-01-09T15:18:08","date_gmt":"2019-01-09T20:18:08","guid":{"rendered":"http:\/\/www.montclair.edu\/modern-languages-and-literatures\/?page_id=1022"},"modified":"2019-01-09T15:19:40","modified_gmt":"2019-01-09T20:19:40","slug":"ti7-workshops","status":"publish","type":"page","link":"https:\/\/www.montclair.edu\/modern-languages-and-literatures\/programs-of-study\/italian\/teaching-italian-symposium\/ti7-contesto\/ti7-workshops\/","title":{"rendered":"TI7: Workshops"},"content":{"rendered":"<p>Workshops will be held concurrently, sessions offered both in the morning and afternoon. Each participant will rank their top workshop choices, and the organizing committee will try to accommodate requests upon receipt.<\/p>\n<p>&nbsp;<\/p>\n<p style=\"text-align: center\"><strong>Theater in Advanced- and AP-level Courses<\/strong> (<em>Colleen Ryan<\/em>)<\/p>\n<p style=\"text-align: center\"><span id=\"media-50538-0.6432789343780471\" class=\"mceNonEditable\"><a href=\"http:\/\/www.montclair.edu\/modern-languages-and-literatures\/wp-content\/uploads\/sites\/177\/2019\/01\/Ryan-Keynote1.pdf\">Keynote Presentation<\/a>\u00a0 &#8211;\u00a0<\/span> <a href=\"http:\/\/www.montclair.edu\/modern-languages-and-literatures\/wp-content\/uploads\/sites\/177\/2019\/01\/Ryan_Workshop_TeatroAP.pdf\"><span id=\"media-50539-0.7495347544880925\" class=\"mceNonEditable\">Workshop<\/span><\/a>\u200c<\/p>\n<p>This workshop provides the advanced- or AP-level (or similar) instructor with practical approaches to literary text selection and analysis using the theatrical genre and techniques. With learning goals such as solid AP scores, advanced proficiency, and intercultural competence in focus, we will explore a variety of ways in which theatrical texts and techniques can help meet the goals of AP courses and prepare students for different segments of the exam. Participants will select and work with a text and engage in activity design.<\/p>\n<p><strong>\u00a0<\/strong><\/p>\n<p style=\"text-align: center\"><strong>Visualizing Words, Expressing Images: Artful Writing<\/strong> (<em>Elvira G. Di Fabio<\/em>)<\/p>\n<p style=\"text-align: center\"><span id=\"media-50542-0.1255576463934327\" class=\"mceNonEditable\"><a href=\"http:\/\/www.montclair.edu\/modern-languages-and-literatures\/wp-content\/uploads\/sites\/177\/2019\/01\/TI7-DiFabio-Montclair-Workshop.pdf\">PowerPoint<\/a>\u00a0 &#8211;\u00a0 <a href=\"http:\/\/www.montclair.edu\/modern-languages-and-literatures\/wp-content\/uploads\/sites\/177\/2019\/01\/DiFabio-TI7handouts.pdf\">Handouts<\/a><br \/>\n<\/span><\/p>\n<p style=\"text-align: left\">Italo Calvino writes in his <em>Six Memos for the Next Millennium<\/em> (1988), &#8220;We may distinguish between two types of imaginative process: the one that starts with the word and arrives at the visual image, and the one that starts with the visual image and arrives at this verbal expression.&#8221; This session proposes pedagogical models for refining interpretive, interpersonal and presentational communication modes in Italian through an arts interface.<\/p>\n<p><strong>\u00a0<\/strong><\/p>\n<p style=\"text-align: center\"><strong>Theater in Elementary and Intermediate Courses<\/strong> (<em>Nicoletta Marini-Maio<\/em>)<\/p>\n<p style=\"text-align: center\"><a href=\"http:\/\/www.montclair.edu\/modern-languages-and-literatures\/wp-content\/uploads\/sites\/177\/2019\/01\/Workshop-Con-testi-MontclairFINAL.pdf\">Workshop Activites<\/a><\/p>\n<p style=\"text-align: left\">This workshop will offer the Italian elementary and intermediate instructors insight and manifold examples of how theater and performing techniques can be valuable classroom tools for holistic language learning and artistic appreciation. We will work with brief excerpts of artistic texts \u2014 from popular music to literary works \u2014 focusing on specific learning goals, such as: pronunciation and intonation, socio-cultural contexts for vocabulary, the expression and comprehension of emotional undertones, rhyme and metre, and self-confidence when it comes to speaking. Participants will practice improvisational exercises designed to boost student motivation and community; they will learn the use of theatrical techniques for reading comprehension; and they will design a theatrical activity with excerpts from authentic texts.<\/p>\n<p><strong>\u00a0<\/strong><\/p>\n<p style=\"text-align: center\"><strong>Letteratura italiana del &#8216;900<\/strong> (<em>Mirtilli Morgana<\/em>)<\/p>\n<p>Riflessione e analisi della lingua italiana, attraverso la lettura, l&#8217;ascolto e la comprensione di brani letterari e lo svolgimento di attivit\u00e0 linguistiche adeguate che pongono in risalto: Le abilit\u00e0 di base La riflessione sulla lingua La struttura della lingua Il testo e il lessico Il testo letterario \u00e8 considerato un punto di riferimento culturale e nello stesso tempo una base di lavoro per una scoperta graduale della lingua. I materiali forniti sono destinati a un livello avanzato di competenza linguistica e possono essere lo strumento per l&#8217;insegnante che ne adeguer\u00e0 i contenuti alla sua classe. Si tratta di una metodologia che riesce a coinvolgere lo studente e a guidarlo alla conoscenza della letteratura italiana del &#8216;900, nelle sue linee principali e nello stesso tempo a indagare la struttura della lingua italiana. Le analisi sono state condotte su 144 brani letterari e le lezioni di lingua costituiscono una base che pu\u00f2 avere prospettive ulteriori di sviluppo. La lezione utilizzer\u00e0 un campione di tutta la ricerca e soprattutto metter\u00e0 in evidenza la metodologia e la didattica utilizzata, per fornire strumenti di lavoro autonomo e personalizzato agli insegnanti sia nell&#8217;ambito letterario sia in quello linguistico sia nella loro stretta relazione.<\/p>\n<p><strong>\u00a0<\/strong><\/p>\n<p style=\"text-align: center\"><strong>L\u2019utilizzo di testi letterari per insegnare la lingua italiana<\/strong> (<em>Anna Rein<\/em>)<\/p>\n<p style=\"text-align: center\"><span id=\"media-50532-0.2554802113508381\" class=\"mceNonEditable\"><a href=\"http:\/\/www.montclair.edu\/modern-languages-and-literatures\/wp-content\/uploads\/sites\/177\/2019\/01\/Rein-TI7workshop.pdf\">Workshop Presentation<\/a><br \/>\n<\/span><\/p>\n<p>Nel 2007 l\u2019Ad Hoc Committee on Foreign Languages dell\u2019MLA ha emesso un rapporto in cui si sollecitava un approccio pi\u00f9 incluso nell\u2019insegnamento delle lingue straniere \u201cin which languages, culture, and literature are taught as a continuous whole\u201d (MLA 2007). Contrariamente all\u2019auspicato approccio curriculare che vede la combinazione di lingua e contenuti, i manuali per l\u2019apprendimento dell\u2019italiano pubblicati negli ultimi anni negli Stati Uniti, in particolare quelli usati a livello elementare, mostrano un graduale disinteresse nell\u2019uso di testi letterari con lo scopo di apprendere la lingua. Eppure, l\u2019uso della letteratura nelle classi di lingua presenta innumerevoli vantaggi sia per gli studenti che per gli insegnanti. In questo workshop prender\u00f2 in considerazione come si possa utilizzare la letteratura nei corsi di lingua italiana anche a partire dai livelli pi\u00f9 bassi dell\u2019apprendimento della lingua. Mi soffermer\u00f2, poi, a presentare alcuni esempi di attivit\u00e0 didattiche da me create e utilizzate nei miei corsi di italiano.<\/p>\n","protected":false},"excerpt":{"rendered":"<p>Workshops will be held concurrently, sessions offered both in the morning and afternoon. Each participant will rank their top workshop choices, and the organizing committee will try to accommodate requests upon receipt. &nbsp; Theater in Advanced- and AP-level Courses (Colleen Ryan) Keynote Presentation\u00a0 &#8211;\u00a0 Workshop\u200c This workshop provides the advanced- or AP-level (or similar) instructor [&hellip;]<\/p>\n","protected":false},"author":13,"featured_media":795,"parent":1018,"menu_order":1,"comment_status":"closed","ping_status":"closed","template":"","meta":{"inline_featured_image":false,"footnotes":""},"class_list":["post-1022","page","type-page","status-publish","has-post-thumbnail","hentry"],"_links":{"self":[{"href":"https:\/\/www.montclair.edu\/modern-languages-and-literatures\/wp-json\/wp\/v2\/pages\/1022","targetHints":{"allow":["GET"]}}],"collection":[{"href":"https:\/\/www.montclair.edu\/modern-languages-and-literatures\/wp-json\/wp\/v2\/pages"}],"about":[{"href":"https:\/\/www.montclair.edu\/modern-languages-and-literatures\/wp-json\/wp\/v2\/types\/page"}],"author":[{"embeddable":true,"href":"https:\/\/www.montclair.edu\/modern-languages-and-literatures\/wp-json\/wp\/v2\/users\/13"}],"replies":[{"embeddable":true,"href":"https:\/\/www.montclair.edu\/modern-languages-and-literatures\/wp-json\/wp\/v2\/comments?post=1022"}],"version-history":[{"count":1,"href":"https:\/\/www.montclair.edu\/modern-languages-and-literatures\/wp-json\/wp\/v2\/pages\/1022\/revisions"}],"predecessor-version":[{"id":1029,"href":"https:\/\/www.montclair.edu\/modern-languages-and-literatures\/wp-json\/wp\/v2\/pages\/1022\/revisions\/1029"}],"up":[{"embeddable":true,"href":"https:\/\/www.montclair.edu\/modern-languages-and-literatures\/wp-json\/wp\/v2\/pages\/1018"}],"wp:featuredmedia":[{"embeddable":true,"href":"https:\/\/www.montclair.edu\/modern-languages-and-literatures\/wp-json\/wp\/v2\/media\/795"}],"wp:attachment":[{"href":"https:\/\/www.montclair.edu\/modern-languages-and-literatures\/wp-json\/wp\/v2\/media?parent=1022"}],"curies":[{"name":"wp","href":"https:\/\/api.w.org\/{rel}","templated":true}]}}