{"id":2653,"date":"2024-06-19T11:18:29","date_gmt":"2024-06-19T15:18:29","guid":{"rendered":"https:\/\/www.montclair.edu\/orientation\/?page_id=2653"},"modified":"2025-06-09T12:57:20","modified_gmt":"2025-06-09T16:57:20","slug":"orientacion","status":"publish","type":"page","link":"https:\/\/www.montclair.edu\/orientation\/orientacion\/","title":{"rendered":"Orientacio\u0301n de Pregrado &#8211; Oton\u0303o 2025"},"content":{"rendered":"<p>Consulta el PDF a continuaci\u00f3n para obtener informaci\u00f3n sobre la Orientaci\u00f3n de Pregrado de este Oto\u00f1o 2025.<\/p>\n<span class=\"prpl-button\"><a href=\"http:\/\/www.montclair.edu\/orientation\/wp-content\/uploads\/sites\/87\/2025\/06\/2025-mailer-espanol.pdf\">Orientacio\u0301n de Pregrado \u2013 Oton\u0303o 2025<\/a><\/span>\n<h2>C\u00f3mo Conectarse<\/h2>\n<h3><strong>Reclama tu NetID<\/strong><\/h3>\n<ul>\n<li><strong>Obtenga su NetID:<\/strong> Se requiere un NetID y una contrase\u00f1a v\u00e1lidos para acceder y completar todos los requisitos de Orientaci\u00f3n. Las instrucciones para reclamar su NetID est\u00e1n incluidas en su carta de confirmaci\u00f3n de dep\u00f3sito.<\/li>\n<li><strong>Active la Autenticaci\u00f3n Multifactor (DUO)<\/strong>: Despu\u00e9s de activar su NetID, DEBE inscribirse y configurar DUO para acceder a los sistemas universitarios. DUO Mobile facilita el acceso proporcionando un c\u00f3digo de verificaci\u00f3n a trav\u00e9s de su tel\u00e9fono m\u00f3vil. Recibir\u00e1 un correo electr\u00f3nico con instrucciones llamado &#8220;DUO Security Enrollment&#8221;.<\/li>\n<li><strong>Acceda a su correo universitario:<\/strong> Aseg\u00farese de mantenerse informado sobre todo lo relacionado con la Orientaci\u00f3n y Montclair. Inicie sesi\u00f3n en Gmail usando su NetID@montclair.edu y su contrase\u00f1a.<\/li>\n<li><strong>Revise su correo con frecuencia:<\/strong> Recibir\u00e1 mensajes solo en su cuenta @montclair.edu, no en su correo personal.<\/li>\n<\/ul>\n<h2>Acceso al Portal de Orientaci\u00f3n<\/h2>\n<h3><strong>Completa tu Lista de Tareas de Orientaci\u00f3n<\/strong><\/h3>\n<p>Inicie sesi\u00f3n en el Portal de Orientaci\u00f3n usando su NetID y contrase\u00f1a.<br \/>\nPuede encontrar un enlace directo al Portal de Orientaci\u00f3n en NEST: <a href=\"http:\/\/nest.montclair.edu\">nest.montclair.edu<\/a>. Tambi\u00e9n se le enviar\u00e1 una invitaci\u00f3n a su correo electr\u00f3nico de Montclair.<\/p>\n<p>Debe completar los siguientes elementos en su lista de tareas de orientaci\u00f3n:<\/p>\n<ul>\n<li style=\"font-weight: 400\"><span style=\"font-weight: 400\">Informaci\u00f3n Personal<\/span><\/li>\n<li style=\"font-weight: 400\"><span style=\"font-weight: 400\">Informaci\u00f3n Familiar<\/span><\/li>\n<li style=\"font-weight: 400\"><span style=\"font-weight: 400\">Orientation+ 101 \u2013 Seminario web Orientation+<\/span><\/li>\n<li style=\"font-weight: 400\"><span style=\"font-weight: 400\">Mi Reserva para la Orientaci\u00f3n<\/span><\/li>\n<\/ul>\n<h3>Asista al Seminario Web Orientation+ 101<\/h3>\n<p>Un seminario web obligatorio que lo ayudar\u00e1 a prepararse para su d\u00eda de orientaci\u00f3n &#8220;Ready To Soar&#8221; y su transici\u00f3n a Montclair State University. Se ofrece en fechas seleccionadas en junio y regularmente durante julio. \u00a1Reg\u00edstrese en el Portal de Orientaci\u00f3n!<\/p>\n<p><strong>Nota:<\/strong> Estudiantes que participan en Summer Bridge, EOF o el Programa de Carreras de Salud est\u00e1n exentos.<\/p>\n<h3>Env\u00ede Documentaci\u00f3n Requerida<\/h3>\n<ul>\n<li>Foto para la tarjeta de identificaci\u00f3n: Suba una foto aprobada en eAccounts para que se cree su tarjeta. <a href=\"http:\/\/montclair.edu\/id-card\"><strong>montclair.edu\/id-card<\/strong><\/a><\/li>\n<li>Requisitos de salud obligatorios: Todos los estudiantes deben cumplir con los requisitos de salud para asistir a clases o vivir en residencias universitarias. <a href=\"http:\/\/montclair.edu\/immunizations\"><strong>montclair.edu\/immunizations<\/strong><\/a><\/li>\n<li>Seguro de salud: Todos los estudiantes a tiempo completo deben tener cobertura m\u00e9dica adecuada. Puede rechazar el seguro ofrecido por la universidad presentando prueba de otro plan. <a href=\"http:\/\/montclair.edu\/health-insurance\">montclair.edu\/health-insurance<\/a><\/li>\n<\/ul>\n<h3>Asegure su Horario de Clases<\/h3>\n<ul>\n<li>Estudiantes de primer a\u00f1o: Su asesor acad\u00e9mico le inscribir\u00e1 en clases usando sus respuestas al Cuestionario de Horario del Primer A\u00f1o (vencimiento: 1 de junio o una semana despu\u00e9s de pagar el dep\u00f3sito). El horario incluye el curso &#8220;New Student Seminar&#8221;.<\/li>\n<li>Estudiantes transferidos: Deben contactar a su asesor acad\u00e9mico antes de inscribirse.<\/li>\n<\/ul>\n<h3>Asista a Ready To Soar (20-27 de agosto)<\/h3>\n<p>Un programa de orientaci\u00f3n de un d\u00eda en el campus donde recibir\u00e1 una bienvenida formal, conocer\u00e1 a sus asesores, y aprender\u00e1 a involucrarse en la vida universitaria. Confirme su fecha asignada en el Portal de Orientaci\u00f3n.<\/p>\n<h3>Participe en Welcome Week (24-29 de agosto)<\/h3>\n<p><span style=\"font-weight: 400\">Una semana llena de actividades para que los estudiantes se integren a la comunidad de Montclair. Incluye eventos nocturnos, parrilladas, salidas y m\u00e1s.<\/span><\/p>\n<h3><strong>Inicie su Trayectoria en Red Hawk Day (jueves 28 de agosto)<\/strong><\/h3>\n<p>El d\u00eda antes de comenzar las clases, lleno de actividades y orgullo Red Hawk.<\/p>\n<h3>Primer D\u00eda de Clases<\/h3>\n<ul>\n<li>El primer d\u00eda de clases es el viernes 29 de agosto.<\/li>\n<li>Aunque el semestre comience un viernes, por favor se seguir\u00e1 el horario de clases de los lunes.<\/li>\n<li>Esto significa que asistir\u00e1 a las clases programadas para los lunes.<\/li>\n<li>No asistir\u00e1 a las clases regulares de los viernes ese d\u00eda.<\/li>\n<\/ul>\n<p>Fechas acad\u00e9micas importantes: <a href=\"http:\/\/montclair.edu\/academics\/academic-calendar\"><strong>montclair.edu\/academics\/academic-calendar<\/strong><\/a><\/p>\n<h3><strong>INFORMACI\u00d3N PARA FAMILIAS<\/strong><\/h3>\n<ul>\n<li>\u00danase al Portal de Familias Red Hawk para conectarse con nosotros y con otras familias y simpatizantes de Montclair.<\/li>\n<li>Participe en los seminarios web para familias este verano para conocer m\u00e1s sobre el campus de Montclair y sus servicios.<\/li>\n<li>El lunes 7 de julio, p\u00eddale a su estudiante que lo registre para la Orientaci\u00f3n para Familias en el Portal de Orientaci\u00f3n.<\/li>\n<\/ul>\n<p>M\u00e1s informaci\u00f3n: <a href=\"http:\/\/montclair.edu\/family\">montclair.edu\/family<\/a><\/p>\n<h3><strong>Homecoming (Regreso a Casa)<\/strong><\/h3>\n<ul>\n<li><span style=\"font-weight: 400\">La Universidad de Montclair invita cordialmente a estudiantes y familias a unirse a nosotros el s\u00e1bado 27 de septiembre.<\/span><\/li>\n<li style=\"font-weight: 400\"><span style=\"font-weight: 400\">Comparta su orgullo #RedHawkPride con estudiantes, familias, profesores, personal y exalumnos.<\/span><\/li>\n<li style=\"font-weight: 400\"><span style=\"font-weight: 400\">Disfrute de una feria callejera, presentaciones de organizaciones estudiantiles y un partido de f\u00fatbol americano entre los Red Hawks y los Colonels de Wilkes University.<\/span><\/li>\n<\/ul>\n<p><span style=\"font-weight: 400\">M\u00e1s informaci\u00f3n:<\/span><a href=\"https:\/\/montclair.edu\/homecoming\"> <span style=\"font-weight: 400\"><strong>montclair.edu\/homecoming<\/strong><\/span><\/a><\/p>\n","protected":false},"excerpt":{"rendered":"<p>Consulta el PDF a continuaci\u00f3n para obtener informaci\u00f3n sobre la Orientaci\u00f3n de Pregrado de este Oto\u00f1o 2025. C\u00f3mo Conectarse Reclama tu NetID Obtenga su NetID: Se requiere un NetID y una contrase\u00f1a v\u00e1lidos para acceder y completar todos los requisitos de Orientaci\u00f3n. Las instrucciones para reclamar su NetID est\u00e1n incluidas en su carta de confirmaci\u00f3n [&hellip;]<\/p>\n","protected":false},"author":400,"featured_media":1790,"parent":0,"menu_order":0,"comment_status":"closed","ping_status":"closed","template":"","meta":{"inline_featured_image":false,"footnotes":""},"class_list":["post-2653","page","type-page","status-publish","has-post-thumbnail","hentry"],"_links":{"self":[{"href":"https:\/\/www.montclair.edu\/orientation\/wp-json\/wp\/v2\/pages\/2653","targetHints":{"allow":["GET"]}}],"collection":[{"href":"https:\/\/www.montclair.edu\/orientation\/wp-json\/wp\/v2\/pages"}],"about":[{"href":"https:\/\/www.montclair.edu\/orientation\/wp-json\/wp\/v2\/types\/page"}],"author":[{"embeddable":true,"href":"https:\/\/www.montclair.edu\/orientation\/wp-json\/wp\/v2\/users\/400"}],"replies":[{"embeddable":true,"href":"https:\/\/www.montclair.edu\/orientation\/wp-json\/wp\/v2\/comments?post=2653"}],"version-history":[{"count":25,"href":"https:\/\/www.montclair.edu\/orientation\/wp-json\/wp\/v2\/pages\/2653\/revisions"}],"predecessor-version":[{"id":2682,"href":"https:\/\/www.montclair.edu\/orientation\/wp-json\/wp\/v2\/pages\/2653\/revisions\/2682"}],"wp:featuredmedia":[{"embeddable":true,"href":"https:\/\/www.montclair.edu\/orientation\/wp-json\/wp\/v2\/media\/1790"}],"wp:attachment":[{"href":"https:\/\/www.montclair.edu\/orientation\/wp-json\/wp\/v2\/media?parent=2653"}],"curies":[{"name":"wp","href":"https:\/\/api.w.org\/{rel}","templated":true}]}}