{"id":7,"date":"2017-08-07T16:35:38","date_gmt":"2017-08-07T16:35:38","guid":{"rendered":"https:\/\/www.montclair.edu\/spanish-and-latino-studies\/?page_id=7"},"modified":"2026-02-23T12:10:15","modified_gmt":"2026-02-23T17:10:15","slug":"faculty-and-staff","status":"publish","type":"page","link":"https:\/\/www.montclair.edu\/spanish-and-latino-studies\/faculty-and-staff\/","title":{"rendered":"Faculty and Staff"},"content":{"rendered":"<p>Jump to:\u00a0<a href=\"#admin\">Administrative Services<\/a>,<a href=\"#staff\"> Staff<\/a>, <a href=\"#fulltime\">Full-Time Faculty<\/a>,<a href=\"#part-time\"> Part-Time Faculty<\/a><\/p>\n<h2>Department Chair\/Department Leadership<\/h2>\n<div class=\"prpl-row\"><div class=\"prpl-column one-fourth\">\n<figure class=\"responsive-image-holder wp-caption alignnone\"><img decoding=\"async\" class=\"mlt-responsive-image\" data-original-image=\"\/spanish-and-latino-studies\/wp-content\/uploads\/sites\/34\/2017\/08\/Garcia_Vizcaino_Maria_Jose.jpg\" src=\"\/responsive-media\/cache\/spanish-and-latino-studies\/wp-content\/uploads\/sites\/34\/2017\/08\/Garcia_Vizcaino_Maria_Jose.jpg.0.1x.generic.jpg\" alt=\"2012, CHSS, Professor Maria Garcia Vizcaino\"\/><\/figure>\n<\/div><div class=\"prpl-column three-fourths\">\n<p>&nbsp;<\/p>\n<p><strong><a href=\"http:\/\/www.montclair.edu\/profilepages\/view_profile.php?username=garciavizcam\">Maria Jose Garcia Vizcaino<\/a><\/strong><\/p>\n<p>Schmitt Hall 205D<br \/>\n<a href=\"tel:973-655-7507\">973-655-7506<\/a><br \/>\n<a href=\"mailto:garciavizcam@montclair.edu\">garciavizcam@montclair.edu<\/a><\/p><\/div><\/p><\/div><div class=\"prpl-row\"><div class=\"prpl-column\">Dr. Mar\u00eda Jos\u00e9 Garc\u00eda Vizca\u00edno is Professor, Director of the <a href=\"http:\/\/catalog.montclair.edu\/programs\/spanish-translation-certificate\/\">Undergraduate<\/a> and <a href=\"http:\/\/catalog.montclair.edu\/programs\/translation-interpreting-spanish-certificate-graduate\/\">Graduate<\/a> Programs in Spanish Translation, and Chair of the Department of Spanish and Latin Studies at Montclair State University where she teaches courses in Translation and Audio Description. She involves her students in community projects aimed at providing Spanish translation and audio description to Latino communities and Spanish-speaking visually-impaired audiences in the realm of fine and performing arts. Her main line of research currently focuses on audio description, touch, art, and blindness. In particular, she is currently working on the role of touch as an accessibility tool for sculpture and tactile resources in art museums. She has published multiple articles in academic journals and has given numerous lectures at national and international conferences.<\/div><\/div>\n<div class=\"prpl-row\"><div class=\"prpl-column one-fourth\">\n<figure class=\"responsive-image-holder wp-caption alignnone\"><img decoding=\"async\" class=\"mlt-responsive-image\" data-original-image=\"\/spanish-and-latino-studies\/wp-content\/uploads\/sites\/34\/2017\/08\/Edstrom_Anne.jpg\" src=\"\/responsive-media\/cache\/spanish-and-latino-studies\/wp-content\/uploads\/sites\/34\/2017\/08\/Edstrom_Anne.jpg.0.1x.generic.jpg\" alt=\"Edstrom_Anne\"\/><\/figure>\n<\/div><div class=\"prpl-column three-fourths\">\n<p>&nbsp;<\/p>\n<p><strong><a href=\"http:\/\/www.montclair.edu\/profilepages\/view_profile.php?username=edstroma\">Anne M. Edstrom<\/a><\/strong><\/p>\n<p>Schmitt Hall 205G<br \/>\n<a href=\"tel:973-655-7508\">973-655-7508<\/a><br \/>\n<a href=\"mailto:edstroma@montclair.edu\">edstroma@montclair.edu<\/a><\/p><\/div><\/p><\/div><div class=\"prpl-row\"><div class=\"prpl-column\">Anne Edstrom, deputy chair and associate professor, received her PhD in Hispanic Linguistics from the University of Minnesota. \u00a0Her primary research interests are in the areas of Foreign Language Pedagogy, Pragmatics, and Sociolinguistics.\u00a0 She teaches courses in Methodology for Second\/Foreign Language Teaching, Hispanic Linguistics and Beginning and Intermediate Spanish. \u00a0She is a co-editor of <em>El espa\u00f1ol a trav\u00e9s de la ling\u00fc\u00edstica: Preguntas y respuestas<\/em>\u00a0published by Cascadilla Press (2008) and has published articles on both pragmatics and pedagogical issues in journals such as<em>\u00a0Hispania, Foreign Language Annals, Canadian Modern Language Review<\/em>\u00a0and\u00a0<em>Journal of Pragmatics<\/em>.<\/div><\/div>\n<h2><a name=\"admin\"><\/a>Department Administrative Support Staff<\/h2>\n<p>Our administrative team can be reached at <a href=\"tel:973-655-7755\" class=\"\"><span class=\"a11y-phone-number initialized\" aria-label=\"9 7 3 6 5 5 77 55 \">973-655-7755<\/span><\/a><a href=\"tel:973-655-7570\" class=\"\"><\/a>, via email at <a href=\"mailto:chssadmin@montclair.edu\">chssadmin@montclair.edu<\/a>, or in person in Schmitt 222.<br \/>\n<p class='a11y-label'><!-- fetch new: 212.05 ms --><!-- decode:  0.04 ms --><!-- output:  0.03 ms --><\/p><ul class=\"profile-grid\"><li><div class=\"card\"><div class=\"profile-photo\"><img decoding=\"async\" class=\"mlt-responsive-background\" alt=\"Cheryln Sayles profile photo\" data-original-image=\"\/profilepages\/media\/4769\/user\/saylescheadshot.jpg\" src=\"\/responsive-media\/cache\/profilepages\/media\/4769\/user\/saylescheadshot.jpg.0.1x.generic.jpg\" \/><\/div><div class=\"profile-text\"><span class=\"name\"><a href=\"http:\/\/www.montclair.edu\/~saylesc\">Cheryln Sayles<\/a><\/span><span class=\"title\">Administrative Services Coordinator<\/span><\/div><\/div><\/li><li><div class=\"card\"><div class=\"profile-photo\"><img decoding=\"async\" class=\"mlt-responsive-background\" alt=\"Caroline Howell profile photo\" data-original-image=\"\/profilepages\/media\/8163\/user\/howell150x200.jpg\" src=\"\/responsive-media\/cache\/profilepages\/media\/8163\/user\/howell150x200.jpg.0.1x.generic.jpg\" \/><\/div><div class=\"profile-text\"><span class=\"name\"><a href=\"http:\/\/www.montclair.edu\/~howellc\">Caroline Howell<\/a><\/span><span class=\"title\">Administrative Services Coordinator<\/span><\/div><\/div><\/li><\/ul>\n<h2><a name=\"staff\"><\/a>Staff<\/h2>\n<div class=\"prpl-row\"><div class=\"prpl-column one-fourth\">\n<figure class=\"responsive-image-holder wp-caption alignnone\"><a href=\"https:\/\/www.montclair.edu\/spanish-and-latino-studies\/wp-content\/uploads\/sites\/34\/2022\/03\/Antonella-Calarota-Ninman.jpg\"><img decoding=\"async\" class=\"mlt-responsive-image\" data-original-image=\"\/spanish-and-latino-studies\/wp-content\/uploads\/sites\/34\/2022\/03\/Antonella-Calarota-Ninman.jpg\" src=\"\/responsive-media\/cache\/spanish-and-latino-studies\/wp-content\/uploads\/sites\/34\/2022\/03\/Antonella-Calarota-Ninman.jpg.0.1x.generic.jpg\" alt=\"Photo of Antonella-Calarota-Ninman\"\/><\/a><\/figure>\n<\/div><div class=\"prpl-column three-fourths\">\n<p>&nbsp;<\/p>\n<p><a href=\"http:\/\/www.montclair.edu\/profilepages\/view_profile.php?username=calarotaa\">Antonella Calarota-Ninman<\/a><\/p>\n<p>Schmitt Hall<br \/>\n<a href=\"tel:973-655-4285\">973-655-4285<\/a><br \/>\n<a href=\"mailto:calarotaa@montclair.edu\">calarotaa@montclair.edu\u00a0<\/a><\/p><\/div><\/p><\/div><div class=\"prpl-row\"><div class=\"prpl-column\">Antonella Calarota-Ninman, Director, Center for Latine and Spanish Academic Success and Excellence (CLASE), received her PhD from the University of Madrid (UNED) in Latin American literature. Her academic interests include poetry and Modernism in Latin America. She is also the faculty advisor of Sigma Delta Pi, the Hispanic Honor Society at Montclair State.\n<\/div><\/div>\n<h2><a name=\"fulltime\"><\/a>Full-Time Faculty<\/h2>\n<div class=\"prpl-row\"><div class=\"prpl-column one-fourth\">\n<figure class=\"responsive-image-holder wp-caption alignnone\"><img decoding=\"async\" class=\"mlt-responsive-image\" data-original-image=\"\/spanish-and-latino-studies\/wp-content\/uploads\/sites\/34\/2021\/08\/Galoppe-150x200-1.jpg\" src=\"\/responsive-media\/cache\/spanish-and-latino-studies\/wp-content\/uploads\/sites\/34\/2021\/08\/Galoppe-150x200-1.jpg.0.1x.generic.jpg\" alt=\"Photo of Raul Galoppe\"\/><\/figure>\n<\/div><div class=\"prpl-column three-fourths\">\n<p>&nbsp;<\/p>\n<p><strong><a href=\"http:\/\/www.montclair.edu\/profilepages\/view_profile.php?username=galopper\">Raul Galoppe<\/a><\/strong><\/p>\n<p>Schmitt Hall 205D<br \/>\n<a href=\"tel:973-655-7507\">973-655-7507<\/a><br \/>\n<a href=\"mailto:galopper@montclair.edu\">galopper@montclair.edu<\/a><\/p><\/div><\/p><\/div><div class=\"prpl-row\"><div class=\"prpl-column\"> Ra\u00fal Galoppe, Professor of Spanish, received a PhD from the department of Romance Languages and Literatures at the University of Missouri-Columbia. His research focuses on the dialogue between gender and genre in literature and the construction of subjectivity. Within the theoretical framework of Lacanian psychoanalysis, feminism, queer theory, and performance, he concentrates on Latin American and Latino film and cultural studies as well as Baroque Spanish drama. He explores representations of women and critical sexualities in Latino cultures as they appear in film, drama, and fiction. Dr. Galoppe teaches courses on Spanish Theatre of the Golden Age, Queer Cinema, Hispanic Literary Studies, and Audiovisual Translation. He recently published A Stubborn Ghost: Essays in Honor of Henry W. Sullivan, an edited volume for Peter Lang (2023). He also published &#8220;The Aesthetics of Desire: Mart\u00edn Barreiro&#8217;s Staging of El burlador de Sevilla y Convidado de Piedra&#8221; in A Stubborn Ghost: Essays in Honor of Henry W. Sullivan, ed. Ra\u00fal A. Galoppe, New York, Bern, Berlin, Bruxelles, Oxford, Wien: Peter Lang, 2023, 161-70; \u201cEspejos invertidos: Representaciones queer en el cine argentino\u201d in Espacios de encuentro e identidad, ed. Marina Martin, New York: ALDEEU, 2019, 369-85; and \u201c(Un)Faithful Renditions: Gender Dynamics in an Adaptation of Don Gil de las calzas verdes\u201d in Bulletin of the Comediantes 6-1 (2015): 131-48.<\/div><\/div>\n<div class=\"prpl-row\"><div class=\"prpl-column one-fourth\">\n<figure class=\"responsive-image-holder wp-caption alignnone\"><img decoding=\"async\" class=\"mlt-responsive-image\" data-original-image=\"\/spanish-and-latino-studies\/wp-content\/uploads\/sites\/34\/2025\/02\/Garcia_Joaly_150x200.generic.jpg\" src=\"\/responsive-media\/cache\/spanish-and-latino-studies\/wp-content\/uploads\/sites\/34\/2025\/02\/Garcia_Joaly_150x200.generic.jpg.0.1x.generic.jpg\" alt=\"Photo of Joaly Garcia\"\/><\/figure>\n<\/div><div class=\"prpl-column three-fourths\">\n<p>&nbsp;<\/p>\n<p><strong><a href=\"https:\/\/www.montclair.edu\/profilepages\/view_profile.php?username=garciajo\"><strong>Joaly Garcia<\/strong><\/a><\/strong><\/p>\n<p>Schmitt Hall<br \/>\n<a href=\"mailto:garciajo@montclair.edu\">garciajo@montclair.edu<\/a><\/p><\/div><\/p><\/div><div class=\"prpl-row\"><div class=\"prpl-column\"> Professor Garc\u00eda, is a lecturer in the Spanish and Latino Studies Department and the Spanish Language Program Coordinator. Prior to joining Montclair State, Professor Garc\u00eda worked as an instructional designer for leading Canadian companies, where she specialized in developing innovative training programs to help the Spanish community enhance their business skills. Garc\u00eda&#8217;s research interests focus on the intersection of language learning and educational technology. Her passion for helping students acquire language skills has led her to develop innovative teaching methods that combine traditional approaches with cutting-edge technologies. Her cultural sensitivity and student-centered approach foster a supportive and inclusive learning environment.\n<\/div><\/div><br \/>\n<div class=\"prpl-row\"><div class=\"prpl-column one-fourth\">\n<figure class=\"responsive-image-holder wp-caption alignnone\"><img decoding=\"async\" class=\"mlt-responsive-image\" data-original-image=\"\/spanish-and-latino-studies\/wp-content\/uploads\/sites\/34\/2019\/12\/Lopez-Luaces-e1576097485625.jpg\" src=\"\/responsive-media\/cache\/spanish-and-latino-studies\/wp-content\/uploads\/sites\/34\/2019\/12\/Lopez-Luaces-e1576097485625.jpg.0.1x.generic.jpg\"\/><\/figure>\n<\/div><div class=\"prpl-column three-fourths\">\n<p>&nbsp;<\/p>\n<p><strong><a href=\"http:\/\/www.montclair.edu\/profilepages\/view_profile.php?username=lopezm\">Marta L\u00f3pez-Luaces<\/a><\/strong><\/p>\n<p>Schmitt Hall 205C<br \/>\n<a href=\"tel:973-655-7513\">973-655-7513<\/a><br \/>\n<a href=\"mailto:lopezm@montclair.edu\">lopezm@montclair.edu<\/a><\/p><\/div><\/p><\/div><div class=\"prpl-row\"><div class=\"prpl-column\">Marta L\u00f3pez-Luaces, professor of Spanish, received her PhD from New York University. Her research interests include poetry and translation. She is the author of\u00a0<em>Los traductores del viento<\/em>\u00a0published by Vasa Roto Ediciones (2013). She teaches all levels of Spanish language and literature.\n<\/div><\/div>\n<div class=\"prpl-row\"><div class=\"prpl-column one-fourth\">\n<figure class=\"responsive-image-holder wp-caption alignnone\"><a href=\"https:\/\/www.montclair.edu\/spanish-and-latino-studies\/wp-content\/uploads\/sites\/34\/2021\/09\/Soto2_150x200.jpg\"><img decoding=\"async\" class=\"mlt-responsive-image\" data-original-image=\"\/spanish-and-latino-studies\/wp-content\/uploads\/sites\/34\/2021\/09\/Soto2_150x200.jpg\" src=\"\/responsive-media\/cache\/spanish-and-latino-studies\/wp-content\/uploads\/sites\/34\/2021\/09\/Soto2_150x200.jpg.0.1x.generic.jpg\"\/><\/a><\/figure>\n<\/div><div class=\"prpl-column three-fourths\">\n<p>&nbsp;<\/p>\n<p><strong><a href=\"http:\/\/www.montclair.edu\/profilepages\/view_profile.php?username=sotov\">Valentin Soto<\/a><\/strong><\/p>\n<p>Schmitt Hall 205K<br \/>\n<a href=\"tel:973-655-5519\">973-655-5519<\/a><br \/>\n<a href=\"mailto:sotov@montclair.edu\">sotov@montclair.edu<\/a><\/p><\/div><\/p><\/div><div class=\"prpl-row\"><div class=\"prpl-column\">Valentin Soto, assistant professor of Spanish, received his PhD in Latin American Literature from Stanford University. He teaches linguistics, grammar, and composition courses in Spanish.\n<\/div><\/div>\n<h2><a name=\"part-time\"><\/a>Part-Time Faculty<\/h2>\n<h3>Spanish Adjunct Faculty<\/h3>\n<p><a href=\"http:\/\/www.montclair.edu\/profilepages\/view_profile.php?username=almuinavizs\"><\/a><a href=\"https:\/\/www.montclair.edu\/profilepages\/view_profile.php?username=badillom\">Mayra Badillo<\/a><br \/>\n<a href=\"http:\/\/www.montclair.edu\/profilepages\/view_profile.php?username=Balogz\">Zachary Balog<\/a><br \/>\n<a href=\"https:\/\/www.montclair.edu\/profilepages\/view_profile.php?username=bondc\">Christopher Bond<\/a><br \/>\n<a href=\"http:\/\/www.montclair.edu\/profilepages\/view_profile.php?username=Cabanai\">Ileana Cabana<\/a><br \/>\n<a href=\"http:\/\/www.montclair.edu\/profilepages\/view_profile.php?username=Carattij\">Jimena Caratti<\/a><br \/>\n<a href=\"http:\/\/www.montclair.edu\/profilepages\/view_profile.php?username=odonovanc\">Caroline DaCosta<\/a><br \/>\n<a href=\"http:\/\/www.montclair.edu\/profilepages\/view_profile.php?username=DelaTorref\">Fanny De La Torre<\/a><br \/>\n<a href=\"https:\/\/www.montclair.edu\/profilepages\/view_profile.php?username=delichfunesm\">Matilde Delich<\/a><br \/>\n<a href=\"https:\/\/www.montclair.edu\/profilepages\/view_profile.php?username=fanaa\">Abigail Fana<\/a><br \/>\n<a href=\"http:\/\/www.montclair.edu\/profilepages\/view_profile.php?username=fernandezpos\">Susana Fernandez Poyatos<\/a><br \/>\n<a href=\"http:\/\/www.montclair.edu\/profilepages\/view_profile.php?username=Fragaj\">Jose Fraga<\/a><br \/>\n<a href=\"https:\/\/www.montclair.edu\/profilepages\/view_profile.php?username=fradez\">Zeila Frade<\/a><br \/>\n<a href=\"https:\/\/www.montclair.edu\/profilepages\/view_profile.php?username=gamarrab\">Beatriz Gamarra<\/a><br \/>\n<a href=\"https:\/\/www.montclair.edu\/profilepages\/view_profile.php?username=membrenor\">Roberto Membreno<\/a><br \/>\n<a href=\"http:\/\/www.montclair.edu\/profilepages\/view_profile.php?username=Mirandar\">Raul Miranda<\/a><br \/>\n<a href=\"http:\/\/www.montclair.edu\/profilepages\/view_profile.php?username=morenoortas\">Sarai Moreno-Orta<\/a><br \/>\n<a href=\"https:\/\/www.montclair.edu\/profilepages\/view_profile.php?username=navarreten\">Nelson Navarrete<\/a><br \/>\n<a href=\"https:\/\/www.montclair.edu\/profilepages\/view_profile.php?username=piacenzad\">Daniela Piacenza<\/a><br \/>\n<a href=\"https:\/\/www.montclair.edu\/profilepages\/view_profile.php?username=ortizmo\">Morella Ortiz<\/a><br \/>\n<a href=\"http:\/\/www.montclair.edu\/profilepages\/view_profile.php?username=orourkeherec\">Colleen O&#8217;Rourke-Heredia<\/a><br \/>\n<a href=\"http:\/\/www.montclair.edu\/profilepages\/view_profile.php?username=Parisj\">Jaime Paris<\/a><br \/>\n<a href=\"http:\/\/www.montclair.edu\/profilepages\/view_profile.php?username=Perezc\">Claudia Perez<\/a><br \/>\n<a href=\"https:\/\/www.montclair.edu\/profilepages\/view_profile.php?username=ramosr\">Raul Ramos<\/a><br \/>\n<a href=\"https:\/\/www.montclair.edu\/profilepages\/view_profile.php?username=rioss\">Sonia R\u00edos<\/a><br \/>\n<a href=\"http:\/\/www.montclair.edu\/profilepages\/view_profile.php?username=roblesfernar\">Ramon Robles Fernandez<\/a><br \/>\n<a href=\"https:\/\/www.montclair.edu\/profilepages\/view_profile.php?username=salasj\">Juan Salas<\/a><br \/>\n<a href=\"https:\/\/www.montclair.edu\/profilepages\/view_profile.php?username=sanchezi\">Irma Sanchez<\/a><br \/>\n<a href=\"https:\/\/www.montclair.edu\/profilepages\/view_profile.php?username=santiagoda\">Dalia Santiago<\/a><br \/>\n<a href=\"http:\/\/www.montclair.edu\/profilepages\/view_profile.php?username=Schwenky\">Yajana Schwenk<\/a><br \/>\n<a href=\"https:\/\/www.montclair.edu\/profilepages\/view_profile.php?username=solisr\">Richard Solis<\/a><br \/>\n<a href=\"https:\/\/www.montclair.edu\/profilepages\/view_profile.php?username=tutalog\">Gabriela Tutalo<\/a><br \/>\n<a href=\"https:\/\/www.montclair.edu\/profilepages\/view_profile.php?username=orozcovillej\">John Orozco Villegas<\/a><br \/>\n<a href=\"http:\/\/www.montclair.edu\/profilepages\/view_profile.php?username=Wechslerd\">Dulce Wechsler<\/a><br \/>\n<a href=\"http:\/\/www.montclair.edu\/profilepages\/view_profile.php?username=Winslowt\">Tracy Winslow<\/a><br \/>\n<a href=\"http:\/\/www.montclair.edu\/profilepages\/view_profile.php?username=zieleniewskj\">Jeffrey Zieleniewski<\/a><\/p>\n<p><strong>Latino Studies Adjunct Faculty<\/strong><\/p>\n<p><a href=\"http:\/\/www.montclair.edu\/profilepages\/view_profile.php?username=Membrenor\">Robert Membreno<\/a><\/p>\n<p><strong>Portuguese Studies Adjunct Faculty<\/strong><\/p>\n<p><a href=\"http:\/\/www.montclair.edu\/profilepages\/view_profile.php?username=Arfinengol\">Lilia Arfinengo<\/a><br \/>\n<a href=\"http:\/\/www.montclair.edu\/profilepages\/view_profile.php?username=Kelleri\">Idalina Keller<\/a><\/p>\n","protected":false},"excerpt":{"rendered":"<p>Jump to:\u00a0Administrative Services, Staff, Full-Time Faculty, Part-Time Faculty Department Chair\/Department Leadership Department Administrative Support Staff Our administrative team can be reached at 973-655-7755, via email at chssadmin@montclair.edu, or in person in Schmitt 222. Staff Full-Time Faculty Part-Time Faculty Spanish Adjunct Faculty Mayra Badillo Zachary Balog Christopher Bond Ileana Cabana Jimena Caratti Caroline DaCosta Fanny De [&hellip;]<\/p>\n","protected":false},"author":26,"featured_media":319,"parent":0,"menu_order":3,"comment_status":"closed","ping_status":"closed","template":"page.php","meta":{"inline_featured_image":false,"footnotes":""},"class_list":["post-7","page","type-page","status-publish","has-post-thumbnail","hentry"],"_links":{"self":[{"href":"https:\/\/www.montclair.edu\/spanish-and-latino-studies\/wp-json\/wp\/v2\/pages\/7","targetHints":{"allow":["GET"]}}],"collection":[{"href":"https:\/\/www.montclair.edu\/spanish-and-latino-studies\/wp-json\/wp\/v2\/pages"}],"about":[{"href":"https:\/\/www.montclair.edu\/spanish-and-latino-studies\/wp-json\/wp\/v2\/types\/page"}],"author":[{"embeddable":true,"href":"https:\/\/www.montclair.edu\/spanish-and-latino-studies\/wp-json\/wp\/v2\/users\/26"}],"replies":[{"embeddable":true,"href":"https:\/\/www.montclair.edu\/spanish-and-latino-studies\/wp-json\/wp\/v2\/comments?post=7"}],"version-history":[{"count":69,"href":"https:\/\/www.montclair.edu\/spanish-and-latino-studies\/wp-json\/wp\/v2\/pages\/7\/revisions"}],"predecessor-version":[{"id":1353,"href":"https:\/\/www.montclair.edu\/spanish-and-latino-studies\/wp-json\/wp\/v2\/pages\/7\/revisions\/1353"}],"wp:featuredmedia":[{"embeddable":true,"href":"https:\/\/www.montclair.edu\/spanish-and-latino-studies\/wp-json\/wp\/v2\/media\/319"}],"wp:attachment":[{"href":"https:\/\/www.montclair.edu\/spanish-and-latino-studies\/wp-json\/wp\/v2\/media?parent=7"}],"curies":[{"name":"wp","href":"https:\/\/api.w.org\/{rel}","templated":true}]}}