{"id":832,"date":"2021-05-21T12:24:35","date_gmt":"2021-05-21T16:24:35","guid":{"rendered":"http:\/\/www.montclair.edu\/water-science\/?page_id=832"},"modified":"2021-06-09T17:02:22","modified_gmt":"2021-06-09T21:02:22","slug":"aphanocapsa","status":"publish","type":"page","link":"https:\/\/www.montclair.edu\/water-science\/freshwater-cyanobacteria-of-new-jersey\/visual-guide-to-cyanobacteria-in-new-jersey\/coccoid\/colonial\/aphanocapsa\/","title":{"rendered":"Aphanocapsa"},"content":{"rendered":"<h2>Taxonomy<\/h2>\n<dl class=\"compact\">\n<dt>Order<\/dt>\n<dd>Synechococcales<\/dd>\n<dt>Family<\/dt>\n<dd>Merismopediaceae<\/dd>\n<dt>Genus<\/dt>\n<dd><em>Aphanocapsa<\/em><\/dd>\n<\/dl>\n<h2>Examples of <em>Aphanocapsa<\/em><\/h2>\n<div class=\"prpl-row\"><br \/>\n<div class=\"prpl-column one-half\">\n<figure class=\"responsive-image-holder wp-caption alignnone\"><a href=\"\/water-science\/wp-content\/uploads\/sites\/73\/2021\/05\/aphanocapsa-2.jpg\"><img decoding=\"async\" class=\"mlt-responsive-image\" data-original-image=\"\/water-science\/wp-content\/uploads\/sites\/73\/2021\/05\/aphanocapsa-2.jpg\" src=\"\/responsive-media\/cache\/water-science\/wp-content\/uploads\/sites\/73\/2021\/05\/aphanocapsa-2.jpg.0.1x.generic.jpg\" alt=\"aphanocapsa (image 2)\"\/><\/a><\/figure>\n<p>400X total magnification; 10 \u03bcm scale bar.<\/p><\/div><div class=\"prpl-column one-half\">\n<figure class=\"responsive-image-holder wp-caption alignnone\"><a href=\"\/water-science\/wp-content\/uploads\/sites\/73\/2021\/05\/aphanocapsa-4.jpg\"><img decoding=\"async\" class=\"mlt-responsive-image\" data-original-image=\"\/water-science\/wp-content\/uploads\/sites\/73\/2021\/05\/aphanocapsa-4.jpg\" src=\"\/responsive-media\/cache\/water-science\/wp-content\/uploads\/sites\/73\/2021\/05\/aphanocapsa-4.jpg.0.1x.generic.jpg\" alt=\"aphanocapsa (image 4)\"\/><\/a><\/figure>\n<p>400X total magnification; 10 \u03bcm scale bar.<\/p><\/div><div class=\"prpl-column one-half\">\n<figure class=\"responsive-image-holder wp-caption alignnone\"><a href=\"\/water-science\/wp-content\/uploads\/sites\/73\/2021\/05\/aphanocapsa-3.jpg\"><img decoding=\"async\" class=\"mlt-responsive-image\" data-original-image=\"\/water-science\/wp-content\/uploads\/sites\/73\/2021\/05\/aphanocapsa-3.jpg\" src=\"\/responsive-media\/cache\/water-science\/wp-content\/uploads\/sites\/73\/2021\/05\/aphanocapsa-3.jpg.0.1x.generic.jpg\" alt=\"aphanocapsa (image 3)\"\/><\/a><\/figure>\n<p>400X total magnification; 10 \u03bcm scale bar.<\/p><\/div><div class=\"prpl-column one-half\">\n<figure class=\"responsive-image-holder wp-caption alignnone\"><a href=\"\/water-science\/wp-content\/uploads\/sites\/73\/2021\/05\/aphanocapsa-1.jpg\"><img decoding=\"async\" class=\"mlt-responsive-image\" data-original-image=\"\/water-science\/wp-content\/uploads\/sites\/73\/2021\/05\/aphanocapsa-1.jpg\" src=\"\/responsive-media\/cache\/water-science\/wp-content\/uploads\/sites\/73\/2021\/05\/aphanocapsa-1.jpg.0.1x.generic.jpg\" alt=\"aphanocapsa (image 1)\"\/><\/a><\/figure>\n<p>400X total magnification; 10 \u03bcm scale bar.<\/p><\/div><div class=\"prpl-column one-half\">\n<figure class=\"responsive-image-holder wp-caption alignnone\"><img decoding=\"async\" class=\"mlt-responsive-image\" data-original-image=\"\/water-science\/wp-content\/uploads\/sites\/73\/2021\/05\/aphanocapsa-5.jpg\" src=\"\/responsive-media\/cache\/water-science\/wp-content\/uploads\/sites\/73\/2021\/05\/aphanocapsa-5.jpg.0.1x.generic.jpg\" alt=\"aphanocapsa (image 5)\"\/><\/figure>\n<p>400X total magnification; 10 \u03bcm scale bar.<\/p><\/div><div class=\"prpl-column one-half\">\n<figure class=\"responsive-image-holder wp-caption alignnone\"><a href=\"\/water-science\/wp-content\/uploads\/sites\/73\/2021\/05\/aphanocapsa-6.jpg\"><img decoding=\"async\" class=\"mlt-responsive-image\" data-original-image=\"\/water-science\/wp-content\/uploads\/sites\/73\/2021\/05\/aphanocapsa-6.jpg\" src=\"\/responsive-media\/cache\/water-science\/wp-content\/uploads\/sites\/73\/2021\/05\/aphanocapsa-6.jpg.0.1x.generic.jpg\" alt=\"aphanocapsa (image 6)\"\/><\/a><\/figure>\n<p>400X total magnification; 10 \u03bcm scale bar.<\/p><\/div><br \/>\n<\/p><\/div>\n<h2>Morphology<\/h2>\n<p>Typically microscopic colonies (in some species macroscopic), which are roughly spherical, flat or irregular in shape. Colonies typically contain many irregularly distributed cells, which may be either densely or sparsely arranged within the colony. Colonial mucilage usually colorless, homogeneous, with a diffuse margin; individual cells usually do not have their own distinct mucilaginous envelopes (cells rarely with a fine individual envelope). Cells are spherical, or hemispherical after cell division, and 0.4-6(12) \u03bcm in diameter; may remain in pairs, or groups of four, following cell division. Cells do not possess gas vesicles. Among freshwater species, cell color ranges from pale to bright blue-green to olive-green.<\/p>\n<h2>Ecology<\/h2>\n<p>Species occur in subaerial, soil, and aquatic habitats. In North America, this genus has been reported from both planktic and benthic habitats.<\/p>\n<h2>References<\/h2>\n<ul>\n<li>Johansen, J. R., &amp; Kom\u00e1rek, J. (2015). Coccoid Cyanobacteria. In J. D. Wehr, R. G. Sheath, &amp; J. P. Kociolek (Eds.), <em>Freshwater Algae of North America: Ecology and Classification<\/em> (2nd ed., pp. 91-95). Waltham, MA: Elsevier.<\/li>\n<li>Kom\u00e1rek, J. &amp; Anagnostidis, K. (2008). Cyanoprokaryota-1. Teil\/Part 1: Chroococcales. In H. Ettl, G. G\u00e4rtner, H. Heynig, &amp; D. Mollenhauer (Eds.), <em>S\u00fc\u00dfwasserflora von Mitteleuropa<\/em> (Vol. 19\/1, p. 146). Heidelberg, Germany: Spektrum.<\/li>\n<\/ul>\n","protected":false},"excerpt":{"rendered":"<p>Taxonomy Order Synechococcales Family Merismopediaceae Genus Aphanocapsa Examples of Aphanocapsa Morphology Typically microscopic colonies (in some species macroscopic), which are roughly spherical, flat or irregular in shape. Colonies typically contain many irregularly distributed cells, which may be either densely or sparsely arranged within the colony. Colonial mucilage usually colorless, homogeneous, with a diffuse margin; individual [&hellip;]<\/p>\n","protected":false},"author":34,"featured_media":611,"parent":815,"menu_order":9,"comment_status":"closed","ping_status":"closed","template":"","meta":{"inline_featured_image":false,"footnotes":""},"class_list":["post-832","page","type-page","status-publish","has-post-thumbnail","hentry"],"_links":{"self":[{"href":"https:\/\/www.montclair.edu\/water-science\/wp-json\/wp\/v2\/pages\/832","targetHints":{"allow":["GET"]}}],"collection":[{"href":"https:\/\/www.montclair.edu\/water-science\/wp-json\/wp\/v2\/pages"}],"about":[{"href":"https:\/\/www.montclair.edu\/water-science\/wp-json\/wp\/v2\/types\/page"}],"author":[{"embeddable":true,"href":"https:\/\/www.montclair.edu\/water-science\/wp-json\/wp\/v2\/users\/34"}],"replies":[{"embeddable":true,"href":"https:\/\/www.montclair.edu\/water-science\/wp-json\/wp\/v2\/comments?post=832"}],"version-history":[{"count":13,"href":"https:\/\/www.montclair.edu\/water-science\/wp-json\/wp\/v2\/pages\/832\/revisions"}],"predecessor-version":[{"id":1049,"href":"https:\/\/www.montclair.edu\/water-science\/wp-json\/wp\/v2\/pages\/832\/revisions\/1049"}],"up":[{"embeddable":true,"href":"https:\/\/www.montclair.edu\/water-science\/wp-json\/wp\/v2\/pages\/815"}],"wp:featuredmedia":[{"embeddable":true,"href":"https:\/\/www.montclair.edu\/water-science\/wp-json\/wp\/v2\/media\/611"}],"wp:attachment":[{"href":"https:\/\/www.montclair.edu\/water-science\/wp-json\/wp\/v2\/media?parent=832"}],"curies":[{"name":"wp","href":"https:\/\/api.w.org\/{rel}","templated":true}]}}