{"id":842,"date":"2021-05-21T12:30:17","date_gmt":"2021-05-21T16:30:17","guid":{"rendered":"http:\/\/www.montclair.edu\/water-science\/?page_id=842"},"modified":"2021-06-09T17:02:12","modified_gmt":"2021-06-09T21:02:12","slug":"aphanothece","status":"publish","type":"page","link":"https:\/\/www.montclair.edu\/water-science\/freshwater-cyanobacteria-of-new-jersey\/visual-guide-to-cyanobacteria-in-new-jersey\/coccoid\/colonial\/aphanothece\/","title":{"rendered":"Aphanothece"},"content":{"rendered":"<h2>Taxonomy<\/h2>\n<dl class=\"compact\">\n<dt>Order<\/dt>\n<dd>Chroococcales<\/dd>\n<dt>Family<\/dt>\n<dd>Aphanothecaceae<\/dd>\n<dt>Genus<\/dt>\n<dd><em>Aphanothece<\/em><\/dd>\n<\/dl>\n<h2>Examples of <em>Aphanothece<\/em><\/h2>\n<div class=\"prpl-row\"><br \/>\n<div class=\"prpl-column one-half\">\n<figure class=\"responsive-image-holder wp-caption alignnone\"><a href=\"\/water-science\/wp-content\/uploads\/sites\/73\/2021\/05\/aphanothece-2.jpg\"><img decoding=\"async\" class=\"mlt-responsive-image\" data-original-image=\"\/water-science\/wp-content\/uploads\/sites\/73\/2021\/05\/aphanothece-2.jpg\" src=\"\/responsive-media\/cache\/water-science\/wp-content\/uploads\/sites\/73\/2021\/05\/aphanothece-2.jpg.0.1x.generic.jpg\" alt=\"aphanothece (image 2)\"\/><\/a><\/figure>\n<p>400X total magnification; 10 \u03bcm scale bar.<\/p><\/div><div class=\"prpl-column one-half\">\n<figure class=\"responsive-image-holder wp-caption alignnone\"><a href=\"\/water-science\/wp-content\/uploads\/sites\/73\/2021\/05\/aphanothece-1.jpg\"><img decoding=\"async\" class=\"mlt-responsive-image\" data-original-image=\"\/water-science\/wp-content\/uploads\/sites\/73\/2021\/05\/aphanothece-1.jpg\" src=\"\/responsive-media\/cache\/water-science\/wp-content\/uploads\/sites\/73\/2021\/05\/aphanothece-1.jpg.0.1x.generic.jpg\" alt=\"aphanothece dyed\"\/><\/a><\/figure>\n<p>400X total magnification; 10 \u03bcm scale bar.<\/p><\/div><div class=\"prpl-column one-half\">\n<figure class=\"responsive-image-holder wp-caption alignnone\"><a href=\"\/water-science\/wp-content\/uploads\/sites\/73\/2021\/05\/aphanothece1.jpg\"><img decoding=\"async\" class=\"mlt-responsive-image\" data-original-image=\"\/water-science\/wp-content\/uploads\/sites\/73\/2021\/05\/aphanothece1.jpg\" src=\"\/responsive-media\/cache\/water-science\/wp-content\/uploads\/sites\/73\/2021\/05\/aphanothece1.jpg.0.1x.generic.jpg\" alt=\"aphanothece (image 1)\"\/><\/a><\/figure>\n<p>400X total magnification; 10 \u03bcm scale bar.<\/p><\/div><br \/>\n<\/p><\/div>\n<h2>Morphology<\/h2>\n<p>Microscopic to macroscopic colonies&#8211;capable of reaching up to several centimeters in diameter&#8211;roughly spherical or amorphous in shape, and grayish, greenish, blue-green, or brownish. Cells are irregularly arranged, sparsely or densely, within colonial mucilage. Colonial mucilage clearly delimited or diffluent; colorless or yellowish to yellow-brown near margins; may be lamellated (layered) near margins. Cells&#8211;especially near colony margin&#8211;may have their own individual envelopes. Cells widely oval or rod-shaped; straight or slightly arcuate (bent); pale to bright blue-green, green, or greyish blue-green in color. Some planktonic species possess aerotopes. Cell size varies among species, from less than 1 \u03bcm long to 12 \u03bcm long.<\/p>\n<h2>Ecology<\/h2>\n<p>In North America, numerous species have been found in soils, the benthos of waterbodies, on wet rocks, and in hot springs. Other species are found in tropical to subtropical swamps, and in brackish environments.<\/p>\n<h2>References<\/h2>\n<ul>\n<li>Johansen, J. R., &amp; Kom\u00e1rek, J. (2015). Coccoid Cyanobacteria. In J. D. Wehr, R. G. Sheath, &amp; J. P. Kociolek (Eds.), <em>Freshwater Algae of North America: Ecology and Classification<\/em> (2nd ed., pp. 103-105). Waltham, MA: Elsevier.<\/li>\n<li>Kom\u00e1rek, J. &amp; Anagnostidis, K. (2008). Cyanoprokaryota-1. Teil\/Part 1: Chroococcales. In H. Ettl, G. G\u00e4rtner, H. Heynig, &amp; D. Mollenhauer (Eds.), <em>S\u00fc\u00dfwasserflora von Mitteleuropa<\/em> (Vol. 19\/1, pp. 71-74). Heidelberg, Germany: Spektrum.<\/li>\n<\/ul>\n","protected":false},"excerpt":{"rendered":"<p>Taxonomy Order Chroococcales Family Aphanothecaceae Genus Aphanothece Examples of Aphanothece Morphology Microscopic to macroscopic colonies&#8211;capable of reaching up to several centimeters in diameter&#8211;roughly spherical or amorphous in shape, and grayish, greenish, blue-green, or brownish. Cells are irregularly arranged, sparsely or densely, within colonial mucilage. Colonial mucilage clearly delimited or diffluent; colorless or yellowish to yellow-brown [&hellip;]<\/p>\n","protected":false},"author":34,"featured_media":611,"parent":815,"menu_order":8,"comment_status":"closed","ping_status":"closed","template":"","meta":{"inline_featured_image":false,"footnotes":""},"class_list":["post-842","page","type-page","status-publish","has-post-thumbnail","hentry"],"_links":{"self":[{"href":"https:\/\/www.montclair.edu\/water-science\/wp-json\/wp\/v2\/pages\/842","targetHints":{"allow":["GET"]}}],"collection":[{"href":"https:\/\/www.montclair.edu\/water-science\/wp-json\/wp\/v2\/pages"}],"about":[{"href":"https:\/\/www.montclair.edu\/water-science\/wp-json\/wp\/v2\/types\/page"}],"author":[{"embeddable":true,"href":"https:\/\/www.montclair.edu\/water-science\/wp-json\/wp\/v2\/users\/34"}],"replies":[{"embeddable":true,"href":"https:\/\/www.montclair.edu\/water-science\/wp-json\/wp\/v2\/comments?post=842"}],"version-history":[{"count":6,"href":"https:\/\/www.montclair.edu\/water-science\/wp-json\/wp\/v2\/pages\/842\/revisions"}],"predecessor-version":[{"id":1020,"href":"https:\/\/www.montclair.edu\/water-science\/wp-json\/wp\/v2\/pages\/842\/revisions\/1020"}],"up":[{"embeddable":true,"href":"https:\/\/www.montclair.edu\/water-science\/wp-json\/wp\/v2\/pages\/815"}],"wp:featuredmedia":[{"embeddable":true,"href":"https:\/\/www.montclair.edu\/water-science\/wp-json\/wp\/v2\/media\/611"}],"wp:attachment":[{"href":"https:\/\/www.montclair.edu\/water-science\/wp-json\/wp\/v2\/media?parent=842"}],"curies":[{"name":"wp","href":"https:\/\/api.w.org\/{rel}","templated":true}]}}