{"id":844,"date":"2021-05-21T12:35:52","date_gmt":"2021-05-21T16:35:52","guid":{"rendered":"http:\/\/www.montclair.edu\/water-science\/?page_id=844"},"modified":"2021-06-09T17:02:00","modified_gmt":"2021-06-09T21:02:00","slug":"chroococcus","status":"publish","type":"page","link":"https:\/\/www.montclair.edu\/water-science\/freshwater-cyanobacteria-of-new-jersey\/visual-guide-to-cyanobacteria-in-new-jersey\/coccoid\/colonial\/chroococcus\/","title":{"rendered":"Chroococcus"},"content":{"rendered":"<h2>Taxonomy<\/h2>\n<dl class=\"compact\">\n<dt>Order<\/dt>\n<dd>Chroococcales<\/dd>\n<dt>Family<\/dt>\n<dd>Chroococcaceae<\/dd>\n<dt>Genus<\/dt>\n<dd><em>Chroococcus<\/em><\/dd>\n<\/dl>\n<h2>Examples of <em>Chroococcus<\/em><\/h2>\n<div class=\"prpl-row\"><br \/>\n<div class=\"prpl-column one-half\">\n<figure class=\"responsive-image-holder wp-caption alignnone\"><a href=\"\/water-science\/wp-content\/uploads\/sites\/73\/2021\/05\/chroococcus-2.jpg\"><img decoding=\"async\" class=\"mlt-responsive-image\" data-original-image=\"\/water-science\/wp-content\/uploads\/sites\/73\/2021\/05\/chroococcus-2.jpg\" src=\"\/responsive-media\/cache\/water-science\/wp-content\/uploads\/sites\/73\/2021\/05\/chroococcus-2.jpg.0.1x.generic.jpg\" alt=\"chroococcus (image 2)\"\/><\/a><\/figure>\n<p>400X total magnification; 10 \u03bcm scale bar.<\/p><\/div><div class=\"prpl-column one-half\">\n<figure class=\"responsive-image-holder wp-caption alignnone\"><a href=\"\/water-science\/wp-content\/uploads\/sites\/73\/2021\/05\/chroococcus-4.jpg\"><img decoding=\"async\" class=\"mlt-responsive-image\" data-original-image=\"\/water-science\/wp-content\/uploads\/sites\/73\/2021\/05\/chroococcus-4.jpg\" src=\"\/responsive-media\/cache\/water-science\/wp-content\/uploads\/sites\/73\/2021\/05\/chroococcus-4.jpg.0.1x.generic.jpg\" alt=\"chroococcus (image 4)\"\/><\/a><\/figure>\n<p>400X total magnification; 10 \u03bcm scale bar.<\/p><\/div><div class=\"prpl-column one-half\">\n<figure class=\"responsive-image-holder wp-caption alignnone\"><a href=\"\/water-science\/wp-content\/uploads\/sites\/73\/2021\/05\/chroococcus-3jpg.jpg\"><img decoding=\"async\" class=\"mlt-responsive-image\" data-original-image=\"\/water-science\/wp-content\/uploads\/sites\/73\/2021\/05\/chroococcus-3jpg.jpg\" src=\"\/responsive-media\/cache\/water-science\/wp-content\/uploads\/sites\/73\/2021\/05\/chroococcus-3jpg.jpg.0.1x.generic.jpg\" alt=\"chroococcus (image 3)\"\/><\/a><\/figure>\n<p>400X total magnification<\/p><\/div><div class=\"prpl-column one-half\">\n<figure class=\"responsive-image-holder wp-caption alignnone\"><img decoding=\"async\" class=\"mlt-responsive-image\" data-original-image=\"\/water-science\/wp-content\/uploads\/sites\/73\/2021\/05\/chroococcus-1.jpg\" src=\"\/responsive-media\/cache\/water-science\/wp-content\/uploads\/sites\/73\/2021\/05\/chroococcus-1.jpg.0.1x.generic.jpg\" alt=\"chroococcus (image 1)\"\/><\/figure>\n<p>400X total magnification; 10 \u03bcm scale bar. Phase contrast.<\/p><\/div><div class=\"prpl-column one-half\">\n<figure class=\"responsive-image-holder wp-caption alignnone\"><a href=\"\/water-science\/wp-content\/uploads\/sites\/73\/2021\/05\/chroococcus-5.jpg\"><img decoding=\"async\" class=\"mlt-responsive-image\" data-original-image=\"\/water-science\/wp-content\/uploads\/sites\/73\/2021\/05\/chroococcus-5.jpg\" src=\"\/responsive-media\/cache\/water-science\/wp-content\/uploads\/sites\/73\/2021\/05\/chroococcus-5.jpg.0.1x.generic.jpg\" alt=\"chroococcus (image 5)\"\/><\/a><\/figure>\n<p>400X total magnification; 10 \u03bcm scale bar.<\/p><\/div><div class=\"prpl-column one-half\">\n<figure class=\"responsive-image-holder wp-caption alignnone\"><a href=\"\/water-science\/wp-content\/uploads\/sites\/73\/2021\/05\/chroococcus-6.jpg\"><img decoding=\"async\" class=\"mlt-responsive-image\" data-original-image=\"\/water-science\/wp-content\/uploads\/sites\/73\/2021\/05\/chroococcus-6.jpg\" src=\"\/responsive-media\/cache\/water-science\/wp-content\/uploads\/sites\/73\/2021\/05\/chroococcus-6.jpg.0.1x.generic.jpg\" alt=\"chroococcus (image 6)\"\/><\/a><\/figure>\n<p>400X total magnification<\/p><\/div><br \/>\n<\/p><\/div>\n<h2>Morphology<\/h2>\n<p>Colonies are gelatinous, irregular to roughly spherical in shape; usually composed of a small group of up to 16 cells, and commonly with only one to four cells per colony; within colonies, cells sometimes form packet-like groups of 2-8 cells. Colonies usually do not contain a large number of cells; only rarely forming large agglomerations of many cells. Cells, or groups of cells, are surrounded by colorless or yellowish mucilaginous envelopes; envelopes typically copy the cell outline and have distinct margins, and are often concentrically lamellated (layered). Cells are at first oval to spherical in shape; following division, hemispherical or in the shape of a segment of a sphere (often looks like a sphere cut into four slices); cells do not reach their original spherical shape before the next round of division*. Cell size can reach up to 50 \u03bcm in diameter. Cell content may be grey, greenish-grey, blue-green, olive-green, yellowish, orange, reddish, or violet in color; homogeneous or granular; aerotopes present only in a few planktic species.<\/p>\n<p>*The genus <em>Limnococcus<\/em>, whose cells do reach (roughly) their original form before dividing again, was derived from <em>Chroococcus<\/em>; <em>Limnococcus<\/em> was previously classified as a subgenus of <em>Chroococcus<\/em>.<\/p>\n<h2>Ecology<\/h2>\n<p><em>Chroococcus<\/em> is distributed across North America. Most species are metaphytic, and the most common are found in somewhat acidic wetlands, but the genus also includes epiphytic and periphytic species, and may be found in ponds and lakes (freshwater). More rarely aerophytic or in thermal springs.<\/p>\n<h2>References<\/h2>\n<ul>\n<li>Johansen, J. R., &amp; Kom\u00e1rek, J. (2015). Coccoid Cyanobacteria. In J. D. Wehr, R. G. Sheath, &amp; J. P. Kociolek (Eds.), <em>Freshwater Algae of North America: Ecology and Classification<\/em> (2nd ed., pp. 97-109). Waltham, MA: Elsevier.<\/li>\n<li>Kom\u00e1rek, J. &amp; Anagnostidis, K. (2008). Cyanoprokaryota-1. Teil\/Part 1: Chroococcales. In H. Ettl, G. G\u00e4rtner, H. Heynig, &amp; D. Mollenhauer (Eds.), <em>S\u00fc\u00dfwasserflora von Mitteleuropa<\/em> (Vol. 19\/1, pp. 279-281). Heidelberg, Germany: Spektrum.<\/li>\n<\/ul>\n","protected":false},"excerpt":{"rendered":"<p>Taxonomy Order Chroococcales Family Chroococcaceae Genus Chroococcus Examples of Chroococcus Morphology Colonies are gelatinous, irregular to roughly spherical in shape; usually composed of a small group of up to 16 cells, and commonly with only one to four cells per colony; within colonies, cells sometimes form packet-like groups of 2-8 cells. Colonies usually do not [&hellip;]<\/p>\n","protected":false},"author":34,"featured_media":611,"parent":815,"menu_order":7,"comment_status":"closed","ping_status":"closed","template":"","meta":{"inline_featured_image":false,"footnotes":""},"class_list":["post-844","page","type-page","status-publish","has-post-thumbnail","hentry"],"_links":{"self":[{"href":"https:\/\/www.montclair.edu\/water-science\/wp-json\/wp\/v2\/pages\/844","targetHints":{"allow":["GET"]}}],"collection":[{"href":"https:\/\/www.montclair.edu\/water-science\/wp-json\/wp\/v2\/pages"}],"about":[{"href":"https:\/\/www.montclair.edu\/water-science\/wp-json\/wp\/v2\/types\/page"}],"author":[{"embeddable":true,"href":"https:\/\/www.montclair.edu\/water-science\/wp-json\/wp\/v2\/users\/34"}],"replies":[{"embeddable":true,"href":"https:\/\/www.montclair.edu\/water-science\/wp-json\/wp\/v2\/comments?post=844"}],"version-history":[{"count":6,"href":"https:\/\/www.montclair.edu\/water-science\/wp-json\/wp\/v2\/pages\/844\/revisions"}],"predecessor-version":[{"id":1047,"href":"https:\/\/www.montclair.edu\/water-science\/wp-json\/wp\/v2\/pages\/844\/revisions\/1047"}],"up":[{"embeddable":true,"href":"https:\/\/www.montclair.edu\/water-science\/wp-json\/wp\/v2\/pages\/815"}],"wp:featuredmedia":[{"embeddable":true,"href":"https:\/\/www.montclair.edu\/water-science\/wp-json\/wp\/v2\/media\/611"}],"wp:attachment":[{"href":"https:\/\/www.montclair.edu\/water-science\/wp-json\/wp\/v2\/media?parent=844"}],"curies":[{"name":"wp","href":"https:\/\/api.w.org\/{rel}","templated":true}]}}