{"id":851,"date":"2021-05-21T12:47:12","date_gmt":"2021-05-21T16:47:12","guid":{"rendered":"http:\/\/www.montclair.edu\/water-science\/?page_id=851"},"modified":"2021-06-09T16:58:07","modified_gmt":"2021-06-09T20:58:07","slug":"merismopedia","status":"publish","type":"page","link":"https:\/\/www.montclair.edu\/water-science\/freshwater-cyanobacteria-of-new-jersey\/visual-guide-to-cyanobacteria-in-new-jersey\/coccoid\/colonial\/merismopedia\/","title":{"rendered":"Merismopedia"},"content":{"rendered":"<h2>Taxonomy<\/h2>\n<dl class=\"compact\">\n<dt>Order<\/dt>\n<dd>Synechococcales<\/dd>\n<dt>Family<\/dt>\n<dd>Merismopediaceae<\/dd>\n<dt>Genus<\/dt>\n<dd><em>Merismopedia<\/em><\/dd>\n<\/dl>\n<h2>Examples of <em>Merismopedia<\/em><\/h2>\n<div class=\"prpl-row\"><div class=\"prpl-column one-half\">\n<figure class=\"responsive-image-holder wp-caption alignnone\"><a href=\"\/water-science\/wp-content\/uploads\/sites\/73\/2021\/05\/merismopedia-1.jpg\"><img decoding=\"async\" class=\"mlt-responsive-image\" data-original-image=\"\/water-science\/wp-content\/uploads\/sites\/73\/2021\/05\/merismopedia-1.jpg\" src=\"\/responsive-media\/cache\/water-science\/wp-content\/uploads\/sites\/73\/2021\/05\/merismopedia-1.jpg.0.1x.generic.jpg\" alt=\"merismopedia (image 1)\"\/><\/a><\/figure>\n<p>400X total magnification; 10 \u03bcm scale bar.<\/p><\/div><div class=\"prpl-column one-half\">\n<figure class=\"responsive-image-holder wp-caption alignnone\"><a href=\"\/water-science\/wp-content\/uploads\/sites\/73\/2021\/05\/merismopedia-2.jpg\"><img decoding=\"async\" class=\"mlt-responsive-image\" data-original-image=\"\/water-science\/wp-content\/uploads\/sites\/73\/2021\/05\/merismopedia-2.jpg\" src=\"\/responsive-media\/cache\/water-science\/wp-content\/uploads\/sites\/73\/2021\/05\/merismopedia-2.jpg.0.1x.generic.jpg\" alt=\"merismopedia (image 2)\"\/><\/a><\/figure>\n<p>400X total magnification<\/p><\/div><div class=\"prpl-column one-half\">\n<figure class=\"responsive-image-holder wp-caption alignnone\"><a href=\"\/water-science\/wp-content\/uploads\/sites\/73\/2021\/05\/merismopedia-3.jpg\"><img decoding=\"async\" class=\"mlt-responsive-image\" data-original-image=\"\/water-science\/wp-content\/uploads\/sites\/73\/2021\/05\/merismopedia-3.jpg\" src=\"\/responsive-media\/cache\/water-science\/wp-content\/uploads\/sites\/73\/2021\/05\/merismopedia-3.jpg.0.1x.generic.jpg\" alt=\"merismopedia (image 3)\"\/><\/a><\/figure>\n<p>400X total magnification; stained with nigrosin.<\/p><\/div><\/p><\/div>\n<h2>Morphology<\/h2>\n<p>Plate-like colonies, flat to slightly wavy, more or less square or rectangular (older colonies sometimes with irregular outline); flattened, plate-like colonies sometimes aggregate together into larger colonies; most colonies microscopic. Colonies may contain only a small number of cells, or more than 4,000 cells. Colonies are composed of a single layer of cells, with the cells arranged in perpendicular rows; cells may be densely packed or distant from one another. Colonial mucilage is colorless, fine, and typically has diffuse margins; cells of some species facultatively develop individual envelopes. Cells spherical to widely oval; if oval, then with the longer axis of the cell lying in the plane of the colony; hemispherical following cell division; (0.4)1.2-6.5(17) \u03bcm in diameter. Cells pale to bright blue-green, rarely reddish. Cells of several planktic species possess one or a few aerotopes in their centers; otherwise without aerotopes.<\/p>\n<h2>Ecology<\/h2>\n<p>Species inhabit both freshwater and saline environments. In North American temperate regions, several species are common in the plankton and metaphyton of eutrophic to mesotrophic waters; other common species are metaphytic in mesotrophic lakes, ponds, and swamps.<\/p>\n<h2>References<\/h2>\n<ul>\n<li>Johansen, J. R., &amp; Kom\u00e1rek, J. (2015). Coccoid Cyanobacteria. In J. D. Wehr, R. G. Sheath, &amp; J. P. Kociolek (Eds.), <em>Freshwater Algae of North America: Ecology and Classification<\/em> (2nd ed., pp. 91-95). Waltham, MA: Elsevier.<\/li>\n<li>Kom\u00e1rek, J. &amp; Anagnostidis, K. (2008). Cyanoprokaryota-1. Teil\/Part 1: Chroococcales. In H. Ettl, G. G\u00e4rtner, H. Heynig, &amp; D. Mollenhauer (Eds.), <em>S\u00fc\u00dfwasserflora von Mitteleuropa<\/em> (Vol. 19\/1, pp. 169-179). Heidelberg, Germany: Spektrum.<\/li>\n<\/ul>\n","protected":false},"excerpt":{"rendered":"<p>Taxonomy Order Synechococcales Family Merismopediaceae Genus Merismopedia Examples of Merismopedia Morphology Plate-like colonies, flat to slightly wavy, more or less square or rectangular (older colonies sometimes with irregular outline); flattened, plate-like colonies sometimes aggregate together into larger colonies; most colonies microscopic. Colonies may contain only a small number of cells, or more than 4,000 cells. [&hellip;]<\/p>\n","protected":false},"author":34,"featured_media":611,"parent":815,"menu_order":4,"comment_status":"closed","ping_status":"closed","template":"","meta":{"inline_featured_image":false,"footnotes":""},"class_list":["post-851","page","type-page","status-publish","has-post-thumbnail","hentry"],"_links":{"self":[{"href":"https:\/\/www.montclair.edu\/water-science\/wp-json\/wp\/v2\/pages\/851","targetHints":{"allow":["GET"]}}],"collection":[{"href":"https:\/\/www.montclair.edu\/water-science\/wp-json\/wp\/v2\/pages"}],"about":[{"href":"https:\/\/www.montclair.edu\/water-science\/wp-json\/wp\/v2\/types\/page"}],"author":[{"embeddable":true,"href":"https:\/\/www.montclair.edu\/water-science\/wp-json\/wp\/v2\/users\/34"}],"replies":[{"embeddable":true,"href":"https:\/\/www.montclair.edu\/water-science\/wp-json\/wp\/v2\/comments?post=851"}],"version-history":[{"count":6,"href":"https:\/\/www.montclair.edu\/water-science\/wp-json\/wp\/v2\/pages\/851\/revisions"}],"predecessor-version":[{"id":1038,"href":"https:\/\/www.montclair.edu\/water-science\/wp-json\/wp\/v2\/pages\/851\/revisions\/1038"}],"up":[{"embeddable":true,"href":"https:\/\/www.montclair.edu\/water-science\/wp-json\/wp\/v2\/pages\/815"}],"wp:featuredmedia":[{"embeddable":true,"href":"https:\/\/www.montclair.edu\/water-science\/wp-json\/wp\/v2\/media\/611"}],"wp:attachment":[{"href":"https:\/\/www.montclair.edu\/water-science\/wp-json\/wp\/v2\/media?parent=851"}],"curies":[{"name":"wp","href":"https:\/\/api.w.org\/{rel}","templated":true}]}}