{"id":859,"date":"2021-05-21T13:02:36","date_gmt":"2021-05-21T17:02:36","guid":{"rendered":"http:\/\/www.montclair.edu\/water-science\/?page_id=859"},"modified":"2021-06-09T17:48:48","modified_gmt":"2021-06-09T21:48:48","slug":"woronichinia","status":"publish","type":"page","link":"https:\/\/www.montclair.edu\/water-science\/freshwater-cyanobacteria-of-new-jersey\/visual-guide-to-cyanobacteria-in-new-jersey\/coccoid\/colonial\/woronichinia\/","title":{"rendered":"Woronichinia"},"content":{"rendered":"<h2>Taxonomy<\/h2>\n<dl class=\"compact\">\n<dt>Order<\/dt>\n<dd>Synechococcales<\/dd>\n<dt>Family<\/dt>\n<dd>Coelosphaeriaceae<\/dd>\n<dt>Genus<\/dt>\n<dd><em>Woronichinia<\/em><\/dd>\n<\/dl>\n<h2>Examples of <em>Woronichinia<\/em><\/h2>\n<div class=\"prpl-row\"><br \/>\n<div class=\"prpl-column one-half\">\n<figure class=\"responsive-image-holder wp-caption alignnone\"><a href=\"\/water-science\/wp-content\/uploads\/sites\/73\/2021\/05\/woronichinia-5.jpg\"><img decoding=\"async\" class=\"mlt-responsive-image\" data-original-image=\"\/water-science\/wp-content\/uploads\/sites\/73\/2021\/05\/woronichinia-5.jpg\" src=\"\/responsive-media\/cache\/water-science\/wp-content\/uploads\/sites\/73\/2021\/05\/woronichinia-5.jpg.0.1x.generic.jpg\" alt=\"woronichinia (image 5)\"\/><\/a><\/figure>\n<p>400X total magnification; 10 \u03bcm scale bar.<\/p><\/div><div class=\"prpl-column one-half\">\n<figure class=\"responsive-image-holder wp-caption alignnone\"><a href=\"\/water-science\/wp-content\/uploads\/sites\/73\/2021\/05\/woronichinia-1.jpg\"><img decoding=\"async\" class=\"mlt-responsive-image\" data-original-image=\"\/water-science\/wp-content\/uploads\/sites\/73\/2021\/05\/woronichinia-1.jpg\" src=\"\/responsive-media\/cache\/water-science\/wp-content\/uploads\/sites\/73\/2021\/05\/woronichinia-1.jpg.0.1x.generic.jpg\" alt=\"woronichinia (image 1)\"\/><\/a><\/figure>\n<p>400X total magnification; 10 \u03bcm scale bar.<\/p><\/div><\/p><\/div><div class=\"prpl-row\"><div class=\"prpl-column one-half\">\n<figure class=\"responsive-image-holder wp-caption alignnone\"><a href=\"\/water-science\/wp-content\/uploads\/sites\/73\/2021\/05\/woronichinia-4.jpg\"><img decoding=\"async\" class=\"mlt-responsive-image\" data-original-image=\"\/water-science\/wp-content\/uploads\/sites\/73\/2021\/05\/woronichinia-4.jpg\" src=\"\/responsive-media\/cache\/water-science\/wp-content\/uploads\/sites\/73\/2021\/05\/woronichinia-4.jpg.0.1x.generic.jpg\" alt=\"woronichinia (image 4)\"\/><\/a><\/figure>\n<p>A colony of cells, surrounded by solitary cells extruded from colonies as part of the colony reproduction cycle. 400X total magnification.<\/p><\/div><\/p><\/div>\n<h2>Morphology<\/h2>\n<p>Spherical to irregularly oval colonies, often composed of subcolonies, enveloped by diffuse, colorless mucilage. Colonies contain a system of unbranched mucilaginous stalks, radiating outward from the colony center; cells are held at the ends of the stalks, sometimes enveloped by the stalks; stalks densely packed, usually as wide as the cells, and sometimes diffuse near the colony center. Cells radially arranged in a peripheral layer (see third and fourth images to the right); may be very densely arranged in older colonies. Cells usually slightly elongate, widely oval, or obovoid (egg-shaped, with the narrower end oriented towards the colony center), only rarely nearly spherical in shape; (2.5)-7 x 1-4(5) \u03bcm in size; with aerotopes in some species; pale blue-green, olive-green, or reddish (however, as with <em>Microcystis<\/em>, aerotopes can give cells an overall brownish color). Solitary cells may be spontaneously liberated from colonies, via expulsion, as part of the colony reproduction cycle (see last image to the right).<\/p>\n<h2>Ecology<\/h2>\n<p>Species with aerotopes are capable of forming surface blooms in mesotrophic to eutrophic waterbodies; <em>W. naegeliana<\/em> contains aerotopes and is common in the plankton of lakes throughout temperate regions. Non-planktic species may be epipelic among benthic algae and plants; benthic or metaphytic in oligotrophic ponds, swamps, pools, or lakes.<\/p>\n<h2>References<\/h2>\n<ul>\n<li>Johansen, J. R., &amp; Kom\u00e1rek, J. (2015). Coccoid Cyanobacteria. In J. D. Wehr, R. G. Sheath, &amp; J. P. Kociolek (Eds.), <em>Freshwater Algae of North America: Ecology and Classification<\/em> (2nd ed., pp. 91-101). Waltham, MA: Elsevier.<\/li>\n<li>Kom\u00e1rek, J. &amp; Anagnostidis, K. (2008). Cyanoprokaryota-1. Teil\/Part 1: Chroococcales. In H. Ettl, G. G\u00e4rtner, H. Heynig, &amp; D. Mollenhauer (Eds.), <em>S\u00fc\u00dfwasserflora von Mitteleuropa<\/em> (Vol. 19\/1, pp. 207-215). Heidelberg, Germany: Spektrum.<\/li>\n<\/ul>\n","protected":false},"excerpt":{"rendered":"<p>Taxonomy Order Synechococcales Family Coelosphaeriaceae Genus Woronichinia Examples of Woronichinia Morphology Spherical to irregularly oval colonies, often composed of subcolonies, enveloped by diffuse, colorless mucilage. Colonies contain a system of unbranched mucilaginous stalks, radiating outward from the colony center; cells are held at the ends of the stalks, sometimes enveloped by the stalks; stalks densely [&hellip;]<\/p>\n","protected":false},"author":34,"featured_media":611,"parent":815,"menu_order":1,"comment_status":"closed","ping_status":"closed","template":"","meta":{"inline_featured_image":false,"footnotes":""},"class_list":["post-859","page","type-page","status-publish","has-post-thumbnail","hentry"],"_links":{"self":[{"href":"https:\/\/www.montclair.edu\/water-science\/wp-json\/wp\/v2\/pages\/859","targetHints":{"allow":["GET"]}}],"collection":[{"href":"https:\/\/www.montclair.edu\/water-science\/wp-json\/wp\/v2\/pages"}],"about":[{"href":"https:\/\/www.montclair.edu\/water-science\/wp-json\/wp\/v2\/types\/page"}],"author":[{"embeddable":true,"href":"https:\/\/www.montclair.edu\/water-science\/wp-json\/wp\/v2\/users\/34"}],"replies":[{"embeddable":true,"href":"https:\/\/www.montclair.edu\/water-science\/wp-json\/wp\/v2\/comments?post=859"}],"version-history":[{"count":5,"href":"https:\/\/www.montclair.edu\/water-science\/wp-json\/wp\/v2\/pages\/859\/revisions"}],"predecessor-version":[{"id":1070,"href":"https:\/\/www.montclair.edu\/water-science\/wp-json\/wp\/v2\/pages\/859\/revisions\/1070"}],"up":[{"embeddable":true,"href":"https:\/\/www.montclair.edu\/water-science\/wp-json\/wp\/v2\/pages\/815"}],"wp:featuredmedia":[{"embeddable":true,"href":"https:\/\/www.montclair.edu\/water-science\/wp-json\/wp\/v2\/media\/611"}],"wp:attachment":[{"href":"https:\/\/www.montclair.edu\/water-science\/wp-json\/wp\/v2\/media?parent=859"}],"curies":[{"name":"wp","href":"https:\/\/api.w.org\/{rel}","templated":true}]}}