{"id":863,"date":"2021-05-21T13:08:19","date_gmt":"2021-05-21T17:08:19","guid":{"rendered":"http:\/\/www.montclair.edu\/water-science\/?page_id=863"},"modified":"2021-06-09T15:17:21","modified_gmt":"2021-06-09T19:17:21","slug":"anabaena","status":"publish","type":"page","link":"https:\/\/www.montclair.edu\/water-science\/freshwater-cyanobacteria-of-new-jersey\/visual-guide-to-cyanobacteria-in-new-jersey\/filamentous\/heterocyte-forming\/anabaena\/","title":{"rendered":"Anabaena"},"content":{"rendered":"<h2>Taxonomy<\/h2>\n<dl class=\"compact\">\n<dt>Order<\/dt>\n<dd>Nostocales<\/dd>\n<dt>Family<\/dt>\n<dd>Nostocaceae<\/dd>\n<dt>Genus<\/dt>\n<dd><em>Anabaena<\/em><\/dd>\n<\/dl>\n<h2>Examples of <em>Anabaena<\/em><\/h2>\n<div class=\"prpl-row\"><div class=\"prpl-column one-half\">\n<figure class=\"responsive-image-holder wp-caption alignnone\"><a href=\"\/water-science\/wp-content\/uploads\/sites\/73\/2021\/05\/anabaena-1.jpg\"><img decoding=\"async\" class=\"mlt-responsive-image\" data-original-image=\"\/water-science\/wp-content\/uploads\/sites\/73\/2021\/05\/anabaena-1.jpg\" src=\"\/responsive-media\/cache\/water-science\/wp-content\/uploads\/sites\/73\/2021\/05\/anabaena-1.jpg.0.1x.generic.jpg\" alt=\"anabaena (image 1)\"\/><\/a><\/figure>\n<p>400X total magnification; 10 \u03bcm scale bar.<\/p><\/div>\n<div class=\"prpl-column one-half\">\n<figure class=\"responsive-image-holder wp-caption alignnone\"><a href=\"\/water-science\/wp-content\/uploads\/sites\/73\/2021\/05\/anabaena-2.jpg\"><img decoding=\"async\" class=\"mlt-responsive-image\" data-original-image=\"\/water-science\/wp-content\/uploads\/sites\/73\/2021\/05\/anabaena-2.jpg\" src=\"\/responsive-media\/cache\/water-science\/wp-content\/uploads\/sites\/73\/2021\/05\/anabaena-2.jpg.0.1x.generic.jpg\" alt=\"anabaena (image 2)\"\/><\/a><\/figure>\n<p>400X total magnification; 10 \u03bcm scale bar.<\/p><\/div><\/p><\/div>\n<h2>Morphology<\/h2>\n<p>Filaments solitary or joined into clusters, amorphous mats, or in the tissues of aquatic plants; usually entangled and irregularly situated, but sometimes roughly parallel. Sheaths are diffuse, colorless mucilaginous envelopes; never firm. Trichomes usually flexuous to irregularly coiled, sometimes more or less straight; isopolar; sometimes narrowing slightly towards the ends; constricted at the crosswalls; uniseriate. Cells spherical, cylindrical, or barrel-shaped; sometimes with granular content;<strong> always without aerotopes<\/strong>; pale to bright blue-green to yellow-green.<\/p>\n<p>Trichomes metameric. Heterocytes solitary, intercalary; spherical, oval, or cylindrical in shape; rarely more than 9 per filament. Akinetes develop paraheterocytically, directly adjacent to heterocytes on either side or distant from heterocytes; usually cylindrical or oval, but rarely spherical; intercalary; solitary or in rows of up to 5; epispore smooth or textured, colorless or yellowish-brown.<\/p>\n<h2>Ecology<\/h2>\n<p>Mostly benthic; mat-forming in littoral zone, or on sediments or aquatic plants; in freshwater pools, ponds, or saline lakes.<\/p>\n<p><strong>Note that planktic species with aerotopes, though once classified as <em>Anabaena<\/em>, have been reclassified<\/strong>; many belong to the genus <em>Dolichospermum<\/em> (some have been further reclassified; the genus <em>Sphaerospermopsis<\/em> was separated from <em>Dolichospermum<\/em>).<\/p>\n<h2>References<\/h2>\n<ul>\n<li>Johansen, J. R., &amp; Kom\u00e1rek, J. (2015). Filamentous Cyanobacteria. In J. D. Wehr, R. G. Sheath, &amp; J. P. Kociolek (Eds.), <em>Freshwater Algae of North America: Ecology and Classification<\/em> (2nd ed., pp. 183-218). Waltham, MA: Elsevier.<\/li>\n<li>Kom\u00e1rek, J. (2013). Cyanoprokaryota-3. Teil\/Part 3: Heterocytous Genera (J. R. Johansen, Ed.). In B. B\u00fcdel, G. G\u00e4rtner, L. Krienitz, &amp; M. Schagerl (Eds.), <em>S\u00fc\u00dfwasserflora von Mitteleuropa<\/em> (Vol. 19\/3, pp. 790-792). Heidelberg, Germany: Springer Spektrum.<\/li>\n<\/ul>\n","protected":false},"excerpt":{"rendered":"<p>Taxonomy Order Nostocales Family Nostocaceae Genus Anabaena Examples of Anabaena Morphology Filaments solitary or joined into clusters, amorphous mats, or in the tissues of aquatic plants; usually entangled and irregularly situated, but sometimes roughly parallel. Sheaths are diffuse, colorless mucilaginous envelopes; never firm. Trichomes usually flexuous to irregularly coiled, sometimes more or less straight; isopolar; [&hellip;]<\/p>\n","protected":false},"author":34,"featured_media":611,"parent":827,"menu_order":9,"comment_status":"closed","ping_status":"closed","template":"","meta":{"inline_featured_image":false,"footnotes":""},"class_list":["post-863","page","type-page","status-publish","has-post-thumbnail","hentry"],"_links":{"self":[{"href":"https:\/\/www.montclair.edu\/water-science\/wp-json\/wp\/v2\/pages\/863","targetHints":{"allow":["GET"]}}],"collection":[{"href":"https:\/\/www.montclair.edu\/water-science\/wp-json\/wp\/v2\/pages"}],"about":[{"href":"https:\/\/www.montclair.edu\/water-science\/wp-json\/wp\/v2\/types\/page"}],"author":[{"embeddable":true,"href":"https:\/\/www.montclair.edu\/water-science\/wp-json\/wp\/v2\/users\/34"}],"replies":[{"embeddable":true,"href":"https:\/\/www.montclair.edu\/water-science\/wp-json\/wp\/v2\/comments?post=863"}],"version-history":[{"count":5,"href":"https:\/\/www.montclair.edu\/water-science\/wp-json\/wp\/v2\/pages\/863\/revisions"}],"predecessor-version":[{"id":1014,"href":"https:\/\/www.montclair.edu\/water-science\/wp-json\/wp\/v2\/pages\/863\/revisions\/1014"}],"up":[{"embeddable":true,"href":"https:\/\/www.montclair.edu\/water-science\/wp-json\/wp\/v2\/pages\/827"}],"wp:featuredmedia":[{"embeddable":true,"href":"https:\/\/www.montclair.edu\/water-science\/wp-json\/wp\/v2\/media\/611"}],"wp:attachment":[{"href":"https:\/\/www.montclair.edu\/water-science\/wp-json\/wp\/v2\/media?parent=863"}],"curies":[{"name":"wp","href":"https:\/\/api.w.org\/{rel}","templated":true}]}}