{"id":865,"date":"2021-05-21T13:12:10","date_gmt":"2021-05-21T17:12:10","guid":{"rendered":"http:\/\/www.montclair.edu\/water-science\/?page_id=865"},"modified":"2023-11-28T12:49:59","modified_gmt":"2023-11-28T17:49:59","slug":"aphanizomenon","status":"publish","type":"page","link":"https:\/\/www.montclair.edu\/water-science\/freshwater-cyanobacteria-of-new-jersey\/visual-guide-to-cyanobacteria-in-new-jersey\/filamentous\/heterocyte-forming\/aphanizomenon\/","title":{"rendered":"Aphanizomenon"},"content":{"rendered":"<h2>Taxonomy<\/h2>\n<dl class=\"compact\">\n<dt>Order<\/dt>\n<dd>Nostocales<\/dd>\n<dt>Family<\/dt>\n<dd>Aphanizomenonaceae<\/dd>\n<dt>Genus<\/dt>\n<dd><em>Aphanizomenon<\/em><\/dd>\n<\/dl>\n<h2>Examples of <em>Aphanizomenon<\/em><\/h2>\n<div class=\"prpl-row\"><div class=\"prpl-column one-half\">\n<figure class=\"responsive-image-holder wp-caption alignnone\"><a href=\"\/water-science\/wp-content\/uploads\/sites\/73\/2021\/05\/aphanizomenon-3.jpg\"><img decoding=\"async\" class=\"mlt-responsive-image\" data-original-image=\"\/water-science\/wp-content\/uploads\/sites\/73\/2021\/05\/aphanizomenon-3.jpg\" src=\"\/responsive-media\/cache\/water-science\/wp-content\/uploads\/sites\/73\/2021\/05\/aphanizomenon-3.jpg.0.1x.generic.jpg\" alt=\"aphanizomenon (image 3)\"\/><\/a><\/figure>\n<p>400X total magnification; 10 \u03bcm scale bar.<\/p><\/div><div class=\"prpl-column one-half\">\n<figure class=\"responsive-image-holder wp-caption alignnone\"><a href=\"\/water-science\/wp-content\/uploads\/sites\/73\/2021\/05\/aphanizomenon-2.jpg\"><img decoding=\"async\" class=\"mlt-responsive-image\" data-original-image=\"\/water-science\/wp-content\/uploads\/sites\/73\/2021\/05\/aphanizomenon-2.jpg\" src=\"\/responsive-media\/cache\/water-science\/wp-content\/uploads\/sites\/73\/2021\/05\/aphanizomenon-2.jpg.0.1x.generic.jpg\" alt=\"aphanizomenon (image 2)\"\/><\/a><\/figure>\n<p>400X total magnification; 10 \u03bcm scale bar.<\/p><\/div><div class=\"prpl-column one-half\">\n<figure class=\"responsive-image-holder wp-caption alignnone\"><a href=\"\/water-science\/wp-content\/uploads\/sites\/73\/2021\/05\/aphanizomenon-1.jpg\"><img decoding=\"async\" class=\"mlt-responsive-image\" data-original-image=\"\/water-science\/wp-content\/uploads\/sites\/73\/2021\/05\/aphanizomenon-1.jpg\" src=\"\/responsive-media\/cache\/water-science\/wp-content\/uploads\/sites\/73\/2021\/05\/aphanizomenon-1.jpg.0.1x.generic.jpg\" alt=\"aphanizomenon (image 1)\"\/><\/a><\/figure>\n<p>400X total magnification; 20 \u03bcm scale bar.<\/p><\/div><\/p><\/div>\n<h2>Morphology<\/h2>\n<p>Trichomes are often gathered into fasciculated colonies of roughly parallelly arranged trichomes (first two images to the right); these bundles may be macroscopic and look like flakes, or like &#8220;grass clippings&#8221; floating on the surface of waterbodies; trichomes are also sometimes solitary. Trichomes isopolar; straight to slightly curved; unconstricted to slightly constricted at crosswalls, rarely deeply constricted; may or may not be slightly narrowed towards the ends. Without firm sheaths; sometimes with fine, diffuse mucilaginous envelopes. Cells cylindrical or sometimes long barrel-shaped; with aerotopes; pale blue-green. End cells typically elongated and hyaline (clear); terminal cells flattened to rounded.<\/p>\n<p>Heterocytes intercalary and solitary; usually cylindrical, rarely oval, as wide as vegetative cells; rarely with more than 3 heterocytes per trichome (usually with just 1). Akinetes usually cylindrical (roughly oval in a couple species); intercalary; solitary or in rows of 2-3; developing paraheterocytically; close to or distant from heterocytes.<\/p>\n<p>Compare to <em>Cuspidothrix<\/em>, which was separated from <em>Aphanizomenon<\/em>; trichomes of <em>Cuspidothrix<\/em> are distinctly narrowed and pointed at the ends.<\/p>\n<h2>Ecology<\/h2>\n<p>Planktic; common bloom-former in temperate regions.<\/p>\n<h2>References<\/h2>\n<ul>\n<li>Johansen, J. R., &amp; Kom\u00e1rek, J. (2015). Filamentous Cyanobacteria. In J. D. Wehr, R. G. Sheath, &amp; J. P. Kociolek (Eds.), <em>Freshwater Algae of North America: Ecology and Classification<\/em> (2nd ed., pp. 183-212). Waltham, MA: Elsevier.<\/li>\n<li>Kom\u00e1rek, J. (2013). Cyanoprokaryota-3. Teil\/Part 3: Heterocytous Genera (J. R. Johansen, Ed.). In B. B\u00fcdel, G. G\u00e4rtner, L. Krienitz, &amp; M. Schagerl (Eds.), <em>S\u00fc\u00dfwasserflora von Mitteleuropa<\/em> (Vol. 19\/3, pp. 664-686). Heidelberg, Germany: Springer Spektrum.<\/li>\n<\/ul>\n","protected":false},"excerpt":{"rendered":"<p>Taxonomy Order Nostocales Family Aphanizomenonaceae Genus Aphanizomenon Examples of Aphanizomenon Morphology Trichomes are often gathered into fasciculated colonies of roughly parallelly arranged trichomes (first two images to the right); these bundles may be macroscopic and look like flakes, or like &#8220;grass clippings&#8221; floating on the surface of waterbodies; trichomes are also sometimes solitary. Trichomes isopolar; [&hellip;]<\/p>\n","protected":false},"author":34,"featured_media":611,"parent":827,"menu_order":8,"comment_status":"closed","ping_status":"closed","template":"","meta":{"inline_featured_image":false,"footnotes":""},"class_list":["post-865","page","type-page","status-publish","has-post-thumbnail","hentry"],"_links":{"self":[{"href":"https:\/\/www.montclair.edu\/water-science\/wp-json\/wp\/v2\/pages\/865","targetHints":{"allow":["GET"]}}],"collection":[{"href":"https:\/\/www.montclair.edu\/water-science\/wp-json\/wp\/v2\/pages"}],"about":[{"href":"https:\/\/www.montclair.edu\/water-science\/wp-json\/wp\/v2\/types\/page"}],"author":[{"embeddable":true,"href":"https:\/\/www.montclair.edu\/water-science\/wp-json\/wp\/v2\/users\/34"}],"replies":[{"embeddable":true,"href":"https:\/\/www.montclair.edu\/water-science\/wp-json\/wp\/v2\/comments?post=865"}],"version-history":[{"count":7,"href":"https:\/\/www.montclair.edu\/water-science\/wp-json\/wp\/v2\/pages\/865\/revisions"}],"predecessor-version":[{"id":1228,"href":"https:\/\/www.montclair.edu\/water-science\/wp-json\/wp\/v2\/pages\/865\/revisions\/1228"}],"up":[{"embeddable":true,"href":"https:\/\/www.montclair.edu\/water-science\/wp-json\/wp\/v2\/pages\/827"}],"wp:featuredmedia":[{"embeddable":true,"href":"https:\/\/www.montclair.edu\/water-science\/wp-json\/wp\/v2\/media\/611"}],"wp:attachment":[{"href":"https:\/\/www.montclair.edu\/water-science\/wp-json\/wp\/v2\/media?parent=865"}],"curies":[{"name":"wp","href":"https:\/\/api.w.org\/{rel}","templated":true}]}}