{"id":871,"date":"2021-05-21T13:20:41","date_gmt":"2021-05-21T17:20:41","guid":{"rendered":"http:\/\/www.montclair.edu\/water-science\/?page_id=871"},"modified":"2021-06-09T17:00:35","modified_gmt":"2021-06-09T21:00:35","slug":"hapalosiphon","status":"publish","type":"page","link":"https:\/\/www.montclair.edu\/water-science\/freshwater-cyanobacteria-of-new-jersey\/visual-guide-to-cyanobacteria-in-new-jersey\/filamentous\/heterocyte-forming\/hapalosiphon\/","title":{"rendered":"Hapalosiphon"},"content":{"rendered":"<h2>Taxonomy<\/h2>\n<dl class=\"compact\">\n<dt>Order<\/dt>\n<dd>Nostocales<\/dd>\n<dt>Family<\/dt>\n<dd>Hapalosiphonaceae<\/dd>\n<dt>Genus<\/dt>\n<dd><em>Hapalosiphon<\/em><\/dd>\n<\/dl>\n<h2>Examples of <em>Hapalosiphon<\/em><\/h2>\n<div class=\"prpl-row\"><br \/>\n<div class=\"prpl-column one-half\">\n<figure class=\"responsive-image-holder wp-caption alignnone\"><a href=\"\/water-science\/wp-content\/uploads\/sites\/73\/2021\/05\/hapalosiphon-1.jpg\"><img decoding=\"async\" class=\"mlt-responsive-image\" data-original-image=\"\/water-science\/wp-content\/uploads\/sites\/73\/2021\/05\/hapalosiphon-1.jpg\" src=\"\/responsive-media\/cache\/water-science\/wp-content\/uploads\/sites\/73\/2021\/05\/hapalosiphon-1.jpg.0.1x.generic.jpg\" alt=\"hapalosiphon (image 1)\"\/><\/a><\/figure>\n<p>400X total magnification; 10 \u03bcm scale bar.<\/p><\/div><div class=\"prpl-column one-half\">\n<figure class=\"responsive-image-holder wp-caption alignnone\"><a href=\"\/water-science\/wp-content\/uploads\/sites\/73\/2021\/05\/hapalosiphon-2.jpg\"><img decoding=\"async\" class=\"mlt-responsive-image\" data-original-image=\"\/water-science\/wp-content\/uploads\/sites\/73\/2021\/05\/hapalosiphon-2.jpg\" src=\"\/responsive-media\/cache\/water-science\/wp-content\/uploads\/sites\/73\/2021\/05\/hapalosiphon-2.jpg.0.1x.generic.jpg\" alt=\"hapalosiphon (image 2)\"\/><\/a><\/figure>\n<p>400X total magnification; 10 \u03bcm scale bar.<\/p><\/div><div class=\"prpl-column one-half\">\n<figure class=\"responsive-image-holder wp-caption alignnone\"><a href=\"\/water-science\/wp-content\/uploads\/sites\/73\/2021\/05\/hapalosiphon-3.jpg\"><img decoding=\"async\" class=\"mlt-responsive-image\" data-original-image=\"\/water-science\/wp-content\/uploads\/sites\/73\/2021\/05\/hapalosiphon-3.jpg\" src=\"\/responsive-media\/cache\/water-science\/wp-content\/uploads\/sites\/73\/2021\/05\/hapalosiphon-3.jpg.0.1x.generic.jpg\" alt=\"hapalosiphon (image 3)\"\/><\/a><\/figure>\n<p>400X total magnification; 10 \u03bcm scale bar.<\/p><\/div><div class=\"prpl-column one-half\">\n<figure class=\"responsive-image-holder wp-caption alignnone\"><a href=\"\/water-science\/wp-content\/uploads\/sites\/73\/2021\/05\/hapalosiphon-4.jpg\"><img decoding=\"async\" class=\"mlt-responsive-image\" data-original-image=\"\/water-science\/wp-content\/uploads\/sites\/73\/2021\/05\/hapalosiphon-4.jpg\" src=\"\/responsive-media\/cache\/water-science\/wp-content\/uploads\/sites\/73\/2021\/05\/hapalosiphon-4.jpg.0.1x.generic.jpg\" alt=\"hapalosiphon (image 4)\"\/><\/a><\/figure>\n<p>400X total magnification; 10 \u03bcm scale bar.<\/p><\/div><br \/>\n<\/p><\/div>\n<h2>Morphology<\/h2>\n<p>Thallus thin, composed of clusters of entangled filaments; initially attached to substrate, later free-floating in metaphyton. Filaments flexuous. Thin, firm, sheaths; close or somewhat widened; sometimes indistinctly lamellated. True-branching, with branches sometimes only unilateral; branches erect from prostrate primary filament; rarely with false, scytonema-type, branching as well; branching irregular; branches usually diverge at a right angle to the main axis (forming a &#8220;T&#8221; shape). Branches and main trichome are not morphologically differentiated; branches as wide as the main filament, or sometimes just slightly narrower. Trichomes are uniseriate (only with 2 cells next to one another before branching, in old filaments); main axis of trichomes cylindrical, or somewhat moniliform (bead-like; composed of more spherically-shaped cells) in older parts; branches cylindrical. Barrel-shaped to cylindrical cells; roughly cylindrical, rounded terminal cells.<\/p>\n<p>Heterocytes intercalary, only rarely lateral; usually solitary; cylindrical, quadrate or rounded-rectangular; slightly shorter than wide to isodiametric to several times longer than wide. Akinetes little known. Hormogonia usually separate from the ends of branches, and often contain aerotopes; sometimes gathered in fascicles, resembling the fasciculated colonies of <em>Aphanizomenon<\/em> (Hind\u00e1k 2012).<\/p>\n<h2>Ecology<\/h2>\n<p>Mostly metaphytic in tropical and temperate regions; in stagnant waters, swamps, littoral zone of lakes and ponds; usually with aquatic plants. Some species occur in moors and peat bogs. In the United States, one species reported in thermal waters; two subaerial species reported.<\/p>\n<h2>References<\/h2>\n<ul>\n<li>Hind\u00e1k, Franti\u0161ek. (2012). Hormogonia in two nostocalean cyanophytes (cyanobacteria) from the genera Hapalosiphon and Fischerella. Biologia. 67(6): 1075-1079. https:\/\/doi.org\/10.2478\/s11756-012-0100-3<\/li>\n<li>Johansen, J. R., &amp; Kom\u00e1rek, J. (2015). Filamentous Cyanobacteria. In J. D. Wehr, R. G. Sheath, &amp; J. P. Kociolek (Eds.), <em>Freshwater Algae of North America: Ecology and Classification<\/em> (2nd ed., pp. 183-201). Waltham, MA: Elsevier.<\/li>\n<li>Kom\u00e1rek, J. (2013). Cyanoprokaryota-3. Teil\/Part 3: Heterocytous Genera (J. R. Johansen, Ed.). In B. B\u00fcdel, G. G\u00e4rtner, L. Krienitz, &amp; M. Schagerl (Eds.), <em>S\u00fc\u00dfwasserflora von Mitteleuropa<\/em> (Vol. 19\/3, pp. 511-529). Heidelberg, Germany: Springer Spektrum.<\/li>\n<\/ul>\n","protected":false},"excerpt":{"rendered":"<p>Taxonomy Order Nostocales Family Hapalosiphonaceae Genus Hapalosiphon Examples of Hapalosiphon Morphology Thallus thin, composed of clusters of entangled filaments; initially attached to substrate, later free-floating in metaphyton. Filaments flexuous. Thin, firm, sheaths; close or somewhat widened; sometimes indistinctly lamellated. True-branching, with branches sometimes only unilateral; branches erect from prostrate primary filament; rarely with false, scytonema-type, [&hellip;]<\/p>\n","protected":false},"author":34,"featured_media":611,"parent":827,"menu_order":5,"comment_status":"closed","ping_status":"closed","template":"","meta":{"inline_featured_image":false,"footnotes":""},"class_list":["post-871","page","type-page","status-publish","has-post-thumbnail","hentry"],"_links":{"self":[{"href":"https:\/\/www.montclair.edu\/water-science\/wp-json\/wp\/v2\/pages\/871","targetHints":{"allow":["GET"]}}],"collection":[{"href":"https:\/\/www.montclair.edu\/water-science\/wp-json\/wp\/v2\/pages"}],"about":[{"href":"https:\/\/www.montclair.edu\/water-science\/wp-json\/wp\/v2\/types\/page"}],"author":[{"embeddable":true,"href":"https:\/\/www.montclair.edu\/water-science\/wp-json\/wp\/v2\/users\/34"}],"replies":[{"embeddable":true,"href":"https:\/\/www.montclair.edu\/water-science\/wp-json\/wp\/v2\/comments?post=871"}],"version-history":[{"count":5,"href":"https:\/\/www.montclair.edu\/water-science\/wp-json\/wp\/v2\/pages\/871\/revisions"}],"predecessor-version":[{"id":1042,"href":"https:\/\/www.montclair.edu\/water-science\/wp-json\/wp\/v2\/pages\/871\/revisions\/1042"}],"up":[{"embeddable":true,"href":"https:\/\/www.montclair.edu\/water-science\/wp-json\/wp\/v2\/pages\/827"}],"wp:featuredmedia":[{"embeddable":true,"href":"https:\/\/www.montclair.edu\/water-science\/wp-json\/wp\/v2\/media\/611"}],"wp:attachment":[{"href":"https:\/\/www.montclair.edu\/water-science\/wp-json\/wp\/v2\/media?parent=871"}],"curies":[{"name":"wp","href":"https:\/\/api.w.org\/{rel}","templated":true}]}}