{"id":882,"date":"2021-05-21T13:33:54","date_gmt":"2021-05-21T17:33:54","guid":{"rendered":"http:\/\/www.montclair.edu\/water-science\/?page_id=882"},"modified":"2021-06-09T16:59:58","modified_gmt":"2021-06-09T20:59:58","slug":"jaaginema","status":"publish","type":"page","link":"https:\/\/www.montclair.edu\/water-science\/freshwater-cyanobacteria-of-new-jersey\/visual-guide-to-cyanobacteria-in-new-jersey\/filamentous\/non-heterocyte-forming\/jaaginema\/","title":{"rendered":"Jaaginema"},"content":{"rendered":"<h2>Taxonomy<\/h2>\n<dl class=\"compact\">\n<dt>Order<\/dt>\n<dd>Synechococcales<\/dd>\n<dt>Family<\/dt>\n<dd>Pseudanabaenaceae<\/dd>\n<dt>Genus<\/dt>\n<dd><em>Jaaginema<\/em><\/dd>\n<\/dl>\n<h2>Examples of <em>Jaaginema<\/em><\/h2>\n<div class=\"prpl-row\"><br \/>\n<div class=\"prpl-column one-half\">\n<figure class=\"responsive-image-holder wp-caption alignnone\"><a href=\"\/water-science\/wp-content\/uploads\/sites\/73\/2021\/05\/jaaginema-1.jpg\"><img decoding=\"async\" class=\"mlt-responsive-image\" data-original-image=\"\/water-science\/wp-content\/uploads\/sites\/73\/2021\/05\/jaaginema-1.jpg\" src=\"\/responsive-media\/cache\/water-science\/wp-content\/uploads\/sites\/73\/2021\/05\/jaaginema-1.jpg.0.1x.generic.jpg\" alt=\"jaaginema (image 1)\"\/><\/a><\/figure>\n<p>400X total magnification; 10 \u03bcm scale bar.<\/p><\/div><div class=\"prpl-column one-half\">\n<figure class=\"responsive-image-holder wp-caption alignnone\"><a href=\"\/water-science\/wp-content\/uploads\/sites\/73\/2021\/05\/jaaginema-2.jpg\"><img decoding=\"async\" class=\"mlt-responsive-image\" data-original-image=\"\/water-science\/wp-content\/uploads\/sites\/73\/2021\/05\/jaaginema-2.jpg\" src=\"\/responsive-media\/cache\/water-science\/wp-content\/uploads\/sites\/73\/2021\/05\/jaaginema-2.jpg.0.1x.generic.jpg\" alt=\"jaaginema (image 2)\"\/><\/a><\/figure>\n<p>400X total magnification; 10 \u03bcm scale bar.<\/p><\/div><div class=\"prpl-column one-half\">\n<figure class=\"responsive-image-holder wp-caption alignnone\"><a href=\"\/water-science\/wp-content\/uploads\/sites\/73\/2021\/05\/jaaginema-3.jpg\"><img decoding=\"async\" class=\"mlt-responsive-image\" data-original-image=\"\/water-science\/wp-content\/uploads\/sites\/73\/2021\/05\/jaaginema-3.jpg\" src=\"\/responsive-media\/cache\/water-science\/wp-content\/uploads\/sites\/73\/2021\/05\/jaaginema-3.jpg.0.1x.generic.jpg\" alt=\"jaaginema (image 3)\"\/><\/a><\/figure>\n<p>400X total magnification; phase contrast.<\/p><\/div><br \/>\n<\/p><\/div>\n<h2>Morphology<\/h2>\n<p>Trichomes solitary, in tangled clusters, or forming a thin, membrane-like thallus; never motile. Trichomes up to 3 \u03bcm wide; usually flexuous; typically unconstricted at crosswalls; sometimes slightly narrowed at the ends; not capitate (not abruptly wider and rounded at the end, as if with a cap on the end); without sheaths, or very rarely with a fine layer of mucilage around trichomes. Cells cylindrical; usually longer than wide (up to 10x longer), only rarely almost isodiametric. Apical cells typically rounded, occasionally conical; without a calyptra; very rarely with a slightly thickened outer cell wall. Cell content homogeneous and without aerotopes; sometimes with a solitary granule on either side of cell crosswalls (clearly visible in the third image to the right: seen in phase contrast, these granules look like white dots, in pairs along the length of the trichome).<\/p>\n<h2>Ecology<\/h2>\n<p>Mostly benthic; on sediments or aquatic plants; or in metaphyton. In North America, reported from lakes, rivers, and springs (thermal and mineral).<\/p>\n<p>Not a very well-studied genus.<\/p>\n<h2>References<\/h2>\n<ul>\n<li>Johansen, J. R., &amp; Kom\u00e1rek, J. (2015). Filamentous Cyanobacteria. In J. D. Wehr, R. G. Sheath, &amp; J. P. Kociolek (Eds.), <em>Freshwater Algae of North America: Ecology and Classification<\/em> (2nd ed., pp. 146-148). Waltham, MA: Elsevier.<\/li>\n<li>\u00a0Kom\u00e1rek, J. &amp; Anagnostidis, K. (2008). Cyanoprokaryota-2. Teil\/Part 2: Oscillatoriales. In B. B\u00fcdel, G. G\u00e4rtner, L. Krienitz, &amp; M. Schagerl (Eds.), <em>S\u00fc\u00dfwasserflora von Mitteleuropa<\/em> (Vol. 19\/2, pp. 108-117). Heidelberg, Germany: Spektrum.<\/li>\n<\/ul>\n","protected":false},"excerpt":{"rendered":"<p>Taxonomy Order Synechococcales Family Pseudanabaenaceae Genus Jaaginema Examples of Jaaginema Morphology Trichomes solitary, in tangled clusters, or forming a thin, membrane-like thallus; never motile. Trichomes up to 3 \u03bcm wide; usually flexuous; typically unconstricted at crosswalls; sometimes slightly narrowed at the ends; not capitate (not abruptly wider and rounded at the end, as if with [&hellip;]<\/p>\n","protected":false},"author":34,"featured_media":611,"parent":829,"menu_order":8,"comment_status":"closed","ping_status":"closed","template":"","meta":{"inline_featured_image":false,"footnotes":""},"class_list":["post-882","page","type-page","status-publish","has-post-thumbnail","hentry"],"_links":{"self":[{"href":"https:\/\/www.montclair.edu\/water-science\/wp-json\/wp\/v2\/pages\/882","targetHints":{"allow":["GET"]}}],"collection":[{"href":"https:\/\/www.montclair.edu\/water-science\/wp-json\/wp\/v2\/pages"}],"about":[{"href":"https:\/\/www.montclair.edu\/water-science\/wp-json\/wp\/v2\/types\/page"}],"author":[{"embeddable":true,"href":"https:\/\/www.montclair.edu\/water-science\/wp-json\/wp\/v2\/users\/34"}],"replies":[{"embeddable":true,"href":"https:\/\/www.montclair.edu\/water-science\/wp-json\/wp\/v2\/comments?post=882"}],"version-history":[{"count":6,"href":"https:\/\/www.montclair.edu\/water-science\/wp-json\/wp\/v2\/pages\/882\/revisions"}],"predecessor-version":[{"id":1041,"href":"https:\/\/www.montclair.edu\/water-science\/wp-json\/wp\/v2\/pages\/882\/revisions\/1041"}],"up":[{"embeddable":true,"href":"https:\/\/www.montclair.edu\/water-science\/wp-json\/wp\/v2\/pages\/829"}],"wp:featuredmedia":[{"embeddable":true,"href":"https:\/\/www.montclair.edu\/water-science\/wp-json\/wp\/v2\/media\/611"}],"wp:attachment":[{"href":"https:\/\/www.montclair.edu\/water-science\/wp-json\/wp\/v2\/media?parent=882"}],"curies":[{"name":"wp","href":"https:\/\/api.w.org\/{rel}","templated":true}]}}