{"id":884,"date":"2021-05-21T13:36:34","date_gmt":"2021-05-21T17:36:34","guid":{"rendered":"http:\/\/www.montclair.edu\/water-science\/?page_id=884"},"modified":"2021-06-09T16:53:49","modified_gmt":"2021-06-09T20:53:49","slug":"leptolyngbya","status":"publish","type":"page","link":"https:\/\/www.montclair.edu\/water-science\/freshwater-cyanobacteria-of-new-jersey\/visual-guide-to-cyanobacteria-in-new-jersey\/filamentous\/non-heterocyte-forming\/leptolyngbya\/","title":{"rendered":"Leptolyngbya"},"content":{"rendered":"<h2>Taxonomy<\/h2>\n<dl class=\"compact\">\n<dt>Order<\/dt>\n<dd>Synechococcales<\/dd>\n<dt>Family<\/dt>\n<dd>Leptolyngbyaceae<\/dd>\n<dt>Genus<\/dt>\n<dd><em>Leptolyngbya<\/em><\/dd>\n<\/dl>\n<h2>Examples of <em>Leptolyngbya<\/em><\/h2>\n<div class=\"prpl-row\"><br \/>\n<div class=\"prpl-column one-half\">\n<figure class=\"responsive-image-holder wp-caption alignnone\"><a href=\"\/water-science\/wp-content\/uploads\/sites\/73\/2021\/05\/leptolyngbya-1.jpg\"><img decoding=\"async\" class=\"mlt-responsive-image\" data-original-image=\"\/water-science\/wp-content\/uploads\/sites\/73\/2021\/05\/leptolyngbya-1.jpg\" src=\"\/responsive-media\/cache\/water-science\/wp-content\/uploads\/sites\/73\/2021\/05\/leptolyngbya-1.jpg.0.1x.generic.jpg\" alt=\"leptolyngbya (image 1)\"\/><\/a><\/figure>\n<p>400X total magnification; 25 \u03bcm scale bar.<\/p><\/div><div class=\"prpl-column one-half\">\n<figure class=\"responsive-image-holder wp-caption alignnone\"><a href=\"\/water-science\/wp-content\/uploads\/sites\/73\/2021\/05\/leptolyngbya-3.jpg\"><img decoding=\"async\" class=\"mlt-responsive-image\" data-original-image=\"\/water-science\/wp-content\/uploads\/sites\/73\/2021\/05\/leptolyngbya-3.jpg\" src=\"\/responsive-media\/cache\/water-science\/wp-content\/uploads\/sites\/73\/2021\/05\/leptolyngbya-3.jpg.0.1x.generic.jpg\" alt=\"leptolyngbya (image 3)\"\/><\/a><\/figure>\n<p>400X total magnification; 10 \u03bcm scale bar.<\/p><\/div><div class=\"prpl-column one-half\">\n<figure class=\"responsive-image-holder wp-caption alignnone\"><a href=\"\/water-science\/wp-content\/uploads\/sites\/73\/2021\/05\/leptolyngbya-2.jpg\"><img decoding=\"async\" class=\"mlt-responsive-image\" data-original-image=\"\/water-science\/wp-content\/uploads\/sites\/73\/2021\/05\/leptolyngbya-2.jpg\" src=\"\/responsive-media\/cache\/water-science\/wp-content\/uploads\/sites\/73\/2021\/05\/leptolyngbya-2.jpg.0.1x.generic.jpg\" alt=\"leptolyngbya (image 2)\"\/><\/a><\/figure>\n<p>400X total magnification; 25 \u03bcm scale bar.<\/p><\/div><br \/>\n<\/p><\/div>\n<h2>Morphology<\/h2>\n<p>Filaments usually in loose flake-like clusters, either floating or attached to substrate; rarely solitary; rarely forming a compact thallus. Filaments typically long and flexuous or with fine waves; rarely almost straight; not attenuated at the ends; not capitate; only rarely with some occasional false branching. Sheaths are produced facultatively, and frequency of sheath production varies with species and environmental conditions; sheaths are firm, thin, and transparent. Trichomes 0.5-3.5 \u03bcm wide; constricted or unconstricted at crosswalls; not motile or with indistinct trembling (or motile hormogonia). Cells cylindrical; typically isodiametric or shorter than wide (or distinctly longer than wide, though such species may represent a distinct genus); cell content homogeneous; gas vesicles absent; apical cells mostly rounded or rounded-conical, sometimes slightly narrowed.<\/p>\n<p>This is a large and varied genus, containing distinct sub-groups (distinguished morphologically as well as phylogenetically and ecologically); (further) division into multiple genera is expected.<\/p>\n<h2>Ecology<\/h2>\n<p>Very common. Reported from a wide variety of habitat types, including freshwater and saltwater; soil, subaerophytic, and aquatic environments; mineral and thermal springs.<\/p>\n<h2>References<\/h2>\n<ul>\n<li>Johansen, J. R., &amp; Kom\u00e1rek, J. (2015). Filamentous Cyanobacteria. In J. D. Wehr, R. G. Sheath, &amp; J. P. Kociolek (Eds.), <em>Freshwater Algae of North America: Ecology and Classification<\/em> (2nd ed., pp. 146-153). Waltham, MA: Elsevier.<\/li>\n<li>Kom\u00e1rek, J. &amp; Anagnostidis, K. (2008). Cyanoprokaryota-2. Teil\/Part 2: Oscillatoriales. In B. B\u00fcdel, G. G\u00e4rtner, L. Krienitz, &amp; M. Schagerl (Eds.), <em>S\u00fc\u00dfwasserflora von Mitteleuropa<\/em> (Vol. 19\/2, pp. 174-182). Heidelberg, Germany: Spektrum.<\/li>\n<\/ul>\n","protected":false},"excerpt":{"rendered":"<p>Taxonomy Order Synechococcales Family Leptolyngbyaceae Genus Leptolyngbya Examples of Leptolyngbya Morphology Filaments usually in loose flake-like clusters, either floating or attached to substrate; rarely solitary; rarely forming a compact thallus. Filaments typically long and flexuous or with fine waves; rarely almost straight; not attenuated at the ends; not capitate; only rarely with some occasional false [&hellip;]<\/p>\n","protected":false},"author":34,"featured_media":611,"parent":829,"menu_order":7,"comment_status":"closed","ping_status":"closed","template":"","meta":{"inline_featured_image":false,"footnotes":""},"class_list":["post-884","page","type-page","status-publish","has-post-thumbnail","hentry"],"_links":{"self":[{"href":"https:\/\/www.montclair.edu\/water-science\/wp-json\/wp\/v2\/pages\/884","targetHints":{"allow":["GET"]}}],"collection":[{"href":"https:\/\/www.montclair.edu\/water-science\/wp-json\/wp\/v2\/pages"}],"about":[{"href":"https:\/\/www.montclair.edu\/water-science\/wp-json\/wp\/v2\/types\/page"}],"author":[{"embeddable":true,"href":"https:\/\/www.montclair.edu\/water-science\/wp-json\/wp\/v2\/users\/34"}],"replies":[{"embeddable":true,"href":"https:\/\/www.montclair.edu\/water-science\/wp-json\/wp\/v2\/comments?post=884"}],"version-history":[{"count":4,"href":"https:\/\/www.montclair.edu\/water-science\/wp-json\/wp\/v2\/pages\/884\/revisions"}],"predecessor-version":[{"id":1035,"href":"https:\/\/www.montclair.edu\/water-science\/wp-json\/wp\/v2\/pages\/884\/revisions\/1035"}],"up":[{"embeddable":true,"href":"https:\/\/www.montclair.edu\/water-science\/wp-json\/wp\/v2\/pages\/829"}],"wp:featuredmedia":[{"embeddable":true,"href":"https:\/\/www.montclair.edu\/water-science\/wp-json\/wp\/v2\/media\/611"}],"wp:attachment":[{"href":"https:\/\/www.montclair.edu\/water-science\/wp-json\/wp\/v2\/media?parent=884"}],"curies":[{"name":"wp","href":"https:\/\/api.w.org\/{rel}","templated":true}]}}