{"id":889,"date":"2021-05-21T13:41:17","date_gmt":"2021-05-21T17:41:17","guid":{"rendered":"http:\/\/www.montclair.edu\/water-science\/?page_id=889"},"modified":"2021-09-30T16:01:30","modified_gmt":"2021-09-30T20:01:30","slug":"oscillatoria","status":"publish","type":"page","link":"https:\/\/www.montclair.edu\/water-science\/freshwater-cyanobacteria-of-new-jersey\/visual-guide-to-cyanobacteria-in-new-jersey\/filamentous\/non-heterocyte-forming\/oscillatoria\/","title":{"rendered":"Oscillatoria"},"content":{"rendered":"<h2>Taxonomy<\/h2>\n<dl class=\"compact\">\n<dt>Order<\/dt>\n<dd>Oscillatoriales<\/dd>\n<dt>Family<\/dt>\n<dd>Oscillatoriaceae<\/dd>\n<dt>Genus<\/dt>\n<dd><em>Oscillatoria<\/em><\/dd>\n<\/dl>\n<h2>Examples of <em>Oscillatoria<\/em><\/h2>\n<div class=\"prpl-row\"><br \/>\n<div class=\"prpl-column one-half\">\n<figure class=\"responsive-image-holder wp-caption alignnone\"><img decoding=\"async\" class=\"mlt-responsive-image\" data-original-image=\"\/water-science\/wp-content\/uploads\/sites\/73\/2021\/05\/verona-park-oscillatoria-3.jpg\" src=\"\/responsive-media\/cache\/water-science\/wp-content\/uploads\/sites\/73\/2021\/05\/verona-park-oscillatoria-3.jpg.0.1x.generic.jpg\" alt=\"oscillatoria at 400x magnification\"\/><\/figure>\n<p>400X total magnification; 20 \u03bcm scale bar.<\/p><\/div><div class=\"prpl-column one-half\">\n<figure class=\"responsive-image-holder wp-caption alignnone\"><img decoding=\"async\" class=\"mlt-responsive-image\" data-original-image=\"\/water-science\/wp-content\/uploads\/sites\/73\/2021\/05\/verona-park-oscillatoria-2.jpg\" src=\"\/responsive-media\/cache\/water-science\/wp-content\/uploads\/sites\/73\/2021\/05\/verona-park-oscillatoria-2.jpg.0.1x.generic.jpg\" alt=\"Verona Park oscillatoria at 400x magnification\"\/><\/figure>\n<p>400X total magnification.<\/p><\/div><\/p><\/div><div class=\"prpl-row\"><div class=\"prpl-column one-half\">\n<figure class=\"responsive-image-holder wp-caption alignnone\"><img decoding=\"async\" class=\"mlt-responsive-image\" data-original-image=\"\/water-science\/wp-content\/uploads\/sites\/73\/2021\/05\/verona-park-oscillatoria-1.jpg\" src=\"\/responsive-media\/cache\/water-science\/wp-content\/uploads\/sites\/73\/2021\/05\/verona-park-oscillatoria-1.jpg.0.1x.generic.jpg\" alt=\"Verona Park oscillatoria at 400x magnification photo two\"\/><\/figure>\n<p>400X total magnification.<\/p><\/div><\/p><\/div>\n<h2>Morphology<\/h2>\n<p>Trichomes rarely solitary; usually in smooth macroscopic mats. Trichomes straight to slightly waved, sometimes slightly coiled near the ends; cylindrical and isopolar; mostly &gt;6.8 \u03bcm wide, and up to 70 \u03bcm wide; constricted or unconstricted at crosswalls. Trichomes typically without sheaths; sheaths only occasionally present in response to environmental stress. Trichomes are motile, with gliding or oscillating movement. Cells short, discoid (coin-like shape); cell length is always less then one-half the cell width, and cells are usually 3-11 times shorter than they are wide. Cell content homogeneous or with large granules; without aerotopes. Apical cells may be rounded, capitate, bluntly pointed, elongated, bent; with or without calyptra; with or without a thickened outer wall. Trichomes disintegrate into hormogonia, with formation of necridia.<\/p>\n<h2>Ecology<\/h2>\n<p>Mainly benthic, forming mats on various substrata in shallow waters, swamps, and marshes. Common species are found in lakes, ponds, pools, and slow-flowing rivers, growing among algae or on muddy and sandy subtrates.<\/p>\n<h2>References<\/h2>\n<ul>\n<li>Johansen, J. R., &amp; Kom\u00e1rek, J. (2015). Filamentous Cyanobacteria. In J. D. Wehr, R. G. Sheath, &amp; J. P. Kociolek (Eds.), <em>Freshwater Algae of North America: Ecology and Classification<\/em> (2nd ed., pp. 162-179). Waltham, MA: Elsevier.<\/li>\n<li>Kom\u00e1rek, J. &amp; Anagnostidis, K. (2008). Cyanoprokaryota-2. Teil\/Part 2: Oscillatoriales. In B. B\u00fcdel, G. G\u00e4rtner, L. Krienitz, &amp; M. Schagerl (Eds.), <em>S\u00fc\u00dfwasserflora von Mitteleuropa<\/em> (Vol. 19\/2, pp. 574-576). Heidelberg, Germany: Spektrum.<\/li>\n<\/ul>\n","protected":false},"excerpt":{"rendered":"<p>Taxonomy Order Oscillatoriales Family Oscillatoriaceae Genus Oscillatoria Examples of Oscillatoria Morphology Trichomes rarely solitary; usually in smooth macroscopic mats. Trichomes straight to slightly waved, sometimes slightly coiled near the ends; cylindrical and isopolar; mostly &gt;6.8 \u03bcm wide, and up to 70 \u03bcm wide; constricted or unconstricted at crosswalls. Trichomes typically without sheaths; sheaths only occasionally [&hellip;]<\/p>\n","protected":false},"author":34,"featured_media":611,"parent":829,"menu_order":5,"comment_status":"closed","ping_status":"closed","template":"","meta":{"inline_featured_image":false,"footnotes":""},"class_list":["post-889","page","type-page","status-publish","has-post-thumbnail","hentry"],"_links":{"self":[{"href":"https:\/\/www.montclair.edu\/water-science\/wp-json\/wp\/v2\/pages\/889","targetHints":{"allow":["GET"]}}],"collection":[{"href":"https:\/\/www.montclair.edu\/water-science\/wp-json\/wp\/v2\/pages"}],"about":[{"href":"https:\/\/www.montclair.edu\/water-science\/wp-json\/wp\/v2\/types\/page"}],"author":[{"embeddable":true,"href":"https:\/\/www.montclair.edu\/water-science\/wp-json\/wp\/v2\/users\/34"}],"replies":[{"embeddable":true,"href":"https:\/\/www.montclair.edu\/water-science\/wp-json\/wp\/v2\/comments?post=889"}],"version-history":[{"count":5,"href":"https:\/\/www.montclair.edu\/water-science\/wp-json\/wp\/v2\/pages\/889\/revisions"}],"predecessor-version":[{"id":1086,"href":"https:\/\/www.montclair.edu\/water-science\/wp-json\/wp\/v2\/pages\/889\/revisions\/1086"}],"up":[{"embeddable":true,"href":"https:\/\/www.montclair.edu\/water-science\/wp-json\/wp\/v2\/pages\/829"}],"wp:featuredmedia":[{"embeddable":true,"href":"https:\/\/www.montclair.edu\/water-science\/wp-json\/wp\/v2\/media\/611"}],"wp:attachment":[{"href":"https:\/\/www.montclair.edu\/water-science\/wp-json\/wp\/v2\/media?parent=889"}],"curies":[{"name":"wp","href":"https:\/\/api.w.org\/{rel}","templated":true}]}}