{"id":893,"date":"2021-05-21T13:46:44","date_gmt":"2021-05-21T17:46:44","guid":{"rendered":"http:\/\/www.montclair.edu\/water-science\/?page_id=893"},"modified":"2021-06-09T17:24:49","modified_gmt":"2021-06-09T21:24:49","slug":"planktolyngbya","status":"publish","type":"page","link":"https:\/\/www.montclair.edu\/water-science\/freshwater-cyanobacteria-of-new-jersey\/visual-guide-to-cyanobacteria-in-new-jersey\/filamentous\/non-heterocyte-forming\/planktolyngbya\/","title":{"rendered":"Planktolyngbya"},"content":{"rendered":"<h2>Taxonomy<\/h2>\n<dl class=\"compact\">\n<dt>Order<\/dt>\n<dd>Synechococcales<\/dd>\n<dt>Family<\/dt>\n<dd>Leptolyngbyaceae<\/dd>\n<dt>Genus<\/dt>\n<dd><em>Planktolyngbya<\/em><\/dd>\n<\/dl>\n<h2>Examples of <em>Planktolyngbya<\/em><\/h2>\n<div class=\"prpl-row\"><br \/>\n<div class=\"prpl-column one-half\">\n<figure class=\"responsive-image-holder wp-caption alignnone\"><a href=\"\/water-science\/wp-content\/uploads\/sites\/73\/2021\/05\/planktolyngbya-1.jpg\"><img decoding=\"async\" class=\"mlt-responsive-image\" data-original-image=\"\/water-science\/wp-content\/uploads\/sites\/73\/2021\/05\/planktolyngbya-1.jpg\" src=\"\/responsive-media\/cache\/water-science\/wp-content\/uploads\/sites\/73\/2021\/05\/planktolyngbya-1.jpg.0.1x.generic.jpg\" alt=\"planktolyngbya (image 1)\"\/><\/a><\/figure>\n<p>400X total magnification; 50 \u03bcm scale bar.<\/p><\/div><div class=\"prpl-column one-half\">\n<figure class=\"responsive-image-holder wp-caption alignnone\"><a href=\"\/water-science\/wp-content\/uploads\/sites\/73\/2021\/05\/planktolyngbya-2.jpg\"><img decoding=\"async\" class=\"mlt-responsive-image\" data-original-image=\"\/water-science\/wp-content\/uploads\/sites\/73\/2021\/05\/planktolyngbya-2.jpg\" src=\"\/responsive-media\/cache\/water-science\/wp-content\/uploads\/sites\/73\/2021\/05\/planktolyngbya-2.jpg.0.1x.generic.jpg\" alt=\"planktolyngbya (image 2)\"\/><\/a><\/figure>\n<p>400X total magnification; 20 \u03bcm scale bar.<\/p><\/div><\/p><\/div>\n<h2>Morphology<\/h2>\n<p>Solitary, free-floating filaments. Filaments are straight, curved, waved, or coiled (screw-like or irregularly); relatively narrow (cells up to 3-5 \u03bcm wide); only very rarely with false branching. Sheaths present; firm, thin, colorless; sheaths can often be seen extending beyond the ends of the trichome (as is the case in both images to the right). Trichomes isoplar, cylindrical, not narrowed at the ends; uniseriate; unconstricted to slightly constricted at crosswalls (which are often not distinctly visible); immotile. Cells cylindrical; typically longer than wide; rarely almost isodiametric; without aerotopes, or with one solitary polar (near one end of the cell) aerotope; apical cells rounded to bluntly pointed, not conical or capitate.<\/p>\n<h2>Ecology<\/h2>\n<p>Found in the plankton of reservoirs and lakes.<\/p>\n<h2>References<\/h2>\n<ul>\n<li>Johansen, J. R., &amp; Kom\u00e1rek, J. (2015). Filamentous Cyanobacteria. In J. D. Wehr, R. G. Sheath, &amp; J. P. Kociolek (Eds.), <em>Freshwater Algae of North America: Ecology and Classification<\/em> (2nd ed., pp. 146-155). Waltham, MA: Elsevier.<\/li>\n<li>Kom\u00e1rek, J. &amp; Anagnostidis, K. (2008). Cyanoprokaryota-2. Teil\/Part 2: Oscillatoriales. In B. B\u00fcdel, G. G\u00e4rtner, L. Krienitz, &amp; M. Schagerl (Eds.), <em>S\u00fc\u00dfwasserflora von Mitteleuropa<\/em> (Vol. 19\/2, pp. 156-157). Heidelberg, Germany: Spektrum.<\/li>\n<\/ul>\n","protected":false},"excerpt":{"rendered":"<p>Taxonomy Order Synechococcales Family Leptolyngbyaceae Genus Planktolyngbya Examples of Planktolyngbya Morphology Solitary, free-floating filaments. Filaments are straight, curved, waved, or coiled (screw-like or irregularly); relatively narrow (cells up to 3-5 \u03bcm wide); only very rarely with false branching. Sheaths present; firm, thin, colorless; sheaths can often be seen extending beyond the ends of the trichome [&hellip;]<\/p>\n","protected":false},"author":34,"featured_media":611,"parent":829,"menu_order":3,"comment_status":"closed","ping_status":"closed","template":"","meta":{"inline_featured_image":false,"footnotes":""},"class_list":["post-893","page","type-page","status-publish","has-post-thumbnail","hentry"],"_links":{"self":[{"href":"https:\/\/www.montclair.edu\/water-science\/wp-json\/wp\/v2\/pages\/893","targetHints":{"allow":["GET"]}}],"collection":[{"href":"https:\/\/www.montclair.edu\/water-science\/wp-json\/wp\/v2\/pages"}],"about":[{"href":"https:\/\/www.montclair.edu\/water-science\/wp-json\/wp\/v2\/types\/page"}],"author":[{"embeddable":true,"href":"https:\/\/www.montclair.edu\/water-science\/wp-json\/wp\/v2\/users\/34"}],"replies":[{"embeddable":true,"href":"https:\/\/www.montclair.edu\/water-science\/wp-json\/wp\/v2\/comments?post=893"}],"version-history":[{"count":4,"href":"https:\/\/www.montclair.edu\/water-science\/wp-json\/wp\/v2\/pages\/893\/revisions"}],"predecessor-version":[{"id":1055,"href":"https:\/\/www.montclair.edu\/water-science\/wp-json\/wp\/v2\/pages\/893\/revisions\/1055"}],"up":[{"embeddable":true,"href":"https:\/\/www.montclair.edu\/water-science\/wp-json\/wp\/v2\/pages\/829"}],"wp:featuredmedia":[{"embeddable":true,"href":"https:\/\/www.montclair.edu\/water-science\/wp-json\/wp\/v2\/media\/611"}],"wp:attachment":[{"href":"https:\/\/www.montclair.edu\/water-science\/wp-json\/wp\/v2\/media?parent=893"}],"curies":[{"name":"wp","href":"https:\/\/api.w.org\/{rel}","templated":true}]}}